{"id":1315,"date":"2023-06-01T16:15:43","date_gmt":"2023-06-01T13:15:43","guid":{"rendered":"https:\/\/slonny.vdisain.dev\/?page_id=1315"},"modified":"2024-03-16T19:08:40","modified_gmt":"2024-03-16T16:08:40","slug":"missioon-ja-saamislugu","status":"publish","type":"page","link":"https:\/\/slonny.com\/et\/missioon-ja-saamislugu\/","title":{"rendered":"Missioon ja saamislugu"},"content":{"rendered":"\t\t<div data-elementor-type=\"wp-page\" data-elementor-id=\"1315\" class=\"elementor elementor-1315\" data-elementor-post-type=\"page\">\n\t\t\t\t\t\t<section class=\"elementor-section elementor-top-section elementor-element elementor-element-14a4298c elementor-section-content-middle elementor-section-boxed elementor-section-height-default elementor-section-height-default\" data-id=\"14a4298c\" data-element_type=\"section\" data-e-type=\"section\">\n\t\t\t\t\t\t<div class=\"elementor-container elementor-column-gap-default\">\n\t\t\t\t\t<div class=\"elementor-column elementor-col-50 elementor-top-column elementor-element elementor-element-32c77199\" data-id=\"32c77199\" data-element_type=\"column\" data-e-type=\"column\">\n\t\t\t<div class=\"elementor-widget-wrap elementor-element-populated\">\n\t\t\t\t\t\t<div class=\"elementor-element elementor-element-37b0db26 elementor-widget elementor-widget-image\" data-id=\"37b0db26\" data-element_type=\"widget\" data-e-type=\"widget\" data-widget_type=\"image.default\">\n\t\t\t\t<div class=\"elementor-widget-container\">\n\t\t\t\t\t\t\t\t\t\t\t\t\t\t\t<img fetchpriority=\"high\" decoding=\"async\" width=\"1024\" height=\"683\" src=\"https:\/\/slonny.com\/wp-content\/uploads\/2024\/01\/20231004-MPH146358-1024x683.jpg\" class=\"attachment-large size-large wp-image-2582\" alt=\"\" srcset=\"https:\/\/slonny.com\/wp-content\/uploads\/2024\/01\/20231004-MPH146358-1024x683.jpg 1024w, https:\/\/slonny.com\/wp-content\/uploads\/2024\/01\/20231004-MPH146358-150x100.jpg 150w, https:\/\/slonny.com\/wp-content\/uploads\/2024\/01\/20231004-MPH146358-700x467.jpg 700w, https:\/\/slonny.com\/wp-content\/uploads\/2024\/01\/20231004-MPH146358-480x320.jpg 480w, https:\/\/slonny.com\/wp-content\/uploads\/2024\/01\/20231004-MPH146358-768x512.jpg 768w, https:\/\/slonny.com\/wp-content\/uploads\/2024\/01\/20231004-MPH146358-1536x1025.jpg 1536w, https:\/\/slonny.com\/wp-content\/uploads\/2024\/01\/20231004-MPH146358-2048x1366.jpg 2048w\" sizes=\"(max-width: 1024px) 100vw, 1024px\" \/>\t\t\t\t\t\t\t\t\t\t\t\t\t\t\t<\/div>\n\t\t\t\t<\/div>\n\t\t\t\t\t<\/div>\n\t\t<\/div>\n\t\t\t\t<div class=\"elementor-column elementor-col-50 elementor-top-column elementor-element elementor-element-5ab80ad6\" data-id=\"5ab80ad6\" data-element_type=\"column\" data-e-type=\"column\">\n\t\t\t<div class=\"elementor-widget-wrap elementor-element-populated\">\n\t\t\t\t\t\t<div class=\"elementor-element elementor-element-7756bdf4 elementor-widget elementor-widget-text-editor\" data-id=\"7756bdf4\" data-element_type=\"widget\" data-e-type=\"widget\" data-widget_type=\"text-editor.default\">\n\t\t\t\t<div class=\"elementor-widget-container\">\n\t\t\t\t\t\t\t\t\t<p><span style=\"color: #c0504d;\">Meie missioon on kasutada meie laialdasi teadmisi v\u00f5imlemisest suurep\u00e4raste toodete loomiseks. Tahame pakkuda v\u00f5imlejatele mugavat, n\u00e4gusat ja kvaliteetset spordiriietust.<\/span><\/p><p><strong>Slonny\u00a0saamislugu<\/strong><\/p><p>Slonny lugu sai alguse 2009. aasta oktoobris kui iluv\u00f5imlemise edendaja, maailmameister Janika M\u00f6lder ja ettev\u00f5tja Kaupo Kallemaa olid\u00a0k\u00fclastamas Hong Kongi. Reisi eem\u00e4rgiks oli leida sobivad\u00a0kangad v\u00f5imlejate\u00a0\u00fchtse treeningu- ja esindusr\u00f5ivaste\u00a0tootmiseks. Hong Kongi kangaturgude kirevus\u00a0inspireeris neid aga sedav\u00f5rd, et otsustati\u00a0luua uus spordir\u00f5ivaste kaubam\u00e4rk.\u00a0<\/p><p>Endise tippiluv\u00f5imleja ja praeguse treenerina\u00a0oli Janikal kindel ettekujutus v\u00f5imlejate vajadustest. Eesm\u00e4rgiks oli luua\u00a0mugav, elegantne ja funktsionaalne r\u00f5ivastus.<\/p><p>Huvi SLONNY\u00ae \u00a0toodete vastu on selle asutamisest peale j\u00e4tkuvalt suurenenud. Slonny riietes treenivad v\u00f5imlejad nii Euroopas kui P\u00f5hja-Ameerikas. Slonny kaubam\u00e4rgi all valmib ka maineka v\u00f5imlemisturniiri &#8220;Miss Valentine&#8221; s\u00fcmboolikaga\u00a0riiete kollektsioon.\u00a0<\/p>\t\t\t\t\t\t\t\t<\/div>\n\t\t\t\t<\/div>\n\t\t\t\t\t<\/div>\n\t\t<\/div>\n\t\t\t\t\t<\/div>\n\t\t<\/section>\n\t\t\t\t<\/div>\n\t\t","protected":false},"excerpt":{"rendered":"<p>Meie missioon on kasutada meie laialdasi teadmisi v\u00f5imlemisest suurep\u00e4raste toodete loomiseks. Tahame pakkuda v\u00f5imlejatele mugavat, n\u00e4gusat ja kvaliteetset spordiriietust. Slonny\u00a0saamislugu Slonny lugu sai alguse 2009. aasta oktoobris kui iluv\u00f5imlemise edendaja,<\/p>\n","protected":false},"author":1,"featured_media":0,"parent":0,"menu_order":0,"comment_status":"closed","ping_status":"closed","template":"","meta":{"footnotes":""},"class_list":["post-1315","page","type-page","status-publish","hentry"],"yoast_head":"<!-- This site is optimized with the Yoast SEO plugin v27.4 - https:\/\/yoast.com\/product\/yoast-seo-wordpress\/ -->\n<title>Missioon ja saamislugu - Slonny<\/title>\n<meta name=\"robots\" content=\"index, follow, max-snippet:-1, max-image-preview:large, max-video-preview:-1\" \/>\n<link rel=\"canonical\" href=\"https:\/\/slonny.com\/et\/missioon-ja-saamislugu\/\" \/>\n<meta property=\"og:locale\" content=\"et_EE\" \/>\n<meta property=\"og:type\" content=\"article\" \/>\n<meta property=\"og:title\" content=\"Missioon ja saamislugu - Slonny\" \/>\n<meta property=\"og:description\" content=\"Meie missioon on kasutada meie laialdasi teadmisi v\u00f5imlemisest suurep\u00e4raste toodete loomiseks. Tahame pakkuda v\u00f5imlejatele mugavat, n\u00e4gusat ja kvaliteetset spordiriietust. Slonny\u00a0saamislugu Slonny lugu sai alguse 2009. aasta oktoobris kui iluv\u00f5imlemise edendaja,\" \/>\n<meta property=\"og:url\" content=\"https:\/\/slonny.com\/et\/missioon-ja-saamislugu\/\" \/>\n<meta property=\"og:site_name\" content=\"Slonny\" \/>\n<meta property=\"article:publisher\" content=\"https:\/\/www.facebook.com\/www.slonny.ee\" \/>\n<meta property=\"article:modified_time\" content=\"2024-03-16T16:08:40+00:00\" \/>\n<meta property=\"og:image\" content=\"https:\/\/slonny.com\/wp-content\/uploads\/2024\/01\/20231004-MPH146358-1024x683.jpg\" \/>\n<meta name=\"twitter:card\" content=\"summary_large_image\" \/>\n<meta name=\"twitter:label1\" content=\"Est. reading time\" \/>\n\t<meta name=\"twitter:data1\" content=\"1 minut\" \/>\n<script type=\"application\/ld+json\" class=\"yoast-schema-graph\">{\"@context\":\"https:\\\/\\\/schema.org\",\"@graph\":[{\"@type\":\"WebPage\",\"@id\":\"https:\\\/\\\/slonny.com\\\/et\\\/missioon-ja-saamislugu\\\/\",\"url\":\"https:\\\/\\\/slonny.com\\\/et\\\/missioon-ja-saamislugu\\\/\",\"name\":\"Missioon ja saamislugu - Slonny\",\"isPartOf\":{\"@id\":\"https:\\\/\\\/slonny.com\\\/et\\\/#website\"},\"primaryImageOfPage\":{\"@id\":\"https:\\\/\\\/slonny.com\\\/et\\\/missioon-ja-saamislugu\\\/#primaryimage\"},\"image\":{\"@id\":\"https:\\\/\\\/slonny.com\\\/et\\\/missioon-ja-saamislugu\\\/#primaryimage\"},\"thumbnailUrl\":\"https:\\\/\\\/slonny.com\\\/wp-content\\\/uploads\\\/2024\\\/01\\\/20231004-MPH146358-1024x683.jpg\",\"datePublished\":\"2023-06-01T13:15:43+00:00\",\"dateModified\":\"2024-03-16T16:08:40+00:00\",\"breadcrumb\":{\"@id\":\"https:\\\/\\\/slonny.com\\\/et\\\/missioon-ja-saamislugu\\\/#breadcrumb\"},\"inLanguage\":\"et\",\"potentialAction\":[{\"@type\":\"ReadAction\",\"target\":[\"https:\\\/\\\/slonny.com\\\/et\\\/missioon-ja-saamislugu\\\/\"]}]},{\"@type\":\"ImageObject\",\"inLanguage\":\"et\",\"@id\":\"https:\\\/\\\/slonny.com\\\/et\\\/missioon-ja-saamislugu\\\/#primaryimage\",\"url\":\"https:\\\/\\\/slonny.com\\\/wp-content\\\/uploads\\\/2024\\\/01\\\/20231004-MPH146358-1024x683.jpg\",\"contentUrl\":\"https:\\\/\\\/slonny.com\\\/wp-content\\\/uploads\\\/2024\\\/01\\\/20231004-MPH146358-1024x683.jpg\"},{\"@type\":\"BreadcrumbList\",\"@id\":\"https:\\\/\\\/slonny.com\\\/et\\\/missioon-ja-saamislugu\\\/#breadcrumb\",\"itemListElement\":[{\"@type\":\"ListItem\",\"position\":1,\"name\":\"Avaleht\",\"item\":\"https:\\\/\\\/slonny.com\\\/et\\\/\"},{\"@type\":\"ListItem\",\"position\":2,\"name\":\"Missioon ja saamislugu\"}]},{\"@type\":\"WebSite\",\"@id\":\"https:\\\/\\\/slonny.com\\\/et\\\/#website\",\"url\":\"https:\\\/\\\/slonny.com\\\/et\\\/\",\"name\":\"Slonny\",\"description\":\"\",\"publisher\":{\"@id\":\"https:\\\/\\\/slonny.com\\\/et\\\/#organization\"},\"potentialAction\":[{\"@type\":\"SearchAction\",\"target\":{\"@type\":\"EntryPoint\",\"urlTemplate\":\"https:\\\/\\\/slonny.com\\\/et\\\/?s={search_term_string}\"},\"query-input\":{\"@type\":\"PropertyValueSpecification\",\"valueRequired\":true,\"valueName\":\"search_term_string\"}}],\"inLanguage\":\"et\"},{\"@type\":\"Organization\",\"@id\":\"https:\\\/\\\/slonny.com\\\/et\\\/#organization\",\"name\":\"MISS VALENTINE O\u00dc\",\"url\":\"https:\\\/\\\/slonny.com\\\/et\\\/\",\"logo\":{\"@type\":\"ImageObject\",\"inLanguage\":\"et\",\"@id\":\"https:\\\/\\\/slonny.com\\\/et\\\/#\\\/schema\\\/logo\\\/image\\\/\",\"url\":\"https:\\\/\\\/slonny.com\\\/wp-content\\\/uploads\\\/2023\\\/05\\\/logo.svg\",\"contentUrl\":\"https:\\\/\\\/slonny.com\\\/wp-content\\\/uploads\\\/2023\\\/05\\\/logo.svg\",\"width\":1,\"height\":1,\"caption\":\"MISS VALENTINE O\u00dc\"},\"image\":{\"@id\":\"https:\\\/\\\/slonny.com\\\/et\\\/#\\\/schema\\\/logo\\\/image\\\/\"},\"sameAs\":[\"https:\\\/\\\/www.facebook.com\\\/www.slonny.ee\",\"https:\\\/\\\/www.instagram.com\\\/slonny_clothing\\\/\"]}]}<\/script>\n<!-- \/ Yoast SEO plugin. -->","yoast_head_json":{"title":"Missioon ja saamislugu - Slonny","robots":{"index":"index","follow":"follow","max-snippet":"max-snippet:-1","max-image-preview":"max-image-preview:large","max-video-preview":"max-video-preview:-1"},"canonical":"https:\/\/slonny.com\/et\/missioon-ja-saamislugu\/","og_locale":"et_EE","og_type":"article","og_title":"Missioon ja saamislugu - Slonny","og_description":"Meie missioon on kasutada meie laialdasi teadmisi v\u00f5imlemisest suurep\u00e4raste toodete loomiseks. Tahame pakkuda v\u00f5imlejatele mugavat, n\u00e4gusat ja kvaliteetset spordiriietust. Slonny\u00a0saamislugu Slonny lugu sai alguse 2009. aasta oktoobris kui iluv\u00f5imlemise edendaja,","og_url":"https:\/\/slonny.com\/et\/missioon-ja-saamislugu\/","og_site_name":"Slonny","article_publisher":"https:\/\/www.facebook.com\/www.slonny.ee","article_modified_time":"2024-03-16T16:08:40+00:00","og_image":[{"url":"https:\/\/slonny.com\/wp-content\/uploads\/2024\/01\/20231004-MPH146358-1024x683.jpg","type":"","width":"","height":""}],"twitter_card":"summary_large_image","twitter_misc":{"Est. reading time":"1 minut"},"schema":{"@context":"https:\/\/schema.org","@graph":[{"@type":"WebPage","@id":"https:\/\/slonny.com\/et\/missioon-ja-saamislugu\/","url":"https:\/\/slonny.com\/et\/missioon-ja-saamislugu\/","name":"Missioon ja saamislugu - Slonny","isPartOf":{"@id":"https:\/\/slonny.com\/et\/#website"},"primaryImageOfPage":{"@id":"https:\/\/slonny.com\/et\/missioon-ja-saamislugu\/#primaryimage"},"image":{"@id":"https:\/\/slonny.com\/et\/missioon-ja-saamislugu\/#primaryimage"},"thumbnailUrl":"https:\/\/slonny.com\/wp-content\/uploads\/2024\/01\/20231004-MPH146358-1024x683.jpg","datePublished":"2023-06-01T13:15:43+00:00","dateModified":"2024-03-16T16:08:40+00:00","breadcrumb":{"@id":"https:\/\/slonny.com\/et\/missioon-ja-saamislugu\/#breadcrumb"},"inLanguage":"et","potentialAction":[{"@type":"ReadAction","target":["https:\/\/slonny.com\/et\/missioon-ja-saamislugu\/"]}]},{"@type":"ImageObject","inLanguage":"et","@id":"https:\/\/slonny.com\/et\/missioon-ja-saamislugu\/#primaryimage","url":"https:\/\/slonny.com\/wp-content\/uploads\/2024\/01\/20231004-MPH146358-1024x683.jpg","contentUrl":"https:\/\/slonny.com\/wp-content\/uploads\/2024\/01\/20231004-MPH146358-1024x683.jpg"},{"@type":"BreadcrumbList","@id":"https:\/\/slonny.com\/et\/missioon-ja-saamislugu\/#breadcrumb","itemListElement":[{"@type":"ListItem","position":1,"name":"Avaleht","item":"https:\/\/slonny.com\/et\/"},{"@type":"ListItem","position":2,"name":"Missioon ja saamislugu"}]},{"@type":"WebSite","@id":"https:\/\/slonny.com\/et\/#website","url":"https:\/\/slonny.com\/et\/","name":"Slonny","description":"","publisher":{"@id":"https:\/\/slonny.com\/et\/#organization"},"potentialAction":[{"@type":"SearchAction","target":{"@type":"EntryPoint","urlTemplate":"https:\/\/slonny.com\/et\/?s={search_term_string}"},"query-input":{"@type":"PropertyValueSpecification","valueRequired":true,"valueName":"search_term_string"}}],"inLanguage":"et"},{"@type":"Organization","@id":"https:\/\/slonny.com\/et\/#organization","name":"MISS VALENTINE O\u00dc","url":"https:\/\/slonny.com\/et\/","logo":{"@type":"ImageObject","inLanguage":"et","@id":"https:\/\/slonny.com\/et\/#\/schema\/logo\/image\/","url":"https:\/\/slonny.com\/wp-content\/uploads\/2023\/05\/logo.svg","contentUrl":"https:\/\/slonny.com\/wp-content\/uploads\/2023\/05\/logo.svg","width":1,"height":1,"caption":"MISS VALENTINE O\u00dc"},"image":{"@id":"https:\/\/slonny.com\/et\/#\/schema\/logo\/image\/"},"sameAs":["https:\/\/www.facebook.com\/www.slonny.ee","https:\/\/www.instagram.com\/slonny_clothing\/"]}]}},"_links":{"self":[{"href":"https:\/\/slonny.com\/et\/wp-json\/wp\/v2\/pages\/1315","targetHints":{"allow":["GET"]}}],"collection":[{"href":"https:\/\/slonny.com\/et\/wp-json\/wp\/v2\/pages"}],"about":[{"href":"https:\/\/slonny.com\/et\/wp-json\/wp\/v2\/types\/page"}],"author":[{"embeddable":true,"href":"https:\/\/slonny.com\/et\/wp-json\/wp\/v2\/users\/1"}],"replies":[{"embeddable":true,"href":"https:\/\/slonny.com\/et\/wp-json\/wp\/v2\/comments?post=1315"}],"version-history":[{"count":10,"href":"https:\/\/slonny.com\/et\/wp-json\/wp\/v2\/pages\/1315\/revisions"}],"predecessor-version":[{"id":3295,"href":"https:\/\/slonny.com\/et\/wp-json\/wp\/v2\/pages\/1315\/revisions\/3295"}],"wp:attachment":[{"href":"https:\/\/slonny.com\/et\/wp-json\/wp\/v2\/media?parent=1315"}],"curies":[{"name":"wp","href":"https:\/\/api.w.org\/{rel}","templated":true}]}}