{"id":1337,"date":"2023-06-02T09:33:42","date_gmt":"2023-06-02T06:33:42","guid":{"rendered":"https:\/\/slonny.vdisain.dev\/?page_id=1337"},"modified":"2024-03-16T19:06:48","modified_gmt":"2024-03-16T16:06:48","slug":"materjalid","status":"publish","type":"page","link":"https:\/\/slonny.com\/et\/materjalid\/","title":{"rendered":"Materjalid"},"content":{"rendered":"\t\t<div data-elementor-type=\"wp-page\" data-elementor-id=\"1337\" class=\"elementor elementor-1337\" data-elementor-post-type=\"page\">\n\t\t\t\t\t\t<section class=\"elementor-section elementor-top-section elementor-element elementor-element-14a4298c elementor-section-content-middle elementor-section-boxed elementor-section-height-default elementor-section-height-default\" data-id=\"14a4298c\" data-element_type=\"section\" data-e-type=\"section\">\n\t\t\t\t\t\t<div class=\"elementor-container elementor-column-gap-default\">\n\t\t\t\t\t<div class=\"elementor-column elementor-col-50 elementor-top-column elementor-element elementor-element-32c77199\" data-id=\"32c77199\" data-element_type=\"column\" data-e-type=\"column\">\n\t\t\t<div class=\"elementor-widget-wrap elementor-element-populated\">\n\t\t\t\t\t\t<div class=\"elementor-element elementor-element-37b0db26 elementor-widget elementor-widget-image\" data-id=\"37b0db26\" data-element_type=\"widget\" data-e-type=\"widget\" data-widget_type=\"image.default\">\n\t\t\t\t<div class=\"elementor-widget-container\">\n\t\t\t\t\t\t\t\t\t\t\t\t\t\t\t<img fetchpriority=\"high\" decoding=\"async\" width=\"1024\" height=\"683\" src=\"https:\/\/slonny.com\/wp-content\/uploads\/2023\/05\/round_image_10-479e19175d8abb67ae05712ffbf9cc1a-1024x683.jpg\" class=\"attachment-large size-large wp-image-1175\" alt=\"\" srcset=\"https:\/\/slonny.com\/wp-content\/uploads\/2023\/05\/round_image_10-479e19175d8abb67ae05712ffbf9cc1a-1024x683.jpg 1024w, https:\/\/slonny.com\/wp-content\/uploads\/2023\/05\/round_image_10-479e19175d8abb67ae05712ffbf9cc1a-150x100.jpg 150w, https:\/\/slonny.com\/wp-content\/uploads\/2023\/05\/round_image_10-479e19175d8abb67ae05712ffbf9cc1a-700x467.jpg 700w, https:\/\/slonny.com\/wp-content\/uploads\/2023\/05\/round_image_10-479e19175d8abb67ae05712ffbf9cc1a-480x320.jpg 480w, https:\/\/slonny.com\/wp-content\/uploads\/2023\/05\/round_image_10-479e19175d8abb67ae05712ffbf9cc1a-768x512.jpg 768w, https:\/\/slonny.com\/wp-content\/uploads\/2023\/05\/round_image_10-479e19175d8abb67ae05712ffbf9cc1a-1536x1024.jpg 1536w, https:\/\/slonny.com\/wp-content\/uploads\/2023\/05\/round_image_10-479e19175d8abb67ae05712ffbf9cc1a.jpg 2048w\" sizes=\"(max-width: 1024px) 100vw, 1024px\" \/>\t\t\t\t\t\t\t\t\t\t\t\t\t\t\t<\/div>\n\t\t\t\t<\/div>\n\t\t\t\t\t<\/div>\n\t\t<\/div>\n\t\t\t\t<div class=\"elementor-column elementor-col-50 elementor-top-column elementor-element elementor-element-5ab80ad6\" data-id=\"5ab80ad6\" data-element_type=\"column\" data-e-type=\"column\">\n\t\t\t<div class=\"elementor-widget-wrap elementor-element-populated\">\n\t\t\t\t\t\t<div class=\"elementor-element elementor-element-7756bdf4 elementor-widget elementor-widget-text-editor\" data-id=\"7756bdf4\" data-element_type=\"widget\" data-e-type=\"widget\" data-widget_type=\"text-editor.default\">\n\t\t\t\t<div class=\"elementor-widget-container\">\n\t\t\t\t\t\t\t\t\t<p>K\u00f5ik Slonny r\u00f5ivad ja aksessuaarid on toodetud ainult kvaliteetsetest, vastupidavatest ja mugavatest materjalidest. Enne uue toote kollektiooni lisamist testivad meie suured ja v\u00e4ikesed v\u00f5imlejad spordisaalis nende sobivust. T\u00fcdrukutelt saadud tagasiside m\u00e4\u00e4rab kas tootel on kohta Slonny kollektsioonis.<\/p><p>Mitmetel Slonny toodetel on kasutatud kauneid ja kvaliteetseid Austria kristalle. Slonny toodetel olevad kristallidest kaunistused toodetakse meie kujunduste j\u00e4rgi sellele spetsialiseerunud Euroopa tehastes.<\/p><p><strong><span style=\"color: #d76474;\">Viskoos <\/span><\/strong>on meie \u00fcks populaarsemaid materjale. Materjal on m\u00f5nus kanda, vastupidav, v\u00e4ga elastne ja sileda pinnaga. Kiusisaldus 93% viskoos &#8211; 7% elastaan. Sellest kangast valmivad populaarsed Slonny s\u00e4rgid ja pulloverid.<\/p><p><span style=\"color: #d76474;\"><strong>Nailon\u00a0<\/strong><\/span>on justkui v\u00f5imlejate jaoks loodud kangas- mugav, v\u00e4ga hea venivuse ja vastupidavusega. Nailonist on toodetud Slonny p\u00fcksid, retuusid ja trikood. Materjal on sileda pinnaga, kiusisaldus: 92% nailon- 8% elastaan.<\/p><p><span style=\"color: #d76474;\"><strong>Supplex\u00a0<\/strong><\/span>on paksem, veniv ja vastupidav kangas. Sellest materjalist toodetud p\u00fckstes on su keha kenasti trimmis. See kangas sisaldab 88% Supplexit ja 12 % elastaani.<\/p><p><span style=\"color: #d76474;\"><strong>Sametist<\/strong><\/span>\u00a0on toodetud Slonny klubidressid, l\u00fchikesed p\u00fcksid ja pallikotid. See on t\u00f5eliselt kuninglik materjal- paksem, l\u00e4ikiv ja esinduslik. Meie sametkangas on veniv- sisaldab 90% nailonit ja 10% elstaani.<\/p><p><strong><span style=\"color: #d76474;\">Lycrat\u00a0<\/span><\/strong>kasutame Slonny r\u00f5ngakottide tootmiseks. See on paksem, siidjas, r\u00f5\u00f5msates v\u00e4rvides h\u00e4sti veniv materjal.<\/p>\t\t\t\t\t\t\t\t<\/div>\n\t\t\t\t<\/div>\n\t\t\t\t\t<\/div>\n\t\t<\/div>\n\t\t\t\t\t<\/div>\n\t\t<\/section>\n\t\t\t\t<\/div>\n\t\t","protected":false},"excerpt":{"rendered":"<p>K\u00f5ik Slonny r\u00f5ivad ja aksessuaarid on toodetud ainult kvaliteetsetest, vastupidavatest ja mugavatest materjalidest. Enne uue toote kollektiooni lisamist testivad meie suured ja v\u00e4ikesed v\u00f5imlejad spordisaalis nende sobivust. T\u00fcdrukutelt saadud tagasiside<\/p>\n","protected":false},"author":1,"featured_media":0,"parent":0,"menu_order":0,"comment_status":"closed","ping_status":"closed","template":"","meta":{"footnotes":""},"class_list":["post-1337","page","type-page","status-publish","hentry"],"yoast_head":"<!-- This site is optimized with the Yoast SEO plugin v27.4 - https:\/\/yoast.com\/product\/yoast-seo-wordpress\/ -->\n<title>Materjalid - Slonny<\/title>\n<meta name=\"robots\" content=\"index, follow, max-snippet:-1, max-image-preview:large, max-video-preview:-1\" \/>\n<link rel=\"canonical\" href=\"https:\/\/slonny.com\/et\/materjalid\/\" \/>\n<meta property=\"og:locale\" content=\"et_EE\" \/>\n<meta property=\"og:type\" content=\"article\" \/>\n<meta property=\"og:title\" content=\"Materjalid - Slonny\" \/>\n<meta property=\"og:description\" content=\"K\u00f5ik Slonny r\u00f5ivad ja aksessuaarid on toodetud ainult kvaliteetsetest, vastupidavatest ja mugavatest materjalidest. Enne uue toote kollektiooni lisamist testivad meie suured ja v\u00e4ikesed v\u00f5imlejad spordisaalis nende sobivust. T\u00fcdrukutelt saadud tagasiside\" \/>\n<meta property=\"og:url\" content=\"https:\/\/slonny.com\/et\/materjalid\/\" \/>\n<meta property=\"og:site_name\" content=\"Slonny\" \/>\n<meta property=\"article:publisher\" content=\"https:\/\/www.facebook.com\/www.slonny.ee\" \/>\n<meta property=\"article:modified_time\" content=\"2024-03-16T16:06:48+00:00\" \/>\n<meta property=\"og:image\" content=\"https:\/\/slonny.com\/wp-content\/uploads\/2023\/05\/round_image_10-479e19175d8abb67ae05712ffbf9cc1a-1024x683.jpg\" \/>\n<meta name=\"twitter:card\" content=\"summary_large_image\" \/>\n<meta name=\"twitter:label1\" content=\"Est. reading time\" \/>\n\t<meta name=\"twitter:data1\" content=\"2 minutit\" \/>\n<script type=\"application\/ld+json\" class=\"yoast-schema-graph\">{\"@context\":\"https:\\\/\\\/schema.org\",\"@graph\":[{\"@type\":\"WebPage\",\"@id\":\"https:\\\/\\\/slonny.com\\\/et\\\/materjalid\\\/\",\"url\":\"https:\\\/\\\/slonny.com\\\/et\\\/materjalid\\\/\",\"name\":\"Materjalid - Slonny\",\"isPartOf\":{\"@id\":\"https:\\\/\\\/slonny.com\\\/et\\\/#website\"},\"primaryImageOfPage\":{\"@id\":\"https:\\\/\\\/slonny.com\\\/et\\\/materjalid\\\/#primaryimage\"},\"image\":{\"@id\":\"https:\\\/\\\/slonny.com\\\/et\\\/materjalid\\\/#primaryimage\"},\"thumbnailUrl\":\"https:\\\/\\\/slonny.com\\\/wp-content\\\/uploads\\\/2023\\\/05\\\/round_image_10-479e19175d8abb67ae05712ffbf9cc1a-1024x683.jpg\",\"datePublished\":\"2023-06-02T06:33:42+00:00\",\"dateModified\":\"2024-03-16T16:06:48+00:00\",\"breadcrumb\":{\"@id\":\"https:\\\/\\\/slonny.com\\\/et\\\/materjalid\\\/#breadcrumb\"},\"inLanguage\":\"et\",\"potentialAction\":[{\"@type\":\"ReadAction\",\"target\":[\"https:\\\/\\\/slonny.com\\\/et\\\/materjalid\\\/\"]}]},{\"@type\":\"ImageObject\",\"inLanguage\":\"et\",\"@id\":\"https:\\\/\\\/slonny.com\\\/et\\\/materjalid\\\/#primaryimage\",\"url\":\"https:\\\/\\\/slonny.com\\\/wp-content\\\/uploads\\\/2023\\\/05\\\/round_image_10-479e19175d8abb67ae05712ffbf9cc1a-1024x683.jpg\",\"contentUrl\":\"https:\\\/\\\/slonny.com\\\/wp-content\\\/uploads\\\/2023\\\/05\\\/round_image_10-479e19175d8abb67ae05712ffbf9cc1a-1024x683.jpg\"},{\"@type\":\"BreadcrumbList\",\"@id\":\"https:\\\/\\\/slonny.com\\\/et\\\/materjalid\\\/#breadcrumb\",\"itemListElement\":[{\"@type\":\"ListItem\",\"position\":1,\"name\":\"Avaleht\",\"item\":\"https:\\\/\\\/slonny.com\\\/et\\\/\"},{\"@type\":\"ListItem\",\"position\":2,\"name\":\"Materjalid\"}]},{\"@type\":\"WebSite\",\"@id\":\"https:\\\/\\\/slonny.com\\\/et\\\/#website\",\"url\":\"https:\\\/\\\/slonny.com\\\/et\\\/\",\"name\":\"Slonny\",\"description\":\"\",\"publisher\":{\"@id\":\"https:\\\/\\\/slonny.com\\\/et\\\/#organization\"},\"potentialAction\":[{\"@type\":\"SearchAction\",\"target\":{\"@type\":\"EntryPoint\",\"urlTemplate\":\"https:\\\/\\\/slonny.com\\\/et\\\/?s={search_term_string}\"},\"query-input\":{\"@type\":\"PropertyValueSpecification\",\"valueRequired\":true,\"valueName\":\"search_term_string\"}}],\"inLanguage\":\"et\"},{\"@type\":\"Organization\",\"@id\":\"https:\\\/\\\/slonny.com\\\/et\\\/#organization\",\"name\":\"MISS VALENTINE O\u00dc\",\"url\":\"https:\\\/\\\/slonny.com\\\/et\\\/\",\"logo\":{\"@type\":\"ImageObject\",\"inLanguage\":\"et\",\"@id\":\"https:\\\/\\\/slonny.com\\\/et\\\/#\\\/schema\\\/logo\\\/image\\\/\",\"url\":\"https:\\\/\\\/slonny.com\\\/wp-content\\\/uploads\\\/2023\\\/05\\\/logo.svg\",\"contentUrl\":\"https:\\\/\\\/slonny.com\\\/wp-content\\\/uploads\\\/2023\\\/05\\\/logo.svg\",\"width\":1,\"height\":1,\"caption\":\"MISS VALENTINE O\u00dc\"},\"image\":{\"@id\":\"https:\\\/\\\/slonny.com\\\/et\\\/#\\\/schema\\\/logo\\\/image\\\/\"},\"sameAs\":[\"https:\\\/\\\/www.facebook.com\\\/www.slonny.ee\",\"https:\\\/\\\/www.instagram.com\\\/slonny_clothing\\\/\"]}]}<\/script>\n<!-- \/ Yoast SEO plugin. -->","yoast_head_json":{"title":"Materjalid - Slonny","robots":{"index":"index","follow":"follow","max-snippet":"max-snippet:-1","max-image-preview":"max-image-preview:large","max-video-preview":"max-video-preview:-1"},"canonical":"https:\/\/slonny.com\/et\/materjalid\/","og_locale":"et_EE","og_type":"article","og_title":"Materjalid - Slonny","og_description":"K\u00f5ik Slonny r\u00f5ivad ja aksessuaarid on toodetud ainult kvaliteetsetest, vastupidavatest ja mugavatest materjalidest. Enne uue toote kollektiooni lisamist testivad meie suured ja v\u00e4ikesed v\u00f5imlejad spordisaalis nende sobivust. T\u00fcdrukutelt saadud tagasiside","og_url":"https:\/\/slonny.com\/et\/materjalid\/","og_site_name":"Slonny","article_publisher":"https:\/\/www.facebook.com\/www.slonny.ee","article_modified_time":"2024-03-16T16:06:48+00:00","og_image":[{"url":"https:\/\/slonny.com\/wp-content\/uploads\/2023\/05\/round_image_10-479e19175d8abb67ae05712ffbf9cc1a-1024x683.jpg","type":"","width":"","height":""}],"twitter_card":"summary_large_image","twitter_misc":{"Est. reading time":"2 minutit"},"schema":{"@context":"https:\/\/schema.org","@graph":[{"@type":"WebPage","@id":"https:\/\/slonny.com\/et\/materjalid\/","url":"https:\/\/slonny.com\/et\/materjalid\/","name":"Materjalid - Slonny","isPartOf":{"@id":"https:\/\/slonny.com\/et\/#website"},"primaryImageOfPage":{"@id":"https:\/\/slonny.com\/et\/materjalid\/#primaryimage"},"image":{"@id":"https:\/\/slonny.com\/et\/materjalid\/#primaryimage"},"thumbnailUrl":"https:\/\/slonny.com\/wp-content\/uploads\/2023\/05\/round_image_10-479e19175d8abb67ae05712ffbf9cc1a-1024x683.jpg","datePublished":"2023-06-02T06:33:42+00:00","dateModified":"2024-03-16T16:06:48+00:00","breadcrumb":{"@id":"https:\/\/slonny.com\/et\/materjalid\/#breadcrumb"},"inLanguage":"et","potentialAction":[{"@type":"ReadAction","target":["https:\/\/slonny.com\/et\/materjalid\/"]}]},{"@type":"ImageObject","inLanguage":"et","@id":"https:\/\/slonny.com\/et\/materjalid\/#primaryimage","url":"https:\/\/slonny.com\/wp-content\/uploads\/2023\/05\/round_image_10-479e19175d8abb67ae05712ffbf9cc1a-1024x683.jpg","contentUrl":"https:\/\/slonny.com\/wp-content\/uploads\/2023\/05\/round_image_10-479e19175d8abb67ae05712ffbf9cc1a-1024x683.jpg"},{"@type":"BreadcrumbList","@id":"https:\/\/slonny.com\/et\/materjalid\/#breadcrumb","itemListElement":[{"@type":"ListItem","position":1,"name":"Avaleht","item":"https:\/\/slonny.com\/et\/"},{"@type":"ListItem","position":2,"name":"Materjalid"}]},{"@type":"WebSite","@id":"https:\/\/slonny.com\/et\/#website","url":"https:\/\/slonny.com\/et\/","name":"Slonny","description":"","publisher":{"@id":"https:\/\/slonny.com\/et\/#organization"},"potentialAction":[{"@type":"SearchAction","target":{"@type":"EntryPoint","urlTemplate":"https:\/\/slonny.com\/et\/?s={search_term_string}"},"query-input":{"@type":"PropertyValueSpecification","valueRequired":true,"valueName":"search_term_string"}}],"inLanguage":"et"},{"@type":"Organization","@id":"https:\/\/slonny.com\/et\/#organization","name":"MISS VALENTINE O\u00dc","url":"https:\/\/slonny.com\/et\/","logo":{"@type":"ImageObject","inLanguage":"et","@id":"https:\/\/slonny.com\/et\/#\/schema\/logo\/image\/","url":"https:\/\/slonny.com\/wp-content\/uploads\/2023\/05\/logo.svg","contentUrl":"https:\/\/slonny.com\/wp-content\/uploads\/2023\/05\/logo.svg","width":1,"height":1,"caption":"MISS VALENTINE O\u00dc"},"image":{"@id":"https:\/\/slonny.com\/et\/#\/schema\/logo\/image\/"},"sameAs":["https:\/\/www.facebook.com\/www.slonny.ee","https:\/\/www.instagram.com\/slonny_clothing\/"]}]}},"_links":{"self":[{"href":"https:\/\/slonny.com\/et\/wp-json\/wp\/v2\/pages\/1337","targetHints":{"allow":["GET"]}}],"collection":[{"href":"https:\/\/slonny.com\/et\/wp-json\/wp\/v2\/pages"}],"about":[{"href":"https:\/\/slonny.com\/et\/wp-json\/wp\/v2\/types\/page"}],"author":[{"embeddable":true,"href":"https:\/\/slonny.com\/et\/wp-json\/wp\/v2\/users\/1"}],"replies":[{"embeddable":true,"href":"https:\/\/slonny.com\/et\/wp-json\/wp\/v2\/comments?post=1337"}],"version-history":[{"count":7,"href":"https:\/\/slonny.com\/et\/wp-json\/wp\/v2\/pages\/1337\/revisions"}],"predecessor-version":[{"id":3517,"href":"https:\/\/slonny.com\/et\/wp-json\/wp\/v2\/pages\/1337\/revisions\/3517"}],"wp:attachment":[{"href":"https:\/\/slonny.com\/et\/wp-json\/wp\/v2\/media?parent=1337"}],"curies":[{"name":"wp","href":"https:\/\/api.w.org\/{rel}","templated":true}]}}