{"id":1344,"date":"2023-06-02T11:19:17","date_gmt":"2023-06-02T08:19:17","guid":{"rendered":"https:\/\/slonny.vdisain.dev\/?page_id=1344"},"modified":"2024-03-16T18:51:05","modified_gmt":"2024-03-16T15:51:05","slug":"moodutabel","status":"publish","type":"page","link":"https:\/\/slonny.com\/et\/moodutabel\/","title":{"rendered":"M\u00f5\u00f5dutabel"},"content":{"rendered":"\t\t<div data-elementor-type=\"wp-page\" data-elementor-id=\"1344\" class=\"elementor elementor-1344\" data-elementor-post-type=\"page\">\n\t\t\t\t\t\t<section class=\"elementor-section elementor-top-section elementor-element elementor-element-14a4298c elementor-section-content-middle elementor-section-boxed elementor-section-height-default elementor-section-height-default\" data-id=\"14a4298c\" data-element_type=\"section\" data-e-type=\"section\">\n\t\t\t\t\t\t<div class=\"elementor-container elementor-column-gap-default\">\n\t\t\t\t\t<div class=\"elementor-column elementor-col-100 elementor-top-column elementor-element elementor-element-5ab80ad6\" data-id=\"5ab80ad6\" data-element_type=\"column\" data-e-type=\"column\">\n\t\t\t<div class=\"elementor-widget-wrap elementor-element-populated\">\n\t\t\t\t\t\t<div class=\"elementor-element elementor-element-7756bdf4 elementor-widget elementor-widget-text-editor\" data-id=\"7756bdf4\" data-element_type=\"widget\" data-e-type=\"widget\" data-widget_type=\"text-editor.default\">\n\t\t\t\t<div class=\"elementor-widget-container\">\n\t\t\t\t\t\t\t\t\t<p>M\u00f5\u00f5dutabel n\u00e4itab ligikaudseid m\u00f5\u00f5te mis vastavad Slonny epoes m\u00fc\u00fcdavate riiete suurustele. Valdav osa Slonny r\u00f5ivastest on liibuva &#8220;kehasse&#8221; l\u00f5ikega. Suurused vastavad \u00fcksnes laste ja noorukite m\u00f5\u00f5dutabelitele! Vale suurusega (liiga v\u00e4ikese) toote kandmisel v\u00f5ib see puruneda. K\u00fcsimuste tekkimisel \u00f5ige suuruse valimisel palun kontakteeru eelnevalt meie klienditeenindusega, aitame valida sulle sobiva suuruse.<\/p><p><strong>Lapsed<\/strong><\/p><table><tbody><tr><td>Slonny m\u00f5\u00f5t<\/td><td style=\"text-align: center;\"><strong>104<\/strong><\/td><td style=\"text-align: center;\"><strong>110<\/strong><\/td><td style=\"text-align: center;\"><strong>116<\/strong><\/td><td style=\"text-align: center;\"><strong>122<\/strong><\/td><td style=\"text-align: center;\"><strong>128<\/strong><\/td><td style=\"text-align: center;\"><strong>134<\/strong><\/td><td style=\"text-align: center;\"><strong>140<\/strong><\/td><td style=\"text-align: center;\"><strong>146<\/strong><\/td><\/tr><tr><td>Rinna\u00fcmberm\u00f5\u00f5t (cm)<\/td><td style=\"text-align: center;\">55-57<\/td><td style=\"text-align: center;\">56-58<\/td><td style=\"text-align: center;\">57-59<\/td><td style=\"text-align: center;\">58-62<\/td><td style=\"text-align: center;\">61-65<\/td><td style=\"text-align: center;\">64-68<\/td><td style=\"text-align: center;\">67-71<\/td><td style=\"text-align: center;\">70-74<\/td><\/tr><tr><td>Talje\u00fcmberm\u00f5\u00f5t (cm)<\/td><td style=\"text-align: center;\">52-54<\/td><td style=\"text-align: center;\">53-55<\/td><td style=\"text-align: center;\">54-56<\/td><td style=\"text-align: center;\">55-58<\/td><td style=\"text-align: center;\">57-59<\/td><td style=\"text-align: center;\">58-61<\/td><td style=\"text-align: center;\">60-62<\/td><td style=\"text-align: center;\">61-64<\/td><\/tr><tr><td>Puusa\u00fcmberm\u00f5\u00f5t (cm)<\/td><td style=\"text-align: center;\">57-60<\/td><td style=\"text-align: center;\">59-62<\/td><td style=\"text-align: center;\">61-64<\/td><td style=\"text-align: center;\">63-67<\/td><td style=\"text-align: center;\">66-70<\/td><td style=\"text-align: center;\">69-73<\/td><td style=\"text-align: center;\">72-76<\/td><td style=\"text-align: center;\">75-79<\/td><\/tr><\/tbody><\/table><p><strong>Neiud<\/strong><\/p><table id=\"table19469\"><tbody><tr><td>Slonny m\u00f5\u00f5t<\/td><td style=\"text-align: center;\"><strong>152<\/strong><\/td><td style=\"text-align: center;\"><strong>158<\/strong><\/td><td style=\"text-align: center;\"><strong>164<\/strong><\/td><td style=\"text-align: center;\"><strong>XS<\/strong><\/td><td style=\"text-align: center;\"><strong>S<\/strong><\/td><td style=\"text-align: center;\"><strong>M<\/strong><\/td><td style=\"text-align: center;\"><strong>L<\/strong><\/td><td style=\"text-align: center;\"><strong>XL<\/strong><\/td><\/tr><tr><td>Rinna\u00fcmberm\u00f5\u00f5t\u00a0(cm)<\/td><td style=\"text-align: center;\">73-75<\/td><td style=\"text-align: center;\">74-77<\/td><td style=\"text-align: center;\">76-78<\/td><td style=\"text-align: center;\">76-80<\/td><td style=\"text-align: center;\">79-82<\/td><td style=\"text-align: center;\">81-88<\/td><td style=\"text-align: center;\">87-94<\/td><td style=\"text-align: center;\">93-100<\/td><\/tr><tr><td>Talje\u00fcmberm\u00f5\u00f5t (cm)<\/td><td style=\"text-align: center;\">63-65<\/td><td style=\"text-align: center;\">64-66<\/td><td style=\"text-align: center;\">65-68<\/td><td style=\"text-align: center;\">60-62<\/td><td style=\"text-align: center;\">61-65<\/td><td style=\"text-align: center;\">64-70<\/td><td style=\"text-align: center;\">69-76<\/td><td style=\"text-align: center;\">75-82<\/td><\/tr><tr><td>Puusa\u00fcmberm\u00f5\u00f5t (cm)<\/td><td style=\"text-align: center;\">78-80<\/td><td style=\"text-align: center;\">79-81<\/td><td style=\"text-align: center;\">80-84<\/td><td style=\"text-align: center;\">83-87<\/td><td style=\"text-align: center;\">86-91<\/td><td style=\"text-align: center;\">90-96<\/td><td style=\"text-align: center;\">95-102<\/td><td style=\"text-align: center;\">101-108<\/td><\/tr><\/tbody><\/table><p>Numbrites suurused n\u00e4itavad kandja kehapikkust (cm), t\u00e4htedes suurused vastavad spordiriite puhul tavap\u00e4raselt kasutatavatele suurustele.<\/p><p><strong>Kehapikkust<\/strong>\u00a0m\u00f5\u00f5detakse jalatsiteta, pealaest jalatallani.<\/p><p><strong>Rinna\u00fcmberm\u00f5\u00f5tu<\/strong>\u00a0m\u00f5\u00f5detakse \u00fcmber keha rinna k\u00f5ige k\u00f5rgemast kohast.<\/p><p><strong>Talje\u00fcmberm\u00f5\u00f5tu<\/strong>\u00a0m\u00f5\u00f5detakse talje kitsmast kohast \u00fcmber keha.<\/p><p><strong>Puusa\u00fcmberm\u00f5\u00f5tu<\/strong>\u00a0m\u00f5\u00f5detakse puusa laiemast kohast \u00fcmber keha.<\/p><p><strong>R\u00f5ngakotid<\/strong><\/p><p>S: 60-70cm M: 70-80cm L:\u00a080-90cm<\/p>\t\t\t\t\t\t\t\t<\/div>\n\t\t\t\t<\/div>\n\t\t\t\t\t<\/div>\n\t\t<\/div>\n\t\t\t\t\t<\/div>\n\t\t<\/section>\n\t\t\t\t<\/div>\n\t\t","protected":false},"excerpt":{"rendered":"<p>M\u00f5\u00f5dutabel n\u00e4itab ligikaudseid m\u00f5\u00f5te mis vastavad Slonny epoes m\u00fc\u00fcdavate riiete suurustele. Valdav osa Slonny r\u00f5ivastest on liibuva &#8220;kehasse&#8221; l\u00f5ikega. Suurused vastavad \u00fcksnes laste ja noorukite m\u00f5\u00f5dutabelitele! Vale suurusega (liiga v\u00e4ikese)<\/p>\n","protected":false},"author":1,"featured_media":2688,"parent":0,"menu_order":0,"comment_status":"closed","ping_status":"closed","template":"","meta":{"footnotes":""},"class_list":["post-1344","page","type-page","status-publish","has-post-thumbnail","hentry"],"yoast_head":"<!-- This site is optimized with the Yoast SEO plugin v27.4 - https:\/\/yoast.com\/product\/yoast-seo-wordpress\/ -->\n<title>M\u00f5\u00f5dutabel - Slonny<\/title>\n<meta name=\"robots\" content=\"index, follow, max-snippet:-1, max-image-preview:large, max-video-preview:-1\" \/>\n<link rel=\"canonical\" href=\"https:\/\/slonny.com\/et\/moodutabel\/\" \/>\n<meta property=\"og:locale\" content=\"et_EE\" \/>\n<meta property=\"og:type\" content=\"article\" \/>\n<meta property=\"og:title\" content=\"M\u00f5\u00f5dutabel - Slonny\" \/>\n<meta property=\"og:description\" content=\"M\u00f5\u00f5dutabel n\u00e4itab ligikaudseid m\u00f5\u00f5te mis vastavad Slonny epoes m\u00fc\u00fcdavate riiete suurustele. Valdav osa Slonny r\u00f5ivastest on liibuva &#8220;kehasse&#8221; l\u00f5ikega. Suurused vastavad \u00fcksnes laste ja noorukite m\u00f5\u00f5dutabelitele! Vale suurusega (liiga v\u00e4ikese)\" \/>\n<meta property=\"og:url\" content=\"https:\/\/slonny.com\/et\/moodutabel\/\" \/>\n<meta property=\"og:site_name\" content=\"Slonny\" \/>\n<meta property=\"article:publisher\" content=\"https:\/\/www.facebook.com\/www.slonny.ee\" \/>\n<meta property=\"article:modified_time\" content=\"2024-03-16T15:51:05+00:00\" \/>\n<meta property=\"og:image\" content=\"https:\/\/slonny.com\/wp-content\/uploads\/2024\/01\/20231004-MPH147821-1024x683.jpg\" \/>\n\t<meta property=\"og:image:width\" content=\"1024\" \/>\n\t<meta property=\"og:image:height\" content=\"683\" \/>\n\t<meta property=\"og:image:type\" content=\"image\/jpeg\" \/>\n<meta name=\"twitter:card\" content=\"summary_large_image\" \/>\n<meta name=\"twitter:label1\" content=\"Est. reading time\" \/>\n\t<meta name=\"twitter:data1\" content=\"1 minut\" \/>\n<script type=\"application\/ld+json\" class=\"yoast-schema-graph\">{\"@context\":\"https:\\\/\\\/schema.org\",\"@graph\":[{\"@type\":\"WebPage\",\"@id\":\"https:\\\/\\\/slonny.com\\\/et\\\/moodutabel\\\/\",\"url\":\"https:\\\/\\\/slonny.com\\\/et\\\/moodutabel\\\/\",\"name\":\"M\u00f5\u00f5dutabel - Slonny\",\"isPartOf\":{\"@id\":\"https:\\\/\\\/slonny.com\\\/et\\\/#website\"},\"primaryImageOfPage\":{\"@id\":\"https:\\\/\\\/slonny.com\\\/et\\\/moodutabel\\\/#primaryimage\"},\"image\":{\"@id\":\"https:\\\/\\\/slonny.com\\\/et\\\/moodutabel\\\/#primaryimage\"},\"thumbnailUrl\":\"https:\\\/\\\/slonny.com\\\/wp-content\\\/uploads\\\/2024\\\/01\\\/20231004-MPH147821.jpg\",\"datePublished\":\"2023-06-02T08:19:17+00:00\",\"dateModified\":\"2024-03-16T15:51:05+00:00\",\"breadcrumb\":{\"@id\":\"https:\\\/\\\/slonny.com\\\/et\\\/moodutabel\\\/#breadcrumb\"},\"inLanguage\":\"et\",\"potentialAction\":[{\"@type\":\"ReadAction\",\"target\":[\"https:\\\/\\\/slonny.com\\\/et\\\/moodutabel\\\/\"]}]},{\"@type\":\"ImageObject\",\"inLanguage\":\"et\",\"@id\":\"https:\\\/\\\/slonny.com\\\/et\\\/moodutabel\\\/#primaryimage\",\"url\":\"https:\\\/\\\/slonny.com\\\/wp-content\\\/uploads\\\/2024\\\/01\\\/20231004-MPH147821.jpg\",\"contentUrl\":\"https:\\\/\\\/slonny.com\\\/wp-content\\\/uploads\\\/2024\\\/01\\\/20231004-MPH147821.jpg\",\"width\":2400,\"height\":1601,\"caption\":\"Images of Mississauga Football Association athletes for Team Town Sports in Mississauga, ON. (Michael P. Hall\\\/michaelphall.ca)\"},{\"@type\":\"BreadcrumbList\",\"@id\":\"https:\\\/\\\/slonny.com\\\/et\\\/moodutabel\\\/#breadcrumb\",\"itemListElement\":[{\"@type\":\"ListItem\",\"position\":1,\"name\":\"Avaleht\",\"item\":\"https:\\\/\\\/slonny.com\\\/et\\\/\"},{\"@type\":\"ListItem\",\"position\":2,\"name\":\"M\u00f5\u00f5dutabel\"}]},{\"@type\":\"WebSite\",\"@id\":\"https:\\\/\\\/slonny.com\\\/et\\\/#website\",\"url\":\"https:\\\/\\\/slonny.com\\\/et\\\/\",\"name\":\"Slonny\",\"description\":\"\",\"publisher\":{\"@id\":\"https:\\\/\\\/slonny.com\\\/et\\\/#organization\"},\"potentialAction\":[{\"@type\":\"SearchAction\",\"target\":{\"@type\":\"EntryPoint\",\"urlTemplate\":\"https:\\\/\\\/slonny.com\\\/et\\\/?s={search_term_string}\"},\"query-input\":{\"@type\":\"PropertyValueSpecification\",\"valueRequired\":true,\"valueName\":\"search_term_string\"}}],\"inLanguage\":\"et\"},{\"@type\":\"Organization\",\"@id\":\"https:\\\/\\\/slonny.com\\\/et\\\/#organization\",\"name\":\"MISS VALENTINE O\u00dc\",\"url\":\"https:\\\/\\\/slonny.com\\\/et\\\/\",\"logo\":{\"@type\":\"ImageObject\",\"inLanguage\":\"et\",\"@id\":\"https:\\\/\\\/slonny.com\\\/et\\\/#\\\/schema\\\/logo\\\/image\\\/\",\"url\":\"https:\\\/\\\/slonny.com\\\/wp-content\\\/uploads\\\/2023\\\/05\\\/logo.svg\",\"contentUrl\":\"https:\\\/\\\/slonny.com\\\/wp-content\\\/uploads\\\/2023\\\/05\\\/logo.svg\",\"width\":1,\"height\":1,\"caption\":\"MISS VALENTINE O\u00dc\"},\"image\":{\"@id\":\"https:\\\/\\\/slonny.com\\\/et\\\/#\\\/schema\\\/logo\\\/image\\\/\"},\"sameAs\":[\"https:\\\/\\\/www.facebook.com\\\/www.slonny.ee\",\"https:\\\/\\\/www.instagram.com\\\/slonny_clothing\\\/\"]}]}<\/script>\n<!-- \/ Yoast SEO plugin. -->","yoast_head_json":{"title":"M\u00f5\u00f5dutabel - Slonny","robots":{"index":"index","follow":"follow","max-snippet":"max-snippet:-1","max-image-preview":"max-image-preview:large","max-video-preview":"max-video-preview:-1"},"canonical":"https:\/\/slonny.com\/et\/moodutabel\/","og_locale":"et_EE","og_type":"article","og_title":"M\u00f5\u00f5dutabel - Slonny","og_description":"M\u00f5\u00f5dutabel n\u00e4itab ligikaudseid m\u00f5\u00f5te mis vastavad Slonny epoes m\u00fc\u00fcdavate riiete suurustele. Valdav osa Slonny r\u00f5ivastest on liibuva &#8220;kehasse&#8221; l\u00f5ikega. Suurused vastavad \u00fcksnes laste ja noorukite m\u00f5\u00f5dutabelitele! Vale suurusega (liiga v\u00e4ikese)","og_url":"https:\/\/slonny.com\/et\/moodutabel\/","og_site_name":"Slonny","article_publisher":"https:\/\/www.facebook.com\/www.slonny.ee","article_modified_time":"2024-03-16T15:51:05+00:00","og_image":[{"width":1024,"height":683,"url":"https:\/\/slonny.com\/wp-content\/uploads\/2024\/01\/20231004-MPH147821-1024x683.jpg","type":"image\/jpeg"}],"twitter_card":"summary_large_image","twitter_misc":{"Est. reading time":"1 minut"},"schema":{"@context":"https:\/\/schema.org","@graph":[{"@type":"WebPage","@id":"https:\/\/slonny.com\/et\/moodutabel\/","url":"https:\/\/slonny.com\/et\/moodutabel\/","name":"M\u00f5\u00f5dutabel - Slonny","isPartOf":{"@id":"https:\/\/slonny.com\/et\/#website"},"primaryImageOfPage":{"@id":"https:\/\/slonny.com\/et\/moodutabel\/#primaryimage"},"image":{"@id":"https:\/\/slonny.com\/et\/moodutabel\/#primaryimage"},"thumbnailUrl":"https:\/\/slonny.com\/wp-content\/uploads\/2024\/01\/20231004-MPH147821.jpg","datePublished":"2023-06-02T08:19:17+00:00","dateModified":"2024-03-16T15:51:05+00:00","breadcrumb":{"@id":"https:\/\/slonny.com\/et\/moodutabel\/#breadcrumb"},"inLanguage":"et","potentialAction":[{"@type":"ReadAction","target":["https:\/\/slonny.com\/et\/moodutabel\/"]}]},{"@type":"ImageObject","inLanguage":"et","@id":"https:\/\/slonny.com\/et\/moodutabel\/#primaryimage","url":"https:\/\/slonny.com\/wp-content\/uploads\/2024\/01\/20231004-MPH147821.jpg","contentUrl":"https:\/\/slonny.com\/wp-content\/uploads\/2024\/01\/20231004-MPH147821.jpg","width":2400,"height":1601,"caption":"Images of Mississauga Football Association athletes for Team Town Sports in Mississauga, ON. (Michael P. Hall\/michaelphall.ca)"},{"@type":"BreadcrumbList","@id":"https:\/\/slonny.com\/et\/moodutabel\/#breadcrumb","itemListElement":[{"@type":"ListItem","position":1,"name":"Avaleht","item":"https:\/\/slonny.com\/et\/"},{"@type":"ListItem","position":2,"name":"M\u00f5\u00f5dutabel"}]},{"@type":"WebSite","@id":"https:\/\/slonny.com\/et\/#website","url":"https:\/\/slonny.com\/et\/","name":"Slonny","description":"","publisher":{"@id":"https:\/\/slonny.com\/et\/#organization"},"potentialAction":[{"@type":"SearchAction","target":{"@type":"EntryPoint","urlTemplate":"https:\/\/slonny.com\/et\/?s={search_term_string}"},"query-input":{"@type":"PropertyValueSpecification","valueRequired":true,"valueName":"search_term_string"}}],"inLanguage":"et"},{"@type":"Organization","@id":"https:\/\/slonny.com\/et\/#organization","name":"MISS VALENTINE O\u00dc","url":"https:\/\/slonny.com\/et\/","logo":{"@type":"ImageObject","inLanguage":"et","@id":"https:\/\/slonny.com\/et\/#\/schema\/logo\/image\/","url":"https:\/\/slonny.com\/wp-content\/uploads\/2023\/05\/logo.svg","contentUrl":"https:\/\/slonny.com\/wp-content\/uploads\/2023\/05\/logo.svg","width":1,"height":1,"caption":"MISS VALENTINE O\u00dc"},"image":{"@id":"https:\/\/slonny.com\/et\/#\/schema\/logo\/image\/"},"sameAs":["https:\/\/www.facebook.com\/www.slonny.ee","https:\/\/www.instagram.com\/slonny_clothing\/"]}]}},"_links":{"self":[{"href":"https:\/\/slonny.com\/et\/wp-json\/wp\/v2\/pages\/1344","targetHints":{"allow":["GET"]}}],"collection":[{"href":"https:\/\/slonny.com\/et\/wp-json\/wp\/v2\/pages"}],"about":[{"href":"https:\/\/slonny.com\/et\/wp-json\/wp\/v2\/types\/page"}],"author":[{"embeddable":true,"href":"https:\/\/slonny.com\/et\/wp-json\/wp\/v2\/users\/1"}],"replies":[{"embeddable":true,"href":"https:\/\/slonny.com\/et\/wp-json\/wp\/v2\/comments?post=1344"}],"version-history":[{"count":16,"href":"https:\/\/slonny.com\/et\/wp-json\/wp\/v2\/pages\/1344\/revisions"}],"predecessor-version":[{"id":1365,"href":"https:\/\/slonny.com\/et\/wp-json\/wp\/v2\/pages\/1344\/revisions\/1365"}],"wp:featuredmedia":[{"embeddable":true,"href":"https:\/\/slonny.com\/et\/wp-json\/wp\/v2\/media\/2688"}],"wp:attachment":[{"href":"https:\/\/slonny.com\/et\/wp-json\/wp\/v2\/media?parent=1344"}],"curies":[{"name":"wp","href":"https:\/\/api.w.org\/{rel}","templated":true}]}}