{"id":1401,"date":"2023-06-02T11:42:41","date_gmt":"2023-06-02T08:42:41","guid":{"rendered":"https:\/\/slonny.vdisain.dev\/?page_id=1401"},"modified":"2024-03-16T18:43:53","modified_gmt":"2024-03-16T15:43:53","slug":"maksevoimalused","status":"publish","type":"page","link":"https:\/\/slonny.com\/et\/maksevoimalused\/","title":{"rendered":"Maksev\u00f5imalused"},"content":{"rendered":"\t\t<div data-elementor-type=\"wp-page\" data-elementor-id=\"1401\" class=\"elementor elementor-1401\" data-elementor-post-type=\"page\">\n\t\t\t\t\t\t<section class=\"elementor-section elementor-top-section elementor-element elementor-element-14a4298c elementor-section-content-middle elementor-section-boxed elementor-section-height-default elementor-section-height-default\" data-id=\"14a4298c\" data-element_type=\"section\" data-e-type=\"section\">\n\t\t\t\t\t\t<div class=\"elementor-container elementor-column-gap-default\">\n\t\t\t\t\t<div class=\"elementor-column elementor-col-100 elementor-top-column elementor-element elementor-element-5ab80ad6\" data-id=\"5ab80ad6\" data-element_type=\"column\" data-e-type=\"column\">\n\t\t\t<div class=\"elementor-widget-wrap elementor-element-populated\">\n\t\t\t\t\t\t<div class=\"elementor-element elementor-element-7756bdf4 elementor-widget elementor-widget-text-editor\" data-id=\"7756bdf4\" data-element_type=\"widget\" data-e-type=\"widget\" data-widget_type=\"text-editor.default\">\n\t\t\t\t<div class=\"elementor-widget-container\">\n\t\t\t\t\t\t\t\t\t<p>K\u00f5ik Slonny e-poes kuvatavad hinnad on esitatud eurodes. Ostu eest saab tasuda j\u00e4rgmiste Eesti pangalinkidega: Swedbank, SEB, Luminor, Coop, LHV Pank. Samuti Visa ja MasterCard krediitkaartidega ja Maestro pangakaardiga.<\/p><p>Klientidel Soomes on lisaks v\u00f5imalus tasuda Alandsbanken, Danske Bank, Handelsbanken, Nordea, Pohjola, S\u00e4\u00e4stopankki ja S-Pankki pangalinkidega.<\/p><p>Makse teostamine toimub v\u00e4ljaspool e-poe keskkonda vastava panga v\u00f5i teenusepakkuja turvalises maksekeskkonnas. Slonny e-poel puudub ligip\u00e4\u00e4s kliendi panga ja krediitkaardi andmetele.<\/p><p>Miss Valentine O\u00dc edastab maksete teostamiseks vajalikud isikuandmed volitatud t\u00f6\u00f6tlejale.<\/p>\t\t\t\t\t\t\t\t<\/div>\n\t\t\t\t<\/div>\n\t\t\t\t\t<\/div>\n\t\t<\/div>\n\t\t\t\t\t<\/div>\n\t\t<\/section>\n\t\t\t\t<\/div>\n\t\t","protected":false},"excerpt":{"rendered":"<p>K\u00f5ik Slonny e-poes kuvatavad hinnad on esitatud eurodes. Ostu eest saab tasuda j\u00e4rgmiste Eesti pangalinkidega: Swedbank, SEB, Luminor, Coop, LHV Pank. Samuti Visa ja MasterCard krediitkaartidega ja Maestro pangakaardiga. Klientidel<\/p>\n","protected":false},"author":1,"featured_media":0,"parent":0,"menu_order":0,"comment_status":"closed","ping_status":"closed","template":"","meta":{"footnotes":""},"class_list":["post-1401","page","type-page","status-publish","hentry"],"yoast_head":"<!-- This site is optimized with the Yoast SEO plugin v27.4 - https:\/\/yoast.com\/product\/yoast-seo-wordpress\/ -->\n<title>Maksev\u00f5imalused - Slonny<\/title>\n<meta name=\"robots\" content=\"index, follow, max-snippet:-1, max-image-preview:large, max-video-preview:-1\" \/>\n<link rel=\"canonical\" href=\"https:\/\/slonny.com\/et\/maksevoimalused\/\" \/>\n<meta property=\"og:locale\" content=\"et_EE\" \/>\n<meta property=\"og:type\" content=\"article\" \/>\n<meta property=\"og:title\" content=\"Maksev\u00f5imalused - Slonny\" \/>\n<meta property=\"og:description\" content=\"K\u00f5ik Slonny e-poes kuvatavad hinnad on esitatud eurodes. Ostu eest saab tasuda j\u00e4rgmiste Eesti pangalinkidega: Swedbank, SEB, Luminor, Coop, LHV Pank. Samuti Visa ja MasterCard krediitkaartidega ja Maestro pangakaardiga. Klientidel\" \/>\n<meta property=\"og:url\" content=\"https:\/\/slonny.com\/et\/maksevoimalused\/\" \/>\n<meta property=\"og:site_name\" content=\"Slonny\" \/>\n<meta property=\"article:publisher\" content=\"https:\/\/www.facebook.com\/www.slonny.ee\" \/>\n<meta property=\"article:modified_time\" content=\"2024-03-16T15:43:53+00:00\" \/>\n<meta name=\"twitter:card\" content=\"summary_large_image\" \/>\n<meta name=\"twitter:label1\" content=\"Est. reading time\" \/>\n\t<meta name=\"twitter:data1\" content=\"1 minut\" \/>\n<script type=\"application\/ld+json\" class=\"yoast-schema-graph\">{\"@context\":\"https:\\\/\\\/schema.org\",\"@graph\":[{\"@type\":\"WebPage\",\"@id\":\"https:\\\/\\\/slonny.com\\\/et\\\/maksevoimalused\\\/\",\"url\":\"https:\\\/\\\/slonny.com\\\/et\\\/maksevoimalused\\\/\",\"name\":\"Maksev\u00f5imalused - Slonny\",\"isPartOf\":{\"@id\":\"https:\\\/\\\/slonny.com\\\/et\\\/#website\"},\"datePublished\":\"2023-06-02T08:42:41+00:00\",\"dateModified\":\"2024-03-16T15:43:53+00:00\",\"breadcrumb\":{\"@id\":\"https:\\\/\\\/slonny.com\\\/et\\\/maksevoimalused\\\/#breadcrumb\"},\"inLanguage\":\"et\",\"potentialAction\":[{\"@type\":\"ReadAction\",\"target\":[\"https:\\\/\\\/slonny.com\\\/et\\\/maksevoimalused\\\/\"]}]},{\"@type\":\"BreadcrumbList\",\"@id\":\"https:\\\/\\\/slonny.com\\\/et\\\/maksevoimalused\\\/#breadcrumb\",\"itemListElement\":[{\"@type\":\"ListItem\",\"position\":1,\"name\":\"Avaleht\",\"item\":\"https:\\\/\\\/slonny.com\\\/et\\\/\"},{\"@type\":\"ListItem\",\"position\":2,\"name\":\"Maksev\u00f5imalused\"}]},{\"@type\":\"WebSite\",\"@id\":\"https:\\\/\\\/slonny.com\\\/et\\\/#website\",\"url\":\"https:\\\/\\\/slonny.com\\\/et\\\/\",\"name\":\"Slonny\",\"description\":\"\",\"publisher\":{\"@id\":\"https:\\\/\\\/slonny.com\\\/et\\\/#organization\"},\"potentialAction\":[{\"@type\":\"SearchAction\",\"target\":{\"@type\":\"EntryPoint\",\"urlTemplate\":\"https:\\\/\\\/slonny.com\\\/et\\\/?s={search_term_string}\"},\"query-input\":{\"@type\":\"PropertyValueSpecification\",\"valueRequired\":true,\"valueName\":\"search_term_string\"}}],\"inLanguage\":\"et\"},{\"@type\":\"Organization\",\"@id\":\"https:\\\/\\\/slonny.com\\\/et\\\/#organization\",\"name\":\"MISS VALENTINE O\u00dc\",\"url\":\"https:\\\/\\\/slonny.com\\\/et\\\/\",\"logo\":{\"@type\":\"ImageObject\",\"inLanguage\":\"et\",\"@id\":\"https:\\\/\\\/slonny.com\\\/et\\\/#\\\/schema\\\/logo\\\/image\\\/\",\"url\":\"https:\\\/\\\/slonny.com\\\/wp-content\\\/uploads\\\/2023\\\/05\\\/logo.svg\",\"contentUrl\":\"https:\\\/\\\/slonny.com\\\/wp-content\\\/uploads\\\/2023\\\/05\\\/logo.svg\",\"width\":1,\"height\":1,\"caption\":\"MISS VALENTINE O\u00dc\"},\"image\":{\"@id\":\"https:\\\/\\\/slonny.com\\\/et\\\/#\\\/schema\\\/logo\\\/image\\\/\"},\"sameAs\":[\"https:\\\/\\\/www.facebook.com\\\/www.slonny.ee\",\"https:\\\/\\\/www.instagram.com\\\/slonny_clothing\\\/\"]}]}<\/script>\n<!-- \/ Yoast SEO plugin. -->","yoast_head_json":{"title":"Maksev\u00f5imalused - Slonny","robots":{"index":"index","follow":"follow","max-snippet":"max-snippet:-1","max-image-preview":"max-image-preview:large","max-video-preview":"max-video-preview:-1"},"canonical":"https:\/\/slonny.com\/et\/maksevoimalused\/","og_locale":"et_EE","og_type":"article","og_title":"Maksev\u00f5imalused - Slonny","og_description":"K\u00f5ik Slonny e-poes kuvatavad hinnad on esitatud eurodes. Ostu eest saab tasuda j\u00e4rgmiste Eesti pangalinkidega: Swedbank, SEB, Luminor, Coop, LHV Pank. Samuti Visa ja MasterCard krediitkaartidega ja Maestro pangakaardiga. Klientidel","og_url":"https:\/\/slonny.com\/et\/maksevoimalused\/","og_site_name":"Slonny","article_publisher":"https:\/\/www.facebook.com\/www.slonny.ee","article_modified_time":"2024-03-16T15:43:53+00:00","twitter_card":"summary_large_image","twitter_misc":{"Est. reading time":"1 minut"},"schema":{"@context":"https:\/\/schema.org","@graph":[{"@type":"WebPage","@id":"https:\/\/slonny.com\/et\/maksevoimalused\/","url":"https:\/\/slonny.com\/et\/maksevoimalused\/","name":"Maksev\u00f5imalused - Slonny","isPartOf":{"@id":"https:\/\/slonny.com\/et\/#website"},"datePublished":"2023-06-02T08:42:41+00:00","dateModified":"2024-03-16T15:43:53+00:00","breadcrumb":{"@id":"https:\/\/slonny.com\/et\/maksevoimalused\/#breadcrumb"},"inLanguage":"et","potentialAction":[{"@type":"ReadAction","target":["https:\/\/slonny.com\/et\/maksevoimalused\/"]}]},{"@type":"BreadcrumbList","@id":"https:\/\/slonny.com\/et\/maksevoimalused\/#breadcrumb","itemListElement":[{"@type":"ListItem","position":1,"name":"Avaleht","item":"https:\/\/slonny.com\/et\/"},{"@type":"ListItem","position":2,"name":"Maksev\u00f5imalused"}]},{"@type":"WebSite","@id":"https:\/\/slonny.com\/et\/#website","url":"https:\/\/slonny.com\/et\/","name":"Slonny","description":"","publisher":{"@id":"https:\/\/slonny.com\/et\/#organization"},"potentialAction":[{"@type":"SearchAction","target":{"@type":"EntryPoint","urlTemplate":"https:\/\/slonny.com\/et\/?s={search_term_string}"},"query-input":{"@type":"PropertyValueSpecification","valueRequired":true,"valueName":"search_term_string"}}],"inLanguage":"et"},{"@type":"Organization","@id":"https:\/\/slonny.com\/et\/#organization","name":"MISS VALENTINE O\u00dc","url":"https:\/\/slonny.com\/et\/","logo":{"@type":"ImageObject","inLanguage":"et","@id":"https:\/\/slonny.com\/et\/#\/schema\/logo\/image\/","url":"https:\/\/slonny.com\/wp-content\/uploads\/2023\/05\/logo.svg","contentUrl":"https:\/\/slonny.com\/wp-content\/uploads\/2023\/05\/logo.svg","width":1,"height":1,"caption":"MISS VALENTINE O\u00dc"},"image":{"@id":"https:\/\/slonny.com\/et\/#\/schema\/logo\/image\/"},"sameAs":["https:\/\/www.facebook.com\/www.slonny.ee","https:\/\/www.instagram.com\/slonny_clothing\/"]}]}},"_links":{"self":[{"href":"https:\/\/slonny.com\/et\/wp-json\/wp\/v2\/pages\/1401","targetHints":{"allow":["GET"]}}],"collection":[{"href":"https:\/\/slonny.com\/et\/wp-json\/wp\/v2\/pages"}],"about":[{"href":"https:\/\/slonny.com\/et\/wp-json\/wp\/v2\/types\/page"}],"author":[{"embeddable":true,"href":"https:\/\/slonny.com\/et\/wp-json\/wp\/v2\/users\/1"}],"replies":[{"embeddable":true,"href":"https:\/\/slonny.com\/et\/wp-json\/wp\/v2\/comments?post=1401"}],"version-history":[{"count":7,"href":"https:\/\/slonny.com\/et\/wp-json\/wp\/v2\/pages\/1401\/revisions"}],"predecessor-version":[{"id":3520,"href":"https:\/\/slonny.com\/et\/wp-json\/wp\/v2\/pages\/1401\/revisions\/3520"}],"wp:attachment":[{"href":"https:\/\/slonny.com\/et\/wp-json\/wp\/v2\/media?parent=1401"}],"curies":[{"name":"wp","href":"https:\/\/api.w.org\/{rel}","templated":true}]}}