{"id":1407,"date":"2023-06-02T11:50:59","date_gmt":"2023-06-02T08:50:59","guid":{"rendered":"https:\/\/slonny.vdisain.dev\/?page_id=1407"},"modified":"2024-03-16T18:45:01","modified_gmt":"2024-03-16T15:45:01","slug":"kohaletoimetamine","status":"publish","type":"page","link":"https:\/\/slonny.com\/et\/kohaletoimetamine\/","title":{"rendered":"Kohaletoimetamine"},"content":{"rendered":"\t\t<div data-elementor-type=\"wp-page\" data-elementor-id=\"1407\" class=\"elementor elementor-1407\" data-elementor-post-type=\"page\">\n\t\t\t\t\t\t<section class=\"elementor-section elementor-top-section elementor-element elementor-element-14a4298c elementor-section-content-middle elementor-section-boxed elementor-section-height-default elementor-section-height-default\" data-id=\"14a4298c\" data-element_type=\"section\" data-e-type=\"section\">\n\t\t\t\t\t\t<div class=\"elementor-container elementor-column-gap-default\">\n\t\t\t\t\t<div class=\"elementor-column elementor-col-100 elementor-top-column elementor-element elementor-element-5ab80ad6\" data-id=\"5ab80ad6\" data-element_type=\"column\" data-e-type=\"column\">\n\t\t\t<div class=\"elementor-widget-wrap elementor-element-populated\">\n\t\t\t\t\t\t<div class=\"elementor-element elementor-element-7756bdf4 elementor-widget elementor-widget-text-editor\" data-id=\"7756bdf4\" data-element_type=\"widget\" data-e-type=\"widget\" data-widget_type=\"text-editor.default\">\n\t\t\t\t<div class=\"elementor-widget-container\">\n\t\t\t\t\t\t\t\t\t<p>Slonny e-pood tarnib kaupa j\u00e4rgmistesse riikidesse:<\/p><p><em>Armeenia, Austraalia, Austria, Aserbaid\u017aaan,Valgevene, Belgia, Bulgaaria,\u00a0Filipiinid, Kanada, Hiina, Horvaatia, K\u00fcpros,T\u015behhi,Taani, Eesti, Soome, Prantsusmaa, Georgia, Saksamaa, Kreeka, Ungari, Island, Iirimaa, Itaalia, Kasahstan, L\u00e4ti, Leedu, Malta, Montenegro, Holland, Norra, Poola, Portugal, Rumeenia, Venemaa, Slovakkia, Sloveenia, Hispaania, Rootsi, Suurbritannia, Ameerika \u00dchendriigid ja \u015aveits<\/em><\/p><p>Ostu kohaletoimetamiseks pakub Slonny e-pood j\u00e4rgmisi v\u00f5imalusi:<\/p><p>\u2714 Omniva\u00a0(Eesti Post) pakiautomaati Eestis<\/p><p>\u2714\u00a0Omniva t\u00e4hitud\u00a0Maksikiri Eestis<\/p><p>\u2714\u00a0Omniva t\u00e4hitud rahvusvaheline Maksikiri<\/p><p>\u2714\u00a0SmartPOST pakiautomaati Eestis<\/p><p>\u2714 SmartPOST\u00a0pakiautomaati Soomes<\/p><p>\u2714\u00a0Pakk k\u00e4ttesaamisega Slonny m\u00fc\u00fcgipunktist, Ihaste tee 7, Tartu (avatud: E 15-18, T 15-18, K 15-18)<\/p><p>Postiteenuse osutajate tingimustest saad vajadusel l\u00e4hemalt lugeda nende kodulehtedelt:\u00a0<a href=\"https:\/\/www.omniva.ee\/\">https:\/\/www.omniva.ee<\/a>\u00a0ja\u00a0<a href=\"http:\/\/uus.smartpost.ee\/\">http:\/\/uus.smartpost.ee<\/a><\/p><p>Kohaletoimetamise viisi saad valida tellimuse tegemise k\u00e4igus. Loe kohaletoimetamisest l\u00e4hemalt: KLIENDITEENINDUS&gt;KASUTUSTINGIMUSED&gt;KAUBA KOHALETOIMETAMINE.<\/p>\t\t\t\t\t\t\t\t<\/div>\n\t\t\t\t<\/div>\n\t\t\t\t\t<\/div>\n\t\t<\/div>\n\t\t\t\t\t<\/div>\n\t\t<\/section>\n\t\t\t\t<\/div>\n\t\t","protected":false},"excerpt":{"rendered":"<p>Slonny e-pood tarnib kaupa j\u00e4rgmistesse riikidesse: Armeenia, Austraalia, Austria, Aserbaid\u017aaan,Valgevene, Belgia, Bulgaaria,\u00a0Filipiinid, Kanada, Hiina, Horvaatia, K\u00fcpros,T\u015behhi,Taani, Eesti, Soome, Prantsusmaa, Georgia, Saksamaa, Kreeka, Ungari, Island, Iirimaa, Itaalia, Kasahstan, L\u00e4ti, Leedu, Malta,<\/p>\n","protected":false},"author":1,"featured_media":0,"parent":0,"menu_order":0,"comment_status":"closed","ping_status":"closed","template":"","meta":{"footnotes":""},"class_list":["post-1407","page","type-page","status-publish","hentry"],"yoast_head":"<!-- This site is optimized with the Yoast SEO plugin v27.4 - https:\/\/yoast.com\/product\/yoast-seo-wordpress\/ -->\n<title>Kohaletoimetamine - Slonny<\/title>\n<meta name=\"robots\" content=\"index, follow, max-snippet:-1, max-image-preview:large, max-video-preview:-1\" \/>\n<link rel=\"canonical\" href=\"https:\/\/slonny.com\/et\/kohaletoimetamine\/\" \/>\n<meta property=\"og:locale\" content=\"et_EE\" \/>\n<meta property=\"og:type\" content=\"article\" \/>\n<meta property=\"og:title\" content=\"Kohaletoimetamine - Slonny\" \/>\n<meta property=\"og:description\" content=\"Slonny e-pood tarnib kaupa j\u00e4rgmistesse riikidesse: Armeenia, Austraalia, Austria, Aserbaid\u017aaan,Valgevene, Belgia, Bulgaaria,\u00a0Filipiinid, Kanada, Hiina, Horvaatia, K\u00fcpros,T\u015behhi,Taani, Eesti, Soome, Prantsusmaa, Georgia, Saksamaa, Kreeka, Ungari, Island, Iirimaa, Itaalia, Kasahstan, L\u00e4ti, Leedu, Malta,\" \/>\n<meta property=\"og:url\" content=\"https:\/\/slonny.com\/et\/kohaletoimetamine\/\" \/>\n<meta property=\"og:site_name\" content=\"Slonny\" \/>\n<meta property=\"article:publisher\" content=\"https:\/\/www.facebook.com\/www.slonny.ee\" \/>\n<meta property=\"article:modified_time\" content=\"2024-03-16T15:45:01+00:00\" \/>\n<meta name=\"twitter:card\" content=\"summary_large_image\" \/>\n<meta name=\"twitter:label1\" content=\"Est. reading time\" \/>\n\t<meta name=\"twitter:data1\" content=\"1 minut\" \/>\n<script type=\"application\/ld+json\" class=\"yoast-schema-graph\">{\"@context\":\"https:\\\/\\\/schema.org\",\"@graph\":[{\"@type\":\"WebPage\",\"@id\":\"https:\\\/\\\/slonny.com\\\/et\\\/kohaletoimetamine\\\/\",\"url\":\"https:\\\/\\\/slonny.com\\\/et\\\/kohaletoimetamine\\\/\",\"name\":\"Kohaletoimetamine - Slonny\",\"isPartOf\":{\"@id\":\"https:\\\/\\\/slonny.com\\\/et\\\/#website\"},\"datePublished\":\"2023-06-02T08:50:59+00:00\",\"dateModified\":\"2024-03-16T15:45:01+00:00\",\"breadcrumb\":{\"@id\":\"https:\\\/\\\/slonny.com\\\/et\\\/kohaletoimetamine\\\/#breadcrumb\"},\"inLanguage\":\"et\",\"potentialAction\":[{\"@type\":\"ReadAction\",\"target\":[\"https:\\\/\\\/slonny.com\\\/et\\\/kohaletoimetamine\\\/\"]}]},{\"@type\":\"BreadcrumbList\",\"@id\":\"https:\\\/\\\/slonny.com\\\/et\\\/kohaletoimetamine\\\/#breadcrumb\",\"itemListElement\":[{\"@type\":\"ListItem\",\"position\":1,\"name\":\"Avaleht\",\"item\":\"https:\\\/\\\/slonny.com\\\/et\\\/\"},{\"@type\":\"ListItem\",\"position\":2,\"name\":\"Kohaletoimetamine\"}]},{\"@type\":\"WebSite\",\"@id\":\"https:\\\/\\\/slonny.com\\\/et\\\/#website\",\"url\":\"https:\\\/\\\/slonny.com\\\/et\\\/\",\"name\":\"Slonny\",\"description\":\"\",\"publisher\":{\"@id\":\"https:\\\/\\\/slonny.com\\\/et\\\/#organization\"},\"potentialAction\":[{\"@type\":\"SearchAction\",\"target\":{\"@type\":\"EntryPoint\",\"urlTemplate\":\"https:\\\/\\\/slonny.com\\\/et\\\/?s={search_term_string}\"},\"query-input\":{\"@type\":\"PropertyValueSpecification\",\"valueRequired\":true,\"valueName\":\"search_term_string\"}}],\"inLanguage\":\"et\"},{\"@type\":\"Organization\",\"@id\":\"https:\\\/\\\/slonny.com\\\/et\\\/#organization\",\"name\":\"MISS VALENTINE O\u00dc\",\"url\":\"https:\\\/\\\/slonny.com\\\/et\\\/\",\"logo\":{\"@type\":\"ImageObject\",\"inLanguage\":\"et\",\"@id\":\"https:\\\/\\\/slonny.com\\\/et\\\/#\\\/schema\\\/logo\\\/image\\\/\",\"url\":\"https:\\\/\\\/slonny.com\\\/wp-content\\\/uploads\\\/2023\\\/05\\\/logo.svg\",\"contentUrl\":\"https:\\\/\\\/slonny.com\\\/wp-content\\\/uploads\\\/2023\\\/05\\\/logo.svg\",\"width\":1,\"height\":1,\"caption\":\"MISS VALENTINE O\u00dc\"},\"image\":{\"@id\":\"https:\\\/\\\/slonny.com\\\/et\\\/#\\\/schema\\\/logo\\\/image\\\/\"},\"sameAs\":[\"https:\\\/\\\/www.facebook.com\\\/www.slonny.ee\",\"https:\\\/\\\/www.instagram.com\\\/slonny_clothing\\\/\"]}]}<\/script>\n<!-- \/ Yoast SEO plugin. -->","yoast_head_json":{"title":"Kohaletoimetamine - Slonny","robots":{"index":"index","follow":"follow","max-snippet":"max-snippet:-1","max-image-preview":"max-image-preview:large","max-video-preview":"max-video-preview:-1"},"canonical":"https:\/\/slonny.com\/et\/kohaletoimetamine\/","og_locale":"et_EE","og_type":"article","og_title":"Kohaletoimetamine - Slonny","og_description":"Slonny e-pood tarnib kaupa j\u00e4rgmistesse riikidesse: Armeenia, Austraalia, Austria, Aserbaid\u017aaan,Valgevene, Belgia, Bulgaaria,\u00a0Filipiinid, Kanada, Hiina, Horvaatia, K\u00fcpros,T\u015behhi,Taani, Eesti, Soome, Prantsusmaa, Georgia, Saksamaa, Kreeka, Ungari, Island, Iirimaa, Itaalia, Kasahstan, L\u00e4ti, Leedu, Malta,","og_url":"https:\/\/slonny.com\/et\/kohaletoimetamine\/","og_site_name":"Slonny","article_publisher":"https:\/\/www.facebook.com\/www.slonny.ee","article_modified_time":"2024-03-16T15:45:01+00:00","twitter_card":"summary_large_image","twitter_misc":{"Est. reading time":"1 minut"},"schema":{"@context":"https:\/\/schema.org","@graph":[{"@type":"WebPage","@id":"https:\/\/slonny.com\/et\/kohaletoimetamine\/","url":"https:\/\/slonny.com\/et\/kohaletoimetamine\/","name":"Kohaletoimetamine - Slonny","isPartOf":{"@id":"https:\/\/slonny.com\/et\/#website"},"datePublished":"2023-06-02T08:50:59+00:00","dateModified":"2024-03-16T15:45:01+00:00","breadcrumb":{"@id":"https:\/\/slonny.com\/et\/kohaletoimetamine\/#breadcrumb"},"inLanguage":"et","potentialAction":[{"@type":"ReadAction","target":["https:\/\/slonny.com\/et\/kohaletoimetamine\/"]}]},{"@type":"BreadcrumbList","@id":"https:\/\/slonny.com\/et\/kohaletoimetamine\/#breadcrumb","itemListElement":[{"@type":"ListItem","position":1,"name":"Avaleht","item":"https:\/\/slonny.com\/et\/"},{"@type":"ListItem","position":2,"name":"Kohaletoimetamine"}]},{"@type":"WebSite","@id":"https:\/\/slonny.com\/et\/#website","url":"https:\/\/slonny.com\/et\/","name":"Slonny","description":"","publisher":{"@id":"https:\/\/slonny.com\/et\/#organization"},"potentialAction":[{"@type":"SearchAction","target":{"@type":"EntryPoint","urlTemplate":"https:\/\/slonny.com\/et\/?s={search_term_string}"},"query-input":{"@type":"PropertyValueSpecification","valueRequired":true,"valueName":"search_term_string"}}],"inLanguage":"et"},{"@type":"Organization","@id":"https:\/\/slonny.com\/et\/#organization","name":"MISS VALENTINE O\u00dc","url":"https:\/\/slonny.com\/et\/","logo":{"@type":"ImageObject","inLanguage":"et","@id":"https:\/\/slonny.com\/et\/#\/schema\/logo\/image\/","url":"https:\/\/slonny.com\/wp-content\/uploads\/2023\/05\/logo.svg","contentUrl":"https:\/\/slonny.com\/wp-content\/uploads\/2023\/05\/logo.svg","width":1,"height":1,"caption":"MISS VALENTINE O\u00dc"},"image":{"@id":"https:\/\/slonny.com\/et\/#\/schema\/logo\/image\/"},"sameAs":["https:\/\/www.facebook.com\/www.slonny.ee","https:\/\/www.instagram.com\/slonny_clothing\/"]}]}},"_links":{"self":[{"href":"https:\/\/slonny.com\/et\/wp-json\/wp\/v2\/pages\/1407","targetHints":{"allow":["GET"]}}],"collection":[{"href":"https:\/\/slonny.com\/et\/wp-json\/wp\/v2\/pages"}],"about":[{"href":"https:\/\/slonny.com\/et\/wp-json\/wp\/v2\/types\/page"}],"author":[{"embeddable":true,"href":"https:\/\/slonny.com\/et\/wp-json\/wp\/v2\/users\/1"}],"replies":[{"embeddable":true,"href":"https:\/\/slonny.com\/et\/wp-json\/wp\/v2\/comments?post=1407"}],"version-history":[{"count":4,"href":"https:\/\/slonny.com\/et\/wp-json\/wp\/v2\/pages\/1407\/revisions"}],"predecessor-version":[{"id":1420,"href":"https:\/\/slonny.com\/et\/wp-json\/wp\/v2\/pages\/1407\/revisions\/1420"}],"wp:attachment":[{"href":"https:\/\/slonny.com\/et\/wp-json\/wp\/v2\/media?parent=1407"}],"curies":[{"name":"wp","href":"https:\/\/api.w.org\/{rel}","templated":true}]}}