{"id":1431,"date":"2023-06-02T11:58:30","date_gmt":"2023-06-02T08:58:30","guid":{"rendered":"https:\/\/slonny.vdisain.dev\/?page_id=1431"},"modified":"2024-03-16T18:41:20","modified_gmt":"2024-03-16T15:41:20","slug":"kasutustingimused","status":"publish","type":"page","link":"https:\/\/slonny.com\/et\/kasutustingimused\/","title":{"rendered":"Kasutustingimused"},"content":{"rendered":"\t\t<div data-elementor-type=\"wp-page\" data-elementor-id=\"1431\" class=\"elementor elementor-1431\" data-elementor-post-type=\"page\">\n\t\t\t\t\t\t<section class=\"elementor-section elementor-top-section elementor-element elementor-element-14a4298c elementor-section-content-middle elementor-section-boxed elementor-section-height-default elementor-section-height-default\" data-id=\"14a4298c\" data-element_type=\"section\" data-e-type=\"section\">\n\t\t\t\t\t\t<div class=\"elementor-container elementor-column-gap-default\">\n\t\t\t\t\t<div class=\"elementor-column elementor-col-100 elementor-top-column elementor-element elementor-element-5ab80ad6\" data-id=\"5ab80ad6\" data-element_type=\"column\" data-e-type=\"column\">\n\t\t\t<div class=\"elementor-widget-wrap elementor-element-populated\">\n\t\t\t\t\t\t<div class=\"elementor-element elementor-element-7756bdf4 elementor-widget elementor-widget-text-editor\" data-id=\"7756bdf4\" data-element_type=\"widget\" data-e-type=\"widget\" data-widget_type=\"text-editor.default\">\n\t\t\t\t<div class=\"elementor-widget-container\">\n\t\t\t\t\t\t\t\t\t<p><strong>Slonny e-poe kasutustingimused<\/strong><\/p><p>1. \u00dclds\u00e4tted<\/p><p>1.1.K\u00e4esolevad kasutustingimused reguleerivad O\u00dc Miss Valentine, registrikood 11901551,Metsasarve tee 2\/2-3, Lohkva k\u00fcla,Luunja vald, Tartumaa, 62207.<\/p><p>(edaspidi \u201cEttev\u00f5tja\u201d) ja ostu sooritanud isiku (edaspidi\u00a0 \u201cKlient\u201d) vahel tekkivaid \u00f5igussuhteid kaubam\u00e4rgi SLONNY toodete ja aksessuaaride ostmisel-m\u00fc\u00fcmisel <a href=\"http:\/\/www.slonny.com\/\">www.slonny.com<\/a>\u00a0m\u00fc\u00fcgikeskkonnas (edaspidi e-pood).<\/p><p>1.2. Lisaks k\u00e4esolevatele kasutustingimustele reguleerivad e-poe vahendusel toodete turustamisel tekkivaid \u00f5igussuhteid Eesti Vabariigi seadused.<\/p><p>1.3. Ettev\u00f5tja v\u00f5ib muuta e-poe kasutustingimusi ja toodete ning teenuste hindasid teavitades muudatustest e-poe keskkonnas. Tehingule rakendatakse tehingu toimumise hetkel kehtivaid tingimusi ja hindu.<\/p><p>1.4. E-poes registreerudes v\u00f5i ostu sooritades n\u00f5ustub Klient e-poe kasutustingimustega ja kohustub neid t\u00e4itma.<\/p><p>1.5. Ettev\u00f5tja ja Kliendi vahel j\u00f5ustub m\u00fc\u00fcgileping alates tasumisele kuuluva ostusumma laekumisest Ettev\u00f5tja arvelduskontole.<\/p><p>1.6. Ettev\u00f5tjal on \u00f5igus loobuda tellimuse t\u00e4itmisest kui tehnilise vea t\u00f5ttu oli e-poes kuvatud \u00a0toote hind ekslik. Sellisel juhul tagastatakse Kliendile tema poolt makstud summa.<\/p><p>2. Toote hind<\/p><p>2.1. Toodete hinnad (sh. soodushinnad ) on n\u00e4htavad \u00a0toodetelehel toote juures. Hinnad sisaldavad Eesti Vabariigis kehtivat k\u00e4ibemaksu.<\/p><p>2.2. Toodete hinnale lisandub tellimuse vormistamise k\u00e4igus Kliendi poolt valitud tarneviisile vastav kohaletoimetamise tasu. Tarneviis valitakse ning kohaletoimetamistasu arvutatakse e-poe ostukorvis.<\/p><p>3. Tellimuse vormistamine<\/p><p>3.1. Klient lisab toote ostukorvi p\u00e4rat selle v\u00e4rvi ja suuruse valimist tootelehel, kasutades selleks nuppu \u201elisa ostukorvi\u201c. Ostukorvis on v\u00f5imalik koguseid muuta ning tooteid ostukorvist eemaldada kuni toode eest tasumiseni.Tellimuse vormistamiseks tuleb ostukorvis sisestada vajalikud andmed, valida makseviis ning vajutada nuppu \u201emine maksma\u201c. Tellimus loetakse l\u00f5plikult vormistatuks p\u00e4rast \u201eTurvaline makse\u201c nupu vajutamist.<\/p><p>3.2. Teatise tellimuse kinnituse kohta saadab Ettev\u00f5tja Kliendi e-posti aadressile.<\/p><p>3.3. Kliendi tellitud Toote puudumisel t\u00fchistab Ettev\u00f5tja tellimuse, teavitab sellest Klienti, pakub talle asendustoodet v\u00f5i tagastab kogu ostusumma hiljemalt 14 p\u00e4eva jooksul.<\/p><p>3.4. E-poes olevad tootefotod, sh.toote v\u00e4rvi valikud (v\u00e4rvikastid) on illustratiivse t\u00e4hendusega ja v\u00f5ivad v\u00e4hesel m\u00e4\u00e4ral tahtmatult erineda toote tegelikust v\u00e4rvist ja v\u00e4ljan\u00e4gemisest.<\/p><p>4. Toote eest tasumine<\/p><p>4.1. E-poes sooritatud ostude eest tasub Klient 100% ettemaksuna.<\/p><p>4.2. Tellimuste eest saab tasuda krediitkaardiga (Visa, MasterCard), Maestro pangakaardiga ja Eesti pangalinkidega (Swedbank, SEB, Nordea, Danske, Krediidipank, LHV Pank). Soome klientidel on lisaks v\u00f5imalus tasuda Alandsbanken,\u00a0Danske Bank,\u00a0Handelsbanken,\u00a0Nordea,\u00a0Pohjola, S\u00e4\u00e4stopankki and S-Pankki pangalinkidega.<\/p><p>4.3. Tasumine toimub v\u00e4ljaspool e-poodi vastava panga v\u00f5i teenuse pakkuja turvalises keskkonnas.Ettev\u00f5tjal puudub ligip\u00e4\u00e4s Kliendi pangaandmetele\u00a0ja krediitkaardi andmetele.<\/p><p>4.4. Peale tellimuse esitamist ja kauba eest tasumist saadetakse Kliendile e-posti teel tellimuse kinnitus.<\/p><p>4.5. Klient kohustub tellimuse vormistamisel esitama selle t\u00e4itmiseks vajalikud ja t\u00f5esed andmed. Ettev\u00f5tja ei vastuta ebakorrektsetest andmetest tingitud t\u00e4itmise v\u00f5imatuse ja sellest tuleneda v\u00f5ivate tagaj\u00e4rgede eest.<\/p><p>5. Kauba kohaletoimetamine<\/p><p>5.1. E-pood tarnib tooteid j\u00e4rgmistesse riikidesse:\u00a0<em>Armeenia, Austraalia, Austria, Aserbaid\u017aaan,Valgevene, Belgia, Bulgaaria,\u00a0Filipiinid, Kanada, Hiina, Horvaatia, K\u00fcpros,T\u015behhi,Taani, Eesti, Soome, Prantsusmaa, Georgia, Saksamaa, Kreeka, Ungari, Island, Iirimaa, Itaalia, Kasahstan, L\u00e4ti, Leedu, Malta, Montenegro, Holland, Norra, Poola, Portugal, Rumeenia, Venemaa, Slovakkia, Sloveenia, Hispaania, Rootsi, Suurbritannia, Ameerika \u00dchendriigid ja \u015aveits<\/em>.<\/p><p>Toote kohalej\u00f5udmine s\u00f5ltub Kliendi poolt valitud kohaletoimetamise viisist, \u00fcldjuhul toimetatakse kaup kohale 3-30 p\u00e4eva\u00a0jooksul peale lepingu j\u00f5ustumist.<\/p><p>5.2.V\u00f5imalikud sihtriigi tollimaksud ja tolliformaalusest tekkida v\u00f5ivad kulud tasub ja seonduva asjaajamise korraldab Klient omal kulul.<\/p><p>5.2. Tooted tarnitakse j\u00e4rgmiselt:<\/p><p>5.2.1. Eesti piires. \u00a0Omniva (AS Eesti Post) poolt pakutava Maksikiri \u00c4rikiri teenusega postkontorisse, Omniva pakk pakiautomaati teenusena ning Itella SmartPOST pakiautomaadi teenusena.<\/p><p>5.2.2. Valides kohaletoimetamise viisina Postkontori, j\u00f5uab toode Kliendi poolt valitud postkontorisse 5 t\u00f6\u00f6p\u00e4eva jooksul arvates tellimuse kinnituse saatmisest Kliendi e-posti aadressile. Toote j\u00f5uadmisest postkontorisse, teavitatakse Klienti SMS teatega, mis sisaldab infot postkontori kohta, kust Klient toote k\u00e4tte saab. Toodet hoitakse postkontoris 14 kalendrip\u00e4eva.<\/p><p>5.2.3. Valides kohaletoimetamise viisina\u00a0Omniva pakiautomaadi, j\u00f5uab toode Kliendi poolt valitud pakiautomaati 5 t\u00f6\u00f6p\u00e4eva jooksul arvates tellimuse kinnituse saatmisest Kliendi e-posti aadressile.<\/p><p>Toote kohalej\u00f5udmisest pakiautomaati teavitatakse Klienti SMS teatega, \u00a0mis sisaldab uksekoodi, pakiautomaadi asukohta, tagastuskoodi ning hoiut\u00e4htaja l\u00f5ppu. Automaadid on avatud 24 tundi. Toodet hoitakse pakiautomaadis 7 kalendrip\u00e4eva.<\/p><p>5.2.4. Valides kohaletoimetamise viisina SmartPost pakiautomaadi, j\u00f5uab toode Kliendi poolt valitud pakiautomaati 5 t\u00f6\u00f6p\u00e4eva jooksul arvates tellimuse kinnituse saatmisest Kliendi e-posti aadressile.Toote kohalej\u00f5udmisest pakiautomaati teavitatakse Klienti SMS teatega, mis sisaldab uksekoodi, pakiautomaadi asukohta, tagastuskoodi ning hoiut\u00e4htaja l\u00f5ppu. Automaadid on avatud 24 tundi. Toodet hoitakse pakiautomaadis 7 kalendrip\u00e4eva.<\/p><p>5.2.5. Teistesse riikidesse. Omniva rahvusvahelise standartpaki teenusena. Soome vabariiki lisaks ka Itella pakiautomaadi teenusena.<\/p><p>6. Taganemis\u00f5igus, tagastamine ja toodete \u00fcmbervahetamine.<\/p><p>6.1. Kliendil on \u00f5igus p\u00f5hjust avaldamata tehingust taganeda 14 kalendrip\u00e4eva jooksul. 14 p\u00e4evast t\u00e4htaega arvestatakse alates toote pakiautomaati v\u00f5i postkontorisse saabumise teate k\u00e4ttesaamisest Kliendi poolt.<\/p><p>6.2. \u00dcmbervahetatav v\u00f5i tagastatav toode ei v\u00f5i olla m\u00e4\u00e4rdunud, kahjustatud ega kandmise v\u00f5i kasutamisj\u00e4lgedega. Toode peab olema korrektselt pakitud, originaalpakendis ning toote k\u00fcljes peavad olema k\u00f5ik originaaletiketid. Eelnimetatud \u00fche v\u00f5i mitme tingimuse mittet\u00e4itmisel on Ettev\u00f5tjal \u00f5igus tagastamisest v\u00f5i \u00fcmbervahetamisest loobuda.<\/p><p>6.3. Tagastamise viisid:<\/p><p>6.3.1. Juhul, kui kohaletoimetamise viisiks oli valitud Postkontor , saab toote \u00fcmber vahetada v\u00f5i tagastada, viies toode vabalt valitud postkontorisse. Toote \u00fcmbervahetamiseks ja tagastamiseks on n\u00f5utav toote ostupakendil olev triipkood.<\/p><p>6.3.2. Juhul, kui kohaletoimetamise viisiks oli valitud Omniva pakiautomaat, saab toote \u00fcmber vahetada v\u00f5i tagastada Omniva pakiautomaadi vahendusel, kasutades selleks esialgses SMS-is sisalduvat tagastuskoodi.<\/p><p>6.3.3. Juhul, kui kohaletoimetamise viisiks oli valitud SmartPost pakiautomaat, saab toote \u00fcmber vahetada v\u00f5i tagastada SmartPosti pakiautomaadi vahendusel, kasutades selleks esialgses SMS-is sisalduvat tagastuskoodi.<\/p><p>6.4. Tehingust taganemisel tagastab Ettev\u00f5tja Kliendile tema poolt tasutud summa, v\u00e4lja arvatud postikulud, kandes tagastatava summa Kliendi pangakontole hiljemalt 14 p\u00e4eva jooksul peale toote j\u00f5udmist Ettev\u00f5tjani v\u00f5i Kliendi poolt esitatud t\u00f5endi saamist toote tagasisaatmise kohta. Ettev\u00f5tjal on \u00f5igus tasutud summade tagastamisega viivitada seni, kuni Klient on toote tagastanud v\u00f5i esitanud t\u00f5endi toote tagastamiseks \u00fcle andmise kohta postiasutusele. Taganemis\u00f5iguse kasutamisel kannab Klient k\u00f5ik toote tagastamisega seotud otsesed kulud.<\/p><p>6.5. Tagastamis\u00f5igus ei kehti h\u00fcgieenilistel kaalutlustel pakendist v\u00e4lja v\u00f5etud pesutoodetele ja p\u00e4evitusriietele.<\/p><p>6.6. \u00dcmbervahetamise korral saadab E-pood Kliendile uue Toote vahetult peale \u00fcmbervahetamisele kuuluva Toote k\u00e4ttesaamist. Toote saab \u00fcmber vahetada \u00fcksnes sama toote ja v\u00e4rvi teise suuruse vastu.<\/p><p>6.7. Kui Ettev\u00f5tjale tagastatud toodet ei ole v\u00f5imalik v\u00e4lja vahetada Kliendi soovitud suuruse puudumise t\u00f5ttu, v\u00f5tab Ettev\u00f5tja Kliendiga \u00fchendust ja pakub talle asendustoodet v\u00f5i maksab Kliendile ostusumma tagasi<\/p><p>6.8. Toote \u00fcmbervahetamisel v\u00f5i tagastamisel on Klient kohustatud t\u00e4itma Tootega koos saadud \u00fcmbervahetamise ja tagastamise vormi ja saatma selle koos \u00fcmbervahetatava v\u00f5i tagastatava tootega e-poele aadressil:<\/p><p>V\u00f5imlemisklubi Janika, Ihaste tee 7, 51013\u00a0Tartu<\/p><p>\u00dcmbervahetust v\u00f5i tagastust aktsepteeritakse \u00fcksnes koos originaalarve ja korrektselt t\u00e4idetud tagastusvormiga.<\/p><p>6.9. Toote vahetamise v\u00f5i asendamise korral kannab Klient k\u00f5ik toote tagastamisega seotud saatekulud, v\u00e4lja arvatud juhul, kui tagastatav toode ei vastanud tellitule.<\/p><p>7. Pretensioonide edastamise kord<\/p><p>7.1. Toodete n\u00f5uetele mittevastavuse ja puuduste eest vastutab Ettev\u00f5tja 2 aasta jooksul alates toodete Kliendi poolt vastuv\u00f5tmisest.<\/p><p>7.2. Toote n\u00f5uetele mittevastavuse v\u00f5i toote puuduste avastamisel kohustub Klient sellest koheselt, kuid mitte hiljem kui 2 kuu jooksul mittevastavusest teada saamisest, teavitama Ettev\u00f5tjat, saates vastava info e-posti aadressilne <a href=\"mailto:shop@slonny.com\">shop@slonny.com<\/a>.<\/p><p>7.3. Lepingule mittevastava v\u00f5i defektse toote korral on Kliendil \u00f5igus n\u00f5uda Ettev\u00f5tjalt kohustuse t\u00e4itmist, taganeda lepingust v\u00f5i \u00f6elda leping \u00fcles ning n\u00f5uda kahju h\u00fcvitamist, hinna alandamist, rahalise kohustuse t\u00e4itmisega viivitamise korral n\u00f5uda viivist.<\/p><p>7.4. Toote n\u00f5uetele mittevastavuse v\u00f5i puuduse korral on Kliendil \u00f5igus n\u00f5uda esmalt toote tasuta parandamist v\u00f5i asendamist n\u00f5uetele vastava ja puudusteta toote vastu v\u00f5i tagastada toode Ettev\u00f5tja kulul. Kliendil on \u00f5igus n\u00f5uda toote ostuhinna alandamist v\u00f5i lepingu l\u00f5petamist ning toote eest tasutud summade tagasin\u00f5udmist, kui:<\/p><p>7.4.1. Ettev\u00f5tjal ei ole v\u00f5imalik toodet parandada v\u00f5i asendada<\/p><p>7.4.2. Toote parandamine v\u00f5i asendamine eba\u00f5nnestub<\/p><p>7.4.3. Ettev\u00f5tja ei ole toote puudust m\u00f5istliku aja jooksul k\u00f5rvaldanud<\/p><p>7.4.4. Kliendile tekitatakse p\u00f5hjendamatuid ebamugavusi.<\/p><p>7.5. N\u00f5uetele mittevastava toote tagastamise korral h\u00fcvitatakse Kliendile toote eest tasutud summa koos transpordimaksumusega Kliendi poolt n\u00e4idatud pangakontole hiljemalt 14 p\u00e4eva jooksul. Ettev\u00f5tjal on \u00f5igus tasutud summade tagastamisega viivitada seni, kuni Klient on tema k\u00e4es oleva toote tagastanud v\u00f5i esitanud t\u00f5endi toote tagastamiseks \u00fcleandmise kohta postiasutusele.<\/p><p>7.6. Ettev\u00f5tja ei h\u00fcvita Kliendi tehtud kulutusi toote n\u00f5uetele mittevastavuse v\u00f5i puuduste korral ega vastuta nende eest, kui:<\/p><p>7.6.1. Toote v\u00e4\u00e4rtus on langenud\/toode on kahjustunud Kliendi s\u00fc\u00fcl;<\/p><p>7.6.2. Puudused on tekkinud toote mittesihtotstarbelise kasutamise, s.h. hooldusjuhise mittej\u00e4rgimise tagaj\u00e4rjel;<\/p><p>7.6.3. Toote v\u00e4\u00e4rtus on langenud tavap\u00e4rasel kasutamisel tekkinud loomuliku kulumise t\u00f5ttu;<\/p><p>7.6.4. Puudub ostu sooritamist t\u00f5endav dokument.<\/p><p>7.7. Juhul, kui Kliendi ja Ettev\u00f5tja vahel on tekkinud erimeelsused toote puuduste osas, on Kliendil \u00f5igus p\u00f6\u00f6rduda pretensiooniga Ettev\u00f5tja poole, m\u00e4rkides kirjalikus v\u00f5i kirjalikku taasesitamist v\u00f5imaldavas vormis (e-kiri) esitatud kaebuses \u00e4ra oma nimi ja kontaktandmed, kaebuse esitamise kuup\u00e4ev, tootel esinev puudus ning omapoolne soovitav lahendus. Ettev\u00f5tja vastab Kliendi kaebusele kirjalikus v\u00f5i kirjalikku taasesitamist v\u00f5imaldavas vormis (e-kiri) 15 p\u00e4eva jooksul.<\/p><p>7.8. Juhul, kui Klient ja Ettev\u00f5tja ei saavuta vaidluse osas kokkulepet ja kui vaidlusaluse toote v\u00e4\u00e4rtus on v\u00e4hemalt 20 eurot, on Kliendil \u00f5igus p\u00f6\u00f6rduda vaidluse kohtuv\u00e4liseks lahendamiseks tarbijakaitseameti juures tegutseva tarbijakaebuste komisjoni poole. Tarbijakaebuste komisjonis on kaebuse l\u00e4bivaatamine pooltele tasuta. Vaidluste lahendamisel l\u00e4htutakse Eesti Vabariigi seadustest.<\/p><p>7.9. Komisjoni otsusega mitten\u00f5ustumisel on pooltel \u00f5igus p\u00f6\u00f6rduda Ettev\u00f5tja asukohaj\u00e4rgsesse maakohtusse.<\/p><p>8. Privaatsus<\/p><p>8.1. E-poe tellimuste keskkonnas s\u00e4ilitatavaid andmeid Kliendi ja tema tellimuste kohta k\u00e4sitletakse konfidentsiaalse informatsioonina. Ettev\u00f5tja ei avalda talle teatavaks saanud andmeid kolmandatele osapooltele. Ettev\u00f5tja v\u00f5ib kasutada Kliendi isikuandmeid Kliendile eripakkumiste ja kampaaniate kohta info saatmiseks e-posti teel \u00fcksnes juhul, kui Klient on andnud selleks e-poes oma n\u00f5usoleku.<\/p><p>8.2. Ettev\u00f5tjal puudub ligip\u00e4\u00e4s Kliendi konfidentsiaalsetele panga- ja maksekaardi rekvisiitidele.<\/p><p>8.3. Kliendi poolt Ettev\u00f5tjale ostu sooritamisel esitatud isikuandmed on kaitstud ning neid t\u00f6\u00f6deldakse vastavalt isikuandmete kaitse seaduse n\u00f5uetele. Isikuandmeid kogutakse ning neid t\u00f6\u00f6deldakse j\u00e4rgmistel eesm\u00e4rkidel: ostuanal\u00fc\u00fcside ja kokkuv\u00f5tete tegemiseks, Kliendile pakkumiste tegemiseks, aga ka Kliendi rahulolu k\u00fcsitluste korraldamiseks.<\/p><p>8.4. Kliendi isikuandmeid t\u00f6\u00f6tleb O\u00dc Miss Valentine, (registrikood 11901551),Metsasarve tee 2\/2-3, Lohkva k\u00fcla,Luunja vald, Tartumaa, 62207.<\/p><p>8.5. Isikuandmed, mis on vajalikud toodete Kliendile saatmiseks, edastatakse postiteenust osutavale ettev\u00f5ttele.<\/p><p>9. Vaidluste lahendamine<\/p><p>9.1. K\u00f5ik vaidlused lehendatakse eelk\u00f5ige Kliendi ja Ettev\u00f5tja vaheliste l\u00e4bir\u00e4\u00e4kimiste teel. Kokkuleppe mittesaavutamise korral on Kliendil \u00f5igus p\u00f6\u00f6rduda Tartu Maakohtusse, Tarbijakaitseametisse v\u00f5i tarbijakaebuste komisjoni.<\/p>\t\t\t\t\t\t\t\t<\/div>\n\t\t\t\t<\/div>\n\t\t\t\t\t<\/div>\n\t\t<\/div>\n\t\t\t\t\t<\/div>\n\t\t<\/section>\n\t\t\t\t<\/div>\n\t\t","protected":false},"excerpt":{"rendered":"<p>Slonny e-poe kasutustingimused 1. \u00dclds\u00e4tted 1.1.K\u00e4esolevad kasutustingimused reguleerivad O\u00dc Miss Valentine, registrikood 11901551,Metsasarve tee 2\/2-3, Lohkva k\u00fcla,Luunja vald, Tartumaa, 62207. (edaspidi \u201cEttev\u00f5tja\u201d) ja ostu sooritanud isiku (edaspidi\u00a0 \u201cKlient\u201d) vahel tekkivaid<\/p>\n","protected":false},"author":1,"featured_media":0,"parent":0,"menu_order":0,"comment_status":"closed","ping_status":"closed","template":"","meta":{"footnotes":""},"class_list":["post-1431","page","type-page","status-publish","hentry"],"yoast_head":"<!-- This site is optimized with the Yoast SEO plugin v27.4 - https:\/\/yoast.com\/product\/yoast-seo-wordpress\/ -->\n<title>Kasutustingimused - Slonny<\/title>\n<meta name=\"robots\" content=\"index, follow, max-snippet:-1, max-image-preview:large, max-video-preview:-1\" \/>\n<link rel=\"canonical\" href=\"https:\/\/slonny.com\/et\/kasutustingimused\/\" \/>\n<meta property=\"og:locale\" content=\"et_EE\" \/>\n<meta property=\"og:type\" content=\"article\" \/>\n<meta property=\"og:title\" content=\"Kasutustingimused - Slonny\" \/>\n<meta property=\"og:description\" content=\"Slonny e-poe kasutustingimused 1. \u00dclds\u00e4tted 1.1.K\u00e4esolevad kasutustingimused reguleerivad O\u00dc Miss Valentine, registrikood 11901551,Metsasarve tee 2\/2-3, Lohkva k\u00fcla,Luunja vald, Tartumaa, 62207. (edaspidi \u201cEttev\u00f5tja\u201d) ja ostu sooritanud isiku (edaspidi\u00a0 \u201cKlient\u201d) vahel tekkivaid\" \/>\n<meta property=\"og:url\" content=\"https:\/\/slonny.com\/et\/kasutustingimused\/\" \/>\n<meta property=\"og:site_name\" content=\"Slonny\" \/>\n<meta property=\"article:publisher\" content=\"https:\/\/www.facebook.com\/www.slonny.ee\" \/>\n<meta property=\"article:modified_time\" content=\"2024-03-16T15:41:20+00:00\" \/>\n<meta name=\"twitter:card\" content=\"summary_large_image\" \/>\n<meta name=\"twitter:label1\" content=\"Est. reading time\" \/>\n\t<meta name=\"twitter:data1\" content=\"7 minutit\" \/>\n<script type=\"application\/ld+json\" class=\"yoast-schema-graph\">{\"@context\":\"https:\\\/\\\/schema.org\",\"@graph\":[{\"@type\":\"WebPage\",\"@id\":\"https:\\\/\\\/slonny.com\\\/et\\\/kasutustingimused\\\/\",\"url\":\"https:\\\/\\\/slonny.com\\\/et\\\/kasutustingimused\\\/\",\"name\":\"Kasutustingimused - Slonny\",\"isPartOf\":{\"@id\":\"https:\\\/\\\/slonny.com\\\/et\\\/#website\"},\"datePublished\":\"2023-06-02T08:58:30+00:00\",\"dateModified\":\"2024-03-16T15:41:20+00:00\",\"breadcrumb\":{\"@id\":\"https:\\\/\\\/slonny.com\\\/et\\\/kasutustingimused\\\/#breadcrumb\"},\"inLanguage\":\"et\",\"potentialAction\":[{\"@type\":\"ReadAction\",\"target\":[\"https:\\\/\\\/slonny.com\\\/et\\\/kasutustingimused\\\/\"]}]},{\"@type\":\"BreadcrumbList\",\"@id\":\"https:\\\/\\\/slonny.com\\\/et\\\/kasutustingimused\\\/#breadcrumb\",\"itemListElement\":[{\"@type\":\"ListItem\",\"position\":1,\"name\":\"Avaleht\",\"item\":\"https:\\\/\\\/slonny.com\\\/et\\\/\"},{\"@type\":\"ListItem\",\"position\":2,\"name\":\"Kasutustingimused\"}]},{\"@type\":\"WebSite\",\"@id\":\"https:\\\/\\\/slonny.com\\\/et\\\/#website\",\"url\":\"https:\\\/\\\/slonny.com\\\/et\\\/\",\"name\":\"Slonny\",\"description\":\"\",\"publisher\":{\"@id\":\"https:\\\/\\\/slonny.com\\\/et\\\/#organization\"},\"potentialAction\":[{\"@type\":\"SearchAction\",\"target\":{\"@type\":\"EntryPoint\",\"urlTemplate\":\"https:\\\/\\\/slonny.com\\\/et\\\/?s={search_term_string}\"},\"query-input\":{\"@type\":\"PropertyValueSpecification\",\"valueRequired\":true,\"valueName\":\"search_term_string\"}}],\"inLanguage\":\"et\"},{\"@type\":\"Organization\",\"@id\":\"https:\\\/\\\/slonny.com\\\/et\\\/#organization\",\"name\":\"MISS VALENTINE O\u00dc\",\"url\":\"https:\\\/\\\/slonny.com\\\/et\\\/\",\"logo\":{\"@type\":\"ImageObject\",\"inLanguage\":\"et\",\"@id\":\"https:\\\/\\\/slonny.com\\\/et\\\/#\\\/schema\\\/logo\\\/image\\\/\",\"url\":\"https:\\\/\\\/slonny.com\\\/wp-content\\\/uploads\\\/2023\\\/05\\\/logo.svg\",\"contentUrl\":\"https:\\\/\\\/slonny.com\\\/wp-content\\\/uploads\\\/2023\\\/05\\\/logo.svg\",\"width\":1,\"height\":1,\"caption\":\"MISS VALENTINE O\u00dc\"},\"image\":{\"@id\":\"https:\\\/\\\/slonny.com\\\/et\\\/#\\\/schema\\\/logo\\\/image\\\/\"},\"sameAs\":[\"https:\\\/\\\/www.facebook.com\\\/www.slonny.ee\",\"https:\\\/\\\/www.instagram.com\\\/slonny_clothing\\\/\"]}]}<\/script>\n<!-- \/ Yoast SEO plugin. -->","yoast_head_json":{"title":"Kasutustingimused - Slonny","robots":{"index":"index","follow":"follow","max-snippet":"max-snippet:-1","max-image-preview":"max-image-preview:large","max-video-preview":"max-video-preview:-1"},"canonical":"https:\/\/slonny.com\/et\/kasutustingimused\/","og_locale":"et_EE","og_type":"article","og_title":"Kasutustingimused - Slonny","og_description":"Slonny e-poe kasutustingimused 1. \u00dclds\u00e4tted 1.1.K\u00e4esolevad kasutustingimused reguleerivad O\u00dc Miss Valentine, registrikood 11901551,Metsasarve tee 2\/2-3, Lohkva k\u00fcla,Luunja vald, Tartumaa, 62207. (edaspidi \u201cEttev\u00f5tja\u201d) ja ostu sooritanud isiku (edaspidi\u00a0 \u201cKlient\u201d) vahel tekkivaid","og_url":"https:\/\/slonny.com\/et\/kasutustingimused\/","og_site_name":"Slonny","article_publisher":"https:\/\/www.facebook.com\/www.slonny.ee","article_modified_time":"2024-03-16T15:41:20+00:00","twitter_card":"summary_large_image","twitter_misc":{"Est. reading time":"7 minutit"},"schema":{"@context":"https:\/\/schema.org","@graph":[{"@type":"WebPage","@id":"https:\/\/slonny.com\/et\/kasutustingimused\/","url":"https:\/\/slonny.com\/et\/kasutustingimused\/","name":"Kasutustingimused - Slonny","isPartOf":{"@id":"https:\/\/slonny.com\/et\/#website"},"datePublished":"2023-06-02T08:58:30+00:00","dateModified":"2024-03-16T15:41:20+00:00","breadcrumb":{"@id":"https:\/\/slonny.com\/et\/kasutustingimused\/#breadcrumb"},"inLanguage":"et","potentialAction":[{"@type":"ReadAction","target":["https:\/\/slonny.com\/et\/kasutustingimused\/"]}]},{"@type":"BreadcrumbList","@id":"https:\/\/slonny.com\/et\/kasutustingimused\/#breadcrumb","itemListElement":[{"@type":"ListItem","position":1,"name":"Avaleht","item":"https:\/\/slonny.com\/et\/"},{"@type":"ListItem","position":2,"name":"Kasutustingimused"}]},{"@type":"WebSite","@id":"https:\/\/slonny.com\/et\/#website","url":"https:\/\/slonny.com\/et\/","name":"Slonny","description":"","publisher":{"@id":"https:\/\/slonny.com\/et\/#organization"},"potentialAction":[{"@type":"SearchAction","target":{"@type":"EntryPoint","urlTemplate":"https:\/\/slonny.com\/et\/?s={search_term_string}"},"query-input":{"@type":"PropertyValueSpecification","valueRequired":true,"valueName":"search_term_string"}}],"inLanguage":"et"},{"@type":"Organization","@id":"https:\/\/slonny.com\/et\/#organization","name":"MISS VALENTINE O\u00dc","url":"https:\/\/slonny.com\/et\/","logo":{"@type":"ImageObject","inLanguage":"et","@id":"https:\/\/slonny.com\/et\/#\/schema\/logo\/image\/","url":"https:\/\/slonny.com\/wp-content\/uploads\/2023\/05\/logo.svg","contentUrl":"https:\/\/slonny.com\/wp-content\/uploads\/2023\/05\/logo.svg","width":1,"height":1,"caption":"MISS VALENTINE O\u00dc"},"image":{"@id":"https:\/\/slonny.com\/et\/#\/schema\/logo\/image\/"},"sameAs":["https:\/\/www.facebook.com\/www.slonny.ee","https:\/\/www.instagram.com\/slonny_clothing\/"]}]}},"_links":{"self":[{"href":"https:\/\/slonny.com\/et\/wp-json\/wp\/v2\/pages\/1431","targetHints":{"allow":["GET"]}}],"collection":[{"href":"https:\/\/slonny.com\/et\/wp-json\/wp\/v2\/pages"}],"about":[{"href":"https:\/\/slonny.com\/et\/wp-json\/wp\/v2\/types\/page"}],"author":[{"embeddable":true,"href":"https:\/\/slonny.com\/et\/wp-json\/wp\/v2\/users\/1"}],"replies":[{"embeddable":true,"href":"https:\/\/slonny.com\/et\/wp-json\/wp\/v2\/comments?post=1431"}],"version-history":[{"count":13,"href":"https:\/\/slonny.com\/et\/wp-json\/wp\/v2\/pages\/1431\/revisions"}],"predecessor-version":[{"id":3526,"href":"https:\/\/slonny.com\/et\/wp-json\/wp\/v2\/pages\/1431\/revisions\/3526"}],"wp:attachment":[{"href":"https:\/\/slonny.com\/et\/wp-json\/wp\/v2\/media?parent=1431"}],"curies":[{"name":"wp","href":"https:\/\/api.w.org\/{rel}","templated":true}]}}