{"id":2481,"date":"2023-08-23T18:42:53","date_gmt":"2023-08-23T15:42:53","guid":{"rendered":"https:\/\/slonny.vdisain.dev\/?page_id=2481"},"modified":"2023-08-23T18:44:16","modified_gmt":"2023-08-23T15:44:16","slug":"klienditeenindus","status":"publish","type":"page","link":"https:\/\/slonny.com\/et\/klienditeenindus\/","title":{"rendered":"Klienditeenindus"},"content":{"rendered":"\t\t<div data-elementor-type=\"wp-page\" data-elementor-id=\"2481\" class=\"elementor elementor-2481\" data-elementor-post-type=\"page\">\n\t\t\t\t\t\t<section class=\"elementor-section elementor-top-section elementor-element elementor-element-14a4298c elementor-section-content-middle elementor-section-boxed elementor-section-height-default elementor-section-height-default\" data-id=\"14a4298c\" data-element_type=\"section\" data-e-type=\"section\">\n\t\t\t\t\t\t<div class=\"elementor-container elementor-column-gap-default\">\n\t\t\t\t\t<div class=\"elementor-column elementor-col-100 elementor-top-column elementor-element elementor-element-5ab80ad6\" data-id=\"5ab80ad6\" data-element_type=\"column\" data-e-type=\"column\">\n\t\t\t<div class=\"elementor-widget-wrap elementor-element-populated\">\n\t\t\t\t\t\t<div class=\"elementor-element elementor-element-7756bdf4 elementor-widget elementor-widget-text-editor\" data-id=\"7756bdf4\" data-element_type=\"widget\" data-e-type=\"widget\" data-widget_type=\"text-editor.default\">\n\t\t\t\t<div class=\"elementor-widget-container\">\n\t\t\t\t\t\t\t\t\t<p><strong>Klienditeeninduse kontaktid<\/strong><\/p><p>Epoe kontakt: shop@slonny.com<\/p><p>Kaupa on v\u00f5imalik tellida ka k\u00e4ttesaamisega Slonny m\u00fc\u00fcgipunktist Ihaste tee 7, Tartu. M\u00fc\u00fcgipunkt on avatud: E 16-18.30, T 16-18.30, N\u00a016-18.30.<\/p><p>\u00c4rikliendid ja Slonny Klubim\u00fc\u00fck: shop@slonny.com<\/p><p>Slonny Klubim\u00fc\u00fck<\/p><p>Slonny Klubim\u00fc\u00fck on m\u00f5eldud v\u00f5istkondade ja kubide teenindamiseks (min. 10 toodet \u00fchte mudelit ja v\u00e4rvi) . Slonny Klubim\u00fc\u00fcki kasutades saad sa:<\/p><p>\u2714 tellida\u00a0toodet kogu pakutava suuruste skaala ulatuses ja soovitavas koguses<\/p><p>\u2714 lisada\u00a0tootele oma logo erinevates tr\u00fckitehnikates v\u00f5i kaunite Swarovski kividena<\/p><p>Slonny Klubim\u00fc\u00fcgi kontakt:\u00a0shop@slonny.com\u00a0<\/p><p>Kirjuta meile!<\/p>\t\t\t\t\t\t\t\t<\/div>\n\t\t\t\t<\/div>\n\t\t\t\t\t<\/div>\n\t\t<\/div>\n\t\t\t\t\t<\/div>\n\t\t<\/section>\n\t\t\t\t<\/div>\n\t\t","protected":false},"excerpt":{"rendered":"<p>Klienditeeninduse kontaktid Epoe kontakt: shop@slonny.com Kaupa on v\u00f5imalik tellida ka k\u00e4ttesaamisega Slonny m\u00fc\u00fcgipunktist Ihaste tee 7, Tartu. M\u00fc\u00fcgipunkt on avatud: E 16-18.30, T 16-18.30, N\u00a016-18.30. \u00c4rikliendid ja Slonny Klubim\u00fc\u00fck: shop@slonny.com<\/p>\n","protected":false},"author":1,"featured_media":0,"parent":0,"menu_order":0,"comment_status":"closed","ping_status":"closed","template":"","meta":{"footnotes":""},"class_list":["post-2481","page","type-page","status-publish","hentry"],"yoast_head":"<!-- This site is optimized with the Yoast SEO plugin v27.4 - https:\/\/yoast.com\/product\/yoast-seo-wordpress\/ -->\n<title>Klienditeenindus - Slonny<\/title>\n<meta name=\"robots\" content=\"index, follow, max-snippet:-1, max-image-preview:large, max-video-preview:-1\" \/>\n<link rel=\"canonical\" href=\"https:\/\/slonny.com\/et\/klienditeenindus\/\" \/>\n<meta property=\"og:locale\" content=\"et_EE\" \/>\n<meta property=\"og:type\" content=\"article\" \/>\n<meta property=\"og:title\" content=\"Klienditeenindus - Slonny\" \/>\n<meta property=\"og:description\" content=\"Klienditeeninduse kontaktid Epoe kontakt: shop@slonny.com Kaupa on v\u00f5imalik tellida ka k\u00e4ttesaamisega Slonny m\u00fc\u00fcgipunktist Ihaste tee 7, Tartu. M\u00fc\u00fcgipunkt on avatud: E 16-18.30, T 16-18.30, N\u00a016-18.30. \u00c4rikliendid ja Slonny Klubim\u00fc\u00fck: shop@slonny.com\" \/>\n<meta property=\"og:url\" content=\"https:\/\/slonny.com\/et\/klienditeenindus\/\" \/>\n<meta property=\"og:site_name\" content=\"Slonny\" \/>\n<meta property=\"article:publisher\" content=\"https:\/\/www.facebook.com\/www.slonny.ee\" \/>\n<meta property=\"article:modified_time\" content=\"2023-08-23T15:44:16+00:00\" \/>\n<meta name=\"twitter:card\" content=\"summary_large_image\" \/>\n<meta name=\"twitter:label1\" content=\"Est. reading time\" \/>\n\t<meta name=\"twitter:data1\" content=\"1 minut\" \/>\n<script type=\"application\/ld+json\" class=\"yoast-schema-graph\">{\"@context\":\"https:\\\/\\\/schema.org\",\"@graph\":[{\"@type\":\"WebPage\",\"@id\":\"https:\\\/\\\/slonny.com\\\/et\\\/klienditeenindus\\\/\",\"url\":\"https:\\\/\\\/slonny.com\\\/et\\\/klienditeenindus\\\/\",\"name\":\"Klienditeenindus - Slonny\",\"isPartOf\":{\"@id\":\"https:\\\/\\\/slonny.com\\\/et\\\/#website\"},\"datePublished\":\"2023-08-23T15:42:53+00:00\",\"dateModified\":\"2023-08-23T15:44:16+00:00\",\"breadcrumb\":{\"@id\":\"https:\\\/\\\/slonny.com\\\/et\\\/klienditeenindus\\\/#breadcrumb\"},\"inLanguage\":\"et\",\"potentialAction\":[{\"@type\":\"ReadAction\",\"target\":[\"https:\\\/\\\/slonny.com\\\/et\\\/klienditeenindus\\\/\"]}]},{\"@type\":\"BreadcrumbList\",\"@id\":\"https:\\\/\\\/slonny.com\\\/et\\\/klienditeenindus\\\/#breadcrumb\",\"itemListElement\":[{\"@type\":\"ListItem\",\"position\":1,\"name\":\"Avaleht\",\"item\":\"https:\\\/\\\/slonny.com\\\/et\\\/\"},{\"@type\":\"ListItem\",\"position\":2,\"name\":\"Klienditeenindus\"}]},{\"@type\":\"WebSite\",\"@id\":\"https:\\\/\\\/slonny.com\\\/et\\\/#website\",\"url\":\"https:\\\/\\\/slonny.com\\\/et\\\/\",\"name\":\"Slonny\",\"description\":\"\",\"publisher\":{\"@id\":\"https:\\\/\\\/slonny.com\\\/et\\\/#organization\"},\"potentialAction\":[{\"@type\":\"SearchAction\",\"target\":{\"@type\":\"EntryPoint\",\"urlTemplate\":\"https:\\\/\\\/slonny.com\\\/et\\\/?s={search_term_string}\"},\"query-input\":{\"@type\":\"PropertyValueSpecification\",\"valueRequired\":true,\"valueName\":\"search_term_string\"}}],\"inLanguage\":\"et\"},{\"@type\":\"Organization\",\"@id\":\"https:\\\/\\\/slonny.com\\\/et\\\/#organization\",\"name\":\"MISS VALENTINE O\u00dc\",\"url\":\"https:\\\/\\\/slonny.com\\\/et\\\/\",\"logo\":{\"@type\":\"ImageObject\",\"inLanguage\":\"et\",\"@id\":\"https:\\\/\\\/slonny.com\\\/et\\\/#\\\/schema\\\/logo\\\/image\\\/\",\"url\":\"https:\\\/\\\/slonny.com\\\/wp-content\\\/uploads\\\/2023\\\/05\\\/logo.svg\",\"contentUrl\":\"https:\\\/\\\/slonny.com\\\/wp-content\\\/uploads\\\/2023\\\/05\\\/logo.svg\",\"width\":1,\"height\":1,\"caption\":\"MISS VALENTINE O\u00dc\"},\"image\":{\"@id\":\"https:\\\/\\\/slonny.com\\\/et\\\/#\\\/schema\\\/logo\\\/image\\\/\"},\"sameAs\":[\"https:\\\/\\\/www.facebook.com\\\/www.slonny.ee\",\"https:\\\/\\\/www.instagram.com\\\/slonny_clothing\\\/\"]}]}<\/script>\n<!-- \/ Yoast SEO plugin. -->","yoast_head_json":{"title":"Klienditeenindus - Slonny","robots":{"index":"index","follow":"follow","max-snippet":"max-snippet:-1","max-image-preview":"max-image-preview:large","max-video-preview":"max-video-preview:-1"},"canonical":"https:\/\/slonny.com\/et\/klienditeenindus\/","og_locale":"et_EE","og_type":"article","og_title":"Klienditeenindus - Slonny","og_description":"Klienditeeninduse kontaktid Epoe kontakt: shop@slonny.com Kaupa on v\u00f5imalik tellida ka k\u00e4ttesaamisega Slonny m\u00fc\u00fcgipunktist Ihaste tee 7, Tartu. M\u00fc\u00fcgipunkt on avatud: E 16-18.30, T 16-18.30, N\u00a016-18.30. \u00c4rikliendid ja Slonny Klubim\u00fc\u00fck: shop@slonny.com","og_url":"https:\/\/slonny.com\/et\/klienditeenindus\/","og_site_name":"Slonny","article_publisher":"https:\/\/www.facebook.com\/www.slonny.ee","article_modified_time":"2023-08-23T15:44:16+00:00","twitter_card":"summary_large_image","twitter_misc":{"Est. reading time":"1 minut"},"schema":{"@context":"https:\/\/schema.org","@graph":[{"@type":"WebPage","@id":"https:\/\/slonny.com\/et\/klienditeenindus\/","url":"https:\/\/slonny.com\/et\/klienditeenindus\/","name":"Klienditeenindus - Slonny","isPartOf":{"@id":"https:\/\/slonny.com\/et\/#website"},"datePublished":"2023-08-23T15:42:53+00:00","dateModified":"2023-08-23T15:44:16+00:00","breadcrumb":{"@id":"https:\/\/slonny.com\/et\/klienditeenindus\/#breadcrumb"},"inLanguage":"et","potentialAction":[{"@type":"ReadAction","target":["https:\/\/slonny.com\/et\/klienditeenindus\/"]}]},{"@type":"BreadcrumbList","@id":"https:\/\/slonny.com\/et\/klienditeenindus\/#breadcrumb","itemListElement":[{"@type":"ListItem","position":1,"name":"Avaleht","item":"https:\/\/slonny.com\/et\/"},{"@type":"ListItem","position":2,"name":"Klienditeenindus"}]},{"@type":"WebSite","@id":"https:\/\/slonny.com\/et\/#website","url":"https:\/\/slonny.com\/et\/","name":"Slonny","description":"","publisher":{"@id":"https:\/\/slonny.com\/et\/#organization"},"potentialAction":[{"@type":"SearchAction","target":{"@type":"EntryPoint","urlTemplate":"https:\/\/slonny.com\/et\/?s={search_term_string}"},"query-input":{"@type":"PropertyValueSpecification","valueRequired":true,"valueName":"search_term_string"}}],"inLanguage":"et"},{"@type":"Organization","@id":"https:\/\/slonny.com\/et\/#organization","name":"MISS VALENTINE O\u00dc","url":"https:\/\/slonny.com\/et\/","logo":{"@type":"ImageObject","inLanguage":"et","@id":"https:\/\/slonny.com\/et\/#\/schema\/logo\/image\/","url":"https:\/\/slonny.com\/wp-content\/uploads\/2023\/05\/logo.svg","contentUrl":"https:\/\/slonny.com\/wp-content\/uploads\/2023\/05\/logo.svg","width":1,"height":1,"caption":"MISS VALENTINE O\u00dc"},"image":{"@id":"https:\/\/slonny.com\/et\/#\/schema\/logo\/image\/"},"sameAs":["https:\/\/www.facebook.com\/www.slonny.ee","https:\/\/www.instagram.com\/slonny_clothing\/"]}]}},"_links":{"self":[{"href":"https:\/\/slonny.com\/et\/wp-json\/wp\/v2\/pages\/2481","targetHints":{"allow":["GET"]}}],"collection":[{"href":"https:\/\/slonny.com\/et\/wp-json\/wp\/v2\/pages"}],"about":[{"href":"https:\/\/slonny.com\/et\/wp-json\/wp\/v2\/types\/page"}],"author":[{"embeddable":true,"href":"https:\/\/slonny.com\/et\/wp-json\/wp\/v2\/users\/1"}],"replies":[{"embeddable":true,"href":"https:\/\/slonny.com\/et\/wp-json\/wp\/v2\/comments?post=2481"}],"version-history":[{"count":7,"href":"https:\/\/slonny.com\/et\/wp-json\/wp\/v2\/pages\/2481\/revisions"}],"predecessor-version":[{"id":2488,"href":"https:\/\/slonny.com\/et\/wp-json\/wp\/v2\/pages\/2481\/revisions\/2488"}],"wp:attachment":[{"href":"https:\/\/slonny.com\/et\/wp-json\/wp\/v2\/media?parent=2481"}],"curies":[{"name":"wp","href":"https:\/\/api.w.org\/{rel}","templated":true}]}}