{"id":1256,"date":"2023-05-31T16:20:53","date_gmt":"2023-05-31T13:20:53","guid":{"rendered":"https:\/\/slonny.vdisain.dev\/?post_type=product&#038;p=1256"},"modified":"2024-04-19T21:40:06","modified_gmt":"2024-04-19T18:40:06","slug":"kaisteta-pullover-audrey","status":"publish","type":"product","link":"https:\/\/slonny.com\/et\/toode\/kaisteta-pullover-audrey\/","title":{"rendered":"K\u00e4isteta pullover &#8220;Audrey&#8221;"},"content":{"rendered":"","protected":false},"excerpt":{"rendered":"<p>Elegantne, ajatu\u00a0ja stiilne pullover mis sobib h\u00e4sti nii\u00a0t\u00fcdrukutele kui naistele trennis ja vabal ajal kandmiseks.\u00a0Audrey pullover on\u00a0valmistatud kvaliteetsest, pehmest ja suurep\u00e4rase venivusega viskoosist. Pulloveril on k\u00f5rge alla keeratav kaelus, kaelusel on mustadest kristallidest Slonny SY kaunistus.<\/p>\n<ul>\n<li>kvaliteetne, vastupidav, v\u00e4ga hea venivusega keskmise paksusega viskoos<\/li>\n<li>93% viskoos &#8211; 7% elastaan<\/li>\n<li>Pesemisjuhised: 30\u00b0C masinpesu, kasuta \u00f5rnale pesule m\u00f5eldud pesuvahendit, pesta eraldi, mitte pleegitada ega triikida. Soovitame viskoostooteid pesta pahupidi p\u00f6\u00f6ratuna ja pesukotis juhul kui toodetel on kasutatud kristallidest kaunistusi.<\/li>\n<\/ul>\n","protected":false},"featured_media":1257,"comment_status":"open","ping_status":"closed","template":"","meta":[],"product_cat":[153],"product_tag":[],"class_list":{"0":"post-1256","1":"product","2":"type-product","3":"status-publish","4":"has-post-thumbnail","6":"product_cat-topid","8":"first","9":"instock","10":"shipping-taxable","11":"purchasable","12":"product-type-variable"},"yoast_head":"<!-- This site is optimized with the Yoast SEO plugin v27.4 - https:\/\/yoast.com\/product\/yoast-seo-wordpress\/ -->\n<title>K\u00e4isteta pullover &quot;Audrey&quot; - Slonny<\/title>\n<meta name=\"robots\" content=\"index, follow, max-snippet:-1, max-image-preview:large, max-video-preview:-1\" \/>\n<link rel=\"canonical\" href=\"https:\/\/slonny.com\/et\/toode\/kaisteta-pullover-audrey\/\" \/>\n<meta property=\"og:locale\" content=\"et_EE\" \/>\n<meta property=\"og:type\" content=\"article\" \/>\n<meta property=\"og:title\" content=\"K\u00e4isteta pullover &quot;Audrey&quot; - Slonny\" \/>\n<meta property=\"og:description\" content=\"Elegantne, ajatu\u00a0ja stiilne pullover mis sobib h\u00e4sti nii\u00a0t\u00fcdrukutele kui naistele trennis ja vabal ajal kandmiseks.\u00a0Audrey pullover on\u00a0valmistatud kvaliteetsest, pehmest ja suurep\u00e4rase venivusega viskoosist. Pulloveril on k\u00f5rge alla keeratav kaelus, kaelusel on mustadest kristallidest Slonny SY kaunistus.   kvaliteetne, vastupidav, v\u00e4ga hea venivusega keskmise paksusega viskoos  93% viskoos - 7% elastaan  Pesemisjuhised: 30\u00b0C masinpesu, kasuta \u00f5rnale pesule m\u00f5eldud pesuvahendit, pesta eraldi, mitte pleegitada ega triikida. Soovitame viskoostooteid pesta pahupidi p\u00f6\u00f6ratuna ja pesukotis juhul kui toodetel on kasutatud kristallidest kaunistusi.\" \/>\n<meta property=\"og:url\" content=\"https:\/\/slonny.com\/et\/toode\/kaisteta-pullover-audrey\/\" \/>\n<meta property=\"og:site_name\" content=\"Slonny\" \/>\n<meta property=\"article:publisher\" content=\"https:\/\/www.facebook.com\/www.slonny.ee\" \/>\n<meta property=\"article:modified_time\" content=\"2024-04-19T18:40:06+00:00\" \/>\n<meta property=\"og:image\" content=\"https:\/\/slonny.com\/wp-content\/uploads\/2023\/05\/dsc_4464_size-2048_1343x2048.jpg\" \/>\n\t<meta property=\"og:image:width\" content=\"1343\" \/>\n\t<meta property=\"og:image:height\" content=\"2047\" \/>\n\t<meta property=\"og:image:type\" content=\"image\/jpeg\" \/>\n<meta name=\"twitter:card\" content=\"summary_large_image\" \/>\n<meta name=\"twitter:label1\" content=\"Est. reading time\" \/>\n\t<meta name=\"twitter:data1\" content=\"1 minut\" \/>\n<script type=\"application\/ld+json\" class=\"yoast-schema-graph\">{\"@context\":\"https:\\\/\\\/schema.org\",\"@graph\":[{\"@type\":\"WebPage\",\"@id\":\"https:\\\/\\\/slonny.com\\\/et\\\/toode\\\/kaisteta-pullover-audrey\\\/\",\"url\":\"https:\\\/\\\/slonny.com\\\/et\\\/toode\\\/kaisteta-pullover-audrey\\\/\",\"name\":\"K\u00e4isteta pullover \\\"Audrey\\\" - Slonny\",\"isPartOf\":{\"@id\":\"https:\\\/\\\/slonny.com\\\/et\\\/#website\"},\"primaryImageOfPage\":{\"@id\":\"https:\\\/\\\/slonny.com\\\/et\\\/toode\\\/kaisteta-pullover-audrey\\\/#primaryimage\"},\"image\":{\"@id\":\"https:\\\/\\\/slonny.com\\\/et\\\/toode\\\/kaisteta-pullover-audrey\\\/#primaryimage\"},\"thumbnailUrl\":\"https:\\\/\\\/slonny.com\\\/wp-content\\\/uploads\\\/2023\\\/05\\\/dsc_4464_size-2048_1343x2048.jpg\",\"datePublished\":\"2023-05-31T13:20:53+00:00\",\"dateModified\":\"2024-04-19T18:40:06+00:00\",\"breadcrumb\":{\"@id\":\"https:\\\/\\\/slonny.com\\\/et\\\/toode\\\/kaisteta-pullover-audrey\\\/#breadcrumb\"},\"inLanguage\":\"et\",\"potentialAction\":[{\"@type\":\"ReadAction\",\"target\":[\"https:\\\/\\\/slonny.com\\\/et\\\/toode\\\/kaisteta-pullover-audrey\\\/\"]}]},{\"@type\":\"ImageObject\",\"inLanguage\":\"et\",\"@id\":\"https:\\\/\\\/slonny.com\\\/et\\\/toode\\\/kaisteta-pullover-audrey\\\/#primaryimage\",\"url\":\"https:\\\/\\\/slonny.com\\\/wp-content\\\/uploads\\\/2023\\\/05\\\/dsc_4464_size-2048_1343x2048.jpg\",\"contentUrl\":\"https:\\\/\\\/slonny.com\\\/wp-content\\\/uploads\\\/2023\\\/05\\\/dsc_4464_size-2048_1343x2048.jpg\",\"width\":1343,\"height\":2047},{\"@type\":\"BreadcrumbList\",\"@id\":\"https:\\\/\\\/slonny.com\\\/et\\\/toode\\\/kaisteta-pullover-audrey\\\/#breadcrumb\",\"itemListElement\":[{\"@type\":\"ListItem\",\"position\":1,\"name\":\"Avaleht\",\"item\":\"https:\\\/\\\/slonny.com\\\/et\\\/\"},{\"@type\":\"ListItem\",\"position\":2,\"name\":\"Pood\",\"item\":\"https:\\\/\\\/slonny.com\\\/et\\\/pood\\\/\"},{\"@type\":\"ListItem\",\"position\":3,\"name\":\"K\u00e4isteta pullover &#8220;Audrey&#8221;\"}]},{\"@type\":\"WebSite\",\"@id\":\"https:\\\/\\\/slonny.com\\\/et\\\/#website\",\"url\":\"https:\\\/\\\/slonny.com\\\/et\\\/\",\"name\":\"Slonny\",\"description\":\"\",\"publisher\":{\"@id\":\"https:\\\/\\\/slonny.com\\\/et\\\/#organization\"},\"potentialAction\":[{\"@type\":\"SearchAction\",\"target\":{\"@type\":\"EntryPoint\",\"urlTemplate\":\"https:\\\/\\\/slonny.com\\\/et\\\/?s={search_term_string}\"},\"query-input\":{\"@type\":\"PropertyValueSpecification\",\"valueRequired\":true,\"valueName\":\"search_term_string\"}}],\"inLanguage\":\"et\"},{\"@type\":\"Organization\",\"@id\":\"https:\\\/\\\/slonny.com\\\/et\\\/#organization\",\"name\":\"MISS VALENTINE O\u00dc\",\"url\":\"https:\\\/\\\/slonny.com\\\/et\\\/\",\"logo\":{\"@type\":\"ImageObject\",\"inLanguage\":\"et\",\"@id\":\"https:\\\/\\\/slonny.com\\\/et\\\/#\\\/schema\\\/logo\\\/image\\\/\",\"url\":\"https:\\\/\\\/slonny.com\\\/wp-content\\\/uploads\\\/2023\\\/05\\\/logo.svg\",\"contentUrl\":\"https:\\\/\\\/slonny.com\\\/wp-content\\\/uploads\\\/2023\\\/05\\\/logo.svg\",\"width\":1,\"height\":1,\"caption\":\"MISS VALENTINE O\u00dc\"},\"image\":{\"@id\":\"https:\\\/\\\/slonny.com\\\/et\\\/#\\\/schema\\\/logo\\\/image\\\/\"},\"sameAs\":[\"https:\\\/\\\/www.facebook.com\\\/www.slonny.ee\",\"https:\\\/\\\/www.instagram.com\\\/slonny_clothing\\\/\"]}]}<\/script>\n<!-- \/ Yoast SEO plugin. -->","yoast_head_json":{"title":"K\u00e4isteta pullover \"Audrey\" - Slonny","robots":{"index":"index","follow":"follow","max-snippet":"max-snippet:-1","max-image-preview":"max-image-preview:large","max-video-preview":"max-video-preview:-1"},"canonical":"https:\/\/slonny.com\/et\/toode\/kaisteta-pullover-audrey\/","og_locale":"et_EE","og_type":"article","og_title":"K\u00e4isteta pullover \"Audrey\" - Slonny","og_description":"Elegantne, ajatu\u00a0ja stiilne pullover mis sobib h\u00e4sti nii\u00a0t\u00fcdrukutele kui naistele trennis ja vabal ajal kandmiseks.\u00a0Audrey pullover on\u00a0valmistatud kvaliteetsest, pehmest ja suurep\u00e4rase venivusega viskoosist. Pulloveril on k\u00f5rge alla keeratav kaelus, kaelusel on mustadest kristallidest Slonny SY kaunistus.   kvaliteetne, vastupidav, v\u00e4ga hea venivusega keskmise paksusega viskoos  93% viskoos - 7% elastaan  Pesemisjuhised: 30\u00b0C masinpesu, kasuta \u00f5rnale pesule m\u00f5eldud pesuvahendit, pesta eraldi, mitte pleegitada ega triikida. Soovitame viskoostooteid pesta pahupidi p\u00f6\u00f6ratuna ja pesukotis juhul kui toodetel on kasutatud kristallidest kaunistusi.","og_url":"https:\/\/slonny.com\/et\/toode\/kaisteta-pullover-audrey\/","og_site_name":"Slonny","article_publisher":"https:\/\/www.facebook.com\/www.slonny.ee","article_modified_time":"2024-04-19T18:40:06+00:00","og_image":[{"width":1343,"height":2047,"url":"https:\/\/slonny.com\/wp-content\/uploads\/2023\/05\/dsc_4464_size-2048_1343x2048.jpg","type":"image\/jpeg"}],"twitter_card":"summary_large_image","twitter_misc":{"Est. reading time":"1 minut"},"schema":{"@context":"https:\/\/schema.org","@graph":[{"@type":"WebPage","@id":"https:\/\/slonny.com\/et\/toode\/kaisteta-pullover-audrey\/","url":"https:\/\/slonny.com\/et\/toode\/kaisteta-pullover-audrey\/","name":"K\u00e4isteta pullover \"Audrey\" - Slonny","isPartOf":{"@id":"https:\/\/slonny.com\/et\/#website"},"primaryImageOfPage":{"@id":"https:\/\/slonny.com\/et\/toode\/kaisteta-pullover-audrey\/#primaryimage"},"image":{"@id":"https:\/\/slonny.com\/et\/toode\/kaisteta-pullover-audrey\/#primaryimage"},"thumbnailUrl":"https:\/\/slonny.com\/wp-content\/uploads\/2023\/05\/dsc_4464_size-2048_1343x2048.jpg","datePublished":"2023-05-31T13:20:53+00:00","dateModified":"2024-04-19T18:40:06+00:00","breadcrumb":{"@id":"https:\/\/slonny.com\/et\/toode\/kaisteta-pullover-audrey\/#breadcrumb"},"inLanguage":"et","potentialAction":[{"@type":"ReadAction","target":["https:\/\/slonny.com\/et\/toode\/kaisteta-pullover-audrey\/"]}]},{"@type":"ImageObject","inLanguage":"et","@id":"https:\/\/slonny.com\/et\/toode\/kaisteta-pullover-audrey\/#primaryimage","url":"https:\/\/slonny.com\/wp-content\/uploads\/2023\/05\/dsc_4464_size-2048_1343x2048.jpg","contentUrl":"https:\/\/slonny.com\/wp-content\/uploads\/2023\/05\/dsc_4464_size-2048_1343x2048.jpg","width":1343,"height":2047},{"@type":"BreadcrumbList","@id":"https:\/\/slonny.com\/et\/toode\/kaisteta-pullover-audrey\/#breadcrumb","itemListElement":[{"@type":"ListItem","position":1,"name":"Avaleht","item":"https:\/\/slonny.com\/et\/"},{"@type":"ListItem","position":2,"name":"Pood","item":"https:\/\/slonny.com\/et\/pood\/"},{"@type":"ListItem","position":3,"name":"K\u00e4isteta pullover &#8220;Audrey&#8221;"}]},{"@type":"WebSite","@id":"https:\/\/slonny.com\/et\/#website","url":"https:\/\/slonny.com\/et\/","name":"Slonny","description":"","publisher":{"@id":"https:\/\/slonny.com\/et\/#organization"},"potentialAction":[{"@type":"SearchAction","target":{"@type":"EntryPoint","urlTemplate":"https:\/\/slonny.com\/et\/?s={search_term_string}"},"query-input":{"@type":"PropertyValueSpecification","valueRequired":true,"valueName":"search_term_string"}}],"inLanguage":"et"},{"@type":"Organization","@id":"https:\/\/slonny.com\/et\/#organization","name":"MISS VALENTINE O\u00dc","url":"https:\/\/slonny.com\/et\/","logo":{"@type":"ImageObject","inLanguage":"et","@id":"https:\/\/slonny.com\/et\/#\/schema\/logo\/image\/","url":"https:\/\/slonny.com\/wp-content\/uploads\/2023\/05\/logo.svg","contentUrl":"https:\/\/slonny.com\/wp-content\/uploads\/2023\/05\/logo.svg","width":1,"height":1,"caption":"MISS VALENTINE O\u00dc"},"image":{"@id":"https:\/\/slonny.com\/et\/#\/schema\/logo\/image\/"},"sameAs":["https:\/\/www.facebook.com\/www.slonny.ee","https:\/\/www.instagram.com\/slonny_clothing\/"]}]}},"_links":{"self":[{"href":"https:\/\/slonny.com\/et\/wp-json\/wp\/v2\/product\/1256","targetHints":{"allow":["GET"]}}],"collection":[{"href":"https:\/\/slonny.com\/et\/wp-json\/wp\/v2\/product"}],"about":[{"href":"https:\/\/slonny.com\/et\/wp-json\/wp\/v2\/types\/product"}],"replies":[{"embeddable":true,"href":"https:\/\/slonny.com\/et\/wp-json\/wp\/v2\/comments?post=1256"}],"version-history":[{"count":2,"href":"https:\/\/slonny.com\/et\/wp-json\/wp\/v2\/product\/1256\/revisions"}],"predecessor-version":[{"id":1262,"href":"https:\/\/slonny.com\/et\/wp-json\/wp\/v2\/product\/1256\/revisions\/1262"}],"wp:featuredmedia":[{"embeddable":true,"href":"https:\/\/slonny.com\/et\/wp-json\/wp\/v2\/media\/1257"}],"wp:attachment":[{"href":"https:\/\/slonny.com\/et\/wp-json\/wp\/v2\/media?parent=1256"}],"wp:term":[{"taxonomy":"product_cat","embeddable":true,"href":"https:\/\/slonny.com\/et\/wp-json\/wp\/v2\/product_cat?post=1256"},{"taxonomy":"product_tag","embeddable":true,"href":"https:\/\/slonny.com\/et\/wp-json\/wp\/v2\/product_tag?post=1256"}],"curies":[{"name":"wp","href":"https:\/\/api.w.org\/{rel}","templated":true}]}}