{"id":1274,"date":"2023-05-31T16:45:35","date_gmt":"2023-05-31T13:45:35","guid":{"rendered":"https:\/\/slonny.vdisain.dev\/?post_type=product&#038;p=1274"},"modified":"2024-04-19T21:38:16","modified_gmt":"2024-04-19T18:38:16","slug":"tudrukute-wristband-sark","status":"publish","type":"product","link":"https:\/\/slonny.com\/et\/toode\/tudrukute-wristband-sark\/","title":{"rendered":"T\u00fcdrukute &#8220;Wristband&#8221; s\u00e4rk"},"content":{"rendered":"","protected":false},"excerpt":{"rendered":"<p>Pika varrukaga t-s\u00e4rk &#8220;Wristband&#8221; on valmistatud kvaliteetsest, pehmest ja venivast viskoosist. S\u00e4rgi vasaku k\u00e4ise randmel on h\u00f5bedastest kristallidest s\u00e4delev riba. Lisa s\u00e4ra igasse trennip\u00e4eva!<\/p>\n<ul>\n<li>kvaliteetne, vastupidav, v\u00e4ga hea venivusega keskmise paksusega viskoos<\/li>\n<li>93% viskoos &#8211; 7% elastaan<\/li>\n<li>Pesemisjuhised: 30\u00b0C masinpesu, kasuta \u00f5rnale pesule m\u00f5eldud pesuvahendit, pesta eraldi, mitte pleegitada ega triikida. Soovitame viskoostooteid pesta pahupidi p\u00f6\u00f6ratuna ja pesukotis juhul kui toodetel on kasutatud kristallidest kaunistusi.<\/li>\n<\/ul>\n","protected":false},"featured_media":1277,"comment_status":"open","ping_status":"closed","template":"","meta":[],"product_cat":[153],"product_tag":[],"class_list":{"0":"post-1274","1":"product","2":"type-product","3":"status-publish","4":"has-post-thumbnail","6":"product_cat-topid","8":"first","9":"instock","10":"shipping-taxable","11":"purchasable","12":"product-type-variable"},"yoast_head":"<!-- This site is optimized with the Yoast SEO plugin v27.4 - https:\/\/yoast.com\/product\/yoast-seo-wordpress\/ -->\n<title>T\u00fcdrukute &quot;Wristband&quot; s\u00e4rk - Slonny<\/title>\n<meta name=\"robots\" content=\"index, follow, max-snippet:-1, max-image-preview:large, max-video-preview:-1\" \/>\n<link rel=\"canonical\" href=\"https:\/\/slonny.com\/et\/toode\/tudrukute-wristband-sark\/\" \/>\n<meta property=\"og:locale\" content=\"et_EE\" \/>\n<meta property=\"og:type\" content=\"article\" \/>\n<meta property=\"og:title\" content=\"T\u00fcdrukute &quot;Wristband&quot; s\u00e4rk - Slonny\" \/>\n<meta property=\"og:description\" content=\"Pika varrukaga t-s\u00e4rk &quot;Wristband&quot; on valmistatud kvaliteetsest, pehmest ja venivast viskoosist. S\u00e4rgi vasaku k\u00e4ise randmel on h\u00f5bedastest kristallidest s\u00e4delev riba. Lisa s\u00e4ra igasse trennip\u00e4eva!   kvaliteetne, vastupidav, v\u00e4ga hea venivusega keskmise paksusega viskoos  93% viskoos - 7% elastaan  Pesemisjuhised: 30\u00b0C masinpesu, kasuta \u00f5rnale pesule m\u00f5eldud pesuvahendit, pesta eraldi, mitte pleegitada ega triikida. Soovitame viskoostooteid pesta pahupidi p\u00f6\u00f6ratuna ja pesukotis juhul kui toodetel on kasutatud kristallidest kaunistusi.\" \/>\n<meta property=\"og:url\" content=\"https:\/\/slonny.com\/et\/toode\/tudrukute-wristband-sark\/\" \/>\n<meta property=\"og:site_name\" content=\"Slonny\" \/>\n<meta property=\"article:publisher\" content=\"https:\/\/www.facebook.com\/www.slonny.ee\" \/>\n<meta property=\"article:modified_time\" content=\"2024-04-19T18:38:16+00:00\" \/>\n<meta property=\"og:image\" content=\"https:\/\/slonny.com\/wp-content\/uploads\/2023\/05\/img0646_size-2048_1367x2048.jpg\" \/>\n\t<meta property=\"og:image:width\" content=\"1367\" \/>\n\t<meta property=\"og:image:height\" content=\"2048\" \/>\n\t<meta property=\"og:image:type\" content=\"image\/jpeg\" \/>\n<meta name=\"twitter:card\" content=\"summary_large_image\" \/>\n<meta name=\"twitter:label1\" content=\"Est. reading time\" \/>\n\t<meta name=\"twitter:data1\" content=\"1 minut\" \/>\n<script type=\"application\/ld+json\" class=\"yoast-schema-graph\">{\"@context\":\"https:\\\/\\\/schema.org\",\"@graph\":[{\"@type\":\"WebPage\",\"@id\":\"https:\\\/\\\/slonny.com\\\/et\\\/toode\\\/tudrukute-wristband-sark\\\/\",\"url\":\"https:\\\/\\\/slonny.com\\\/et\\\/toode\\\/tudrukute-wristband-sark\\\/\",\"name\":\"T\u00fcdrukute \\\"Wristband\\\" s\u00e4rk - Slonny\",\"isPartOf\":{\"@id\":\"https:\\\/\\\/slonny.com\\\/et\\\/#website\"},\"primaryImageOfPage\":{\"@id\":\"https:\\\/\\\/slonny.com\\\/et\\\/toode\\\/tudrukute-wristband-sark\\\/#primaryimage\"},\"image\":{\"@id\":\"https:\\\/\\\/slonny.com\\\/et\\\/toode\\\/tudrukute-wristband-sark\\\/#primaryimage\"},\"thumbnailUrl\":\"https:\\\/\\\/slonny.com\\\/wp-content\\\/uploads\\\/2023\\\/05\\\/img0646_size-2048_1367x2048.jpg\",\"datePublished\":\"2023-05-31T13:45:35+00:00\",\"dateModified\":\"2024-04-19T18:38:16+00:00\",\"breadcrumb\":{\"@id\":\"https:\\\/\\\/slonny.com\\\/et\\\/toode\\\/tudrukute-wristband-sark\\\/#breadcrumb\"},\"inLanguage\":\"et\",\"potentialAction\":[{\"@type\":\"ReadAction\",\"target\":[\"https:\\\/\\\/slonny.com\\\/et\\\/toode\\\/tudrukute-wristband-sark\\\/\"]}]},{\"@type\":\"ImageObject\",\"inLanguage\":\"et\",\"@id\":\"https:\\\/\\\/slonny.com\\\/et\\\/toode\\\/tudrukute-wristband-sark\\\/#primaryimage\",\"url\":\"https:\\\/\\\/slonny.com\\\/wp-content\\\/uploads\\\/2023\\\/05\\\/img0646_size-2048_1367x2048.jpg\",\"contentUrl\":\"https:\\\/\\\/slonny.com\\\/wp-content\\\/uploads\\\/2023\\\/05\\\/img0646_size-2048_1367x2048.jpg\",\"width\":1367,\"height\":2048},{\"@type\":\"BreadcrumbList\",\"@id\":\"https:\\\/\\\/slonny.com\\\/et\\\/toode\\\/tudrukute-wristband-sark\\\/#breadcrumb\",\"itemListElement\":[{\"@type\":\"ListItem\",\"position\":1,\"name\":\"Avaleht\",\"item\":\"https:\\\/\\\/slonny.com\\\/et\\\/\"},{\"@type\":\"ListItem\",\"position\":2,\"name\":\"Pood\",\"item\":\"https:\\\/\\\/slonny.com\\\/et\\\/pood\\\/\"},{\"@type\":\"ListItem\",\"position\":3,\"name\":\"T\u00fcdrukute &#8220;Wristband&#8221; s\u00e4rk\"}]},{\"@type\":\"WebSite\",\"@id\":\"https:\\\/\\\/slonny.com\\\/et\\\/#website\",\"url\":\"https:\\\/\\\/slonny.com\\\/et\\\/\",\"name\":\"Slonny\",\"description\":\"\",\"publisher\":{\"@id\":\"https:\\\/\\\/slonny.com\\\/et\\\/#organization\"},\"potentialAction\":[{\"@type\":\"SearchAction\",\"target\":{\"@type\":\"EntryPoint\",\"urlTemplate\":\"https:\\\/\\\/slonny.com\\\/et\\\/?s={search_term_string}\"},\"query-input\":{\"@type\":\"PropertyValueSpecification\",\"valueRequired\":true,\"valueName\":\"search_term_string\"}}],\"inLanguage\":\"et\"},{\"@type\":\"Organization\",\"@id\":\"https:\\\/\\\/slonny.com\\\/et\\\/#organization\",\"name\":\"MISS VALENTINE O\u00dc\",\"url\":\"https:\\\/\\\/slonny.com\\\/et\\\/\",\"logo\":{\"@type\":\"ImageObject\",\"inLanguage\":\"et\",\"@id\":\"https:\\\/\\\/slonny.com\\\/et\\\/#\\\/schema\\\/logo\\\/image\\\/\",\"url\":\"https:\\\/\\\/slonny.com\\\/wp-content\\\/uploads\\\/2023\\\/05\\\/logo.svg\",\"contentUrl\":\"https:\\\/\\\/slonny.com\\\/wp-content\\\/uploads\\\/2023\\\/05\\\/logo.svg\",\"width\":1,\"height\":1,\"caption\":\"MISS VALENTINE O\u00dc\"},\"image\":{\"@id\":\"https:\\\/\\\/slonny.com\\\/et\\\/#\\\/schema\\\/logo\\\/image\\\/\"},\"sameAs\":[\"https:\\\/\\\/www.facebook.com\\\/www.slonny.ee\",\"https:\\\/\\\/www.instagram.com\\\/slonny_clothing\\\/\"]}]}<\/script>\n<!-- \/ Yoast SEO plugin. -->","yoast_head_json":{"title":"T\u00fcdrukute \"Wristband\" s\u00e4rk - Slonny","robots":{"index":"index","follow":"follow","max-snippet":"max-snippet:-1","max-image-preview":"max-image-preview:large","max-video-preview":"max-video-preview:-1"},"canonical":"https:\/\/slonny.com\/et\/toode\/tudrukute-wristband-sark\/","og_locale":"et_EE","og_type":"article","og_title":"T\u00fcdrukute \"Wristband\" s\u00e4rk - Slonny","og_description":"Pika varrukaga t-s\u00e4rk \"Wristband\" on valmistatud kvaliteetsest, pehmest ja venivast viskoosist. S\u00e4rgi vasaku k\u00e4ise randmel on h\u00f5bedastest kristallidest s\u00e4delev riba. Lisa s\u00e4ra igasse trennip\u00e4eva!   kvaliteetne, vastupidav, v\u00e4ga hea venivusega keskmise paksusega viskoos  93% viskoos - 7% elastaan  Pesemisjuhised: 30\u00b0C masinpesu, kasuta \u00f5rnale pesule m\u00f5eldud pesuvahendit, pesta eraldi, mitte pleegitada ega triikida. Soovitame viskoostooteid pesta pahupidi p\u00f6\u00f6ratuna ja pesukotis juhul kui toodetel on kasutatud kristallidest kaunistusi.","og_url":"https:\/\/slonny.com\/et\/toode\/tudrukute-wristband-sark\/","og_site_name":"Slonny","article_publisher":"https:\/\/www.facebook.com\/www.slonny.ee","article_modified_time":"2024-04-19T18:38:16+00:00","og_image":[{"width":1367,"height":2048,"url":"https:\/\/slonny.com\/wp-content\/uploads\/2023\/05\/img0646_size-2048_1367x2048.jpg","type":"image\/jpeg"}],"twitter_card":"summary_large_image","twitter_misc":{"Est. reading time":"1 minut"},"schema":{"@context":"https:\/\/schema.org","@graph":[{"@type":"WebPage","@id":"https:\/\/slonny.com\/et\/toode\/tudrukute-wristband-sark\/","url":"https:\/\/slonny.com\/et\/toode\/tudrukute-wristband-sark\/","name":"T\u00fcdrukute \"Wristband\" s\u00e4rk - Slonny","isPartOf":{"@id":"https:\/\/slonny.com\/et\/#website"},"primaryImageOfPage":{"@id":"https:\/\/slonny.com\/et\/toode\/tudrukute-wristband-sark\/#primaryimage"},"image":{"@id":"https:\/\/slonny.com\/et\/toode\/tudrukute-wristband-sark\/#primaryimage"},"thumbnailUrl":"https:\/\/slonny.com\/wp-content\/uploads\/2023\/05\/img0646_size-2048_1367x2048.jpg","datePublished":"2023-05-31T13:45:35+00:00","dateModified":"2024-04-19T18:38:16+00:00","breadcrumb":{"@id":"https:\/\/slonny.com\/et\/toode\/tudrukute-wristband-sark\/#breadcrumb"},"inLanguage":"et","potentialAction":[{"@type":"ReadAction","target":["https:\/\/slonny.com\/et\/toode\/tudrukute-wristband-sark\/"]}]},{"@type":"ImageObject","inLanguage":"et","@id":"https:\/\/slonny.com\/et\/toode\/tudrukute-wristband-sark\/#primaryimage","url":"https:\/\/slonny.com\/wp-content\/uploads\/2023\/05\/img0646_size-2048_1367x2048.jpg","contentUrl":"https:\/\/slonny.com\/wp-content\/uploads\/2023\/05\/img0646_size-2048_1367x2048.jpg","width":1367,"height":2048},{"@type":"BreadcrumbList","@id":"https:\/\/slonny.com\/et\/toode\/tudrukute-wristband-sark\/#breadcrumb","itemListElement":[{"@type":"ListItem","position":1,"name":"Avaleht","item":"https:\/\/slonny.com\/et\/"},{"@type":"ListItem","position":2,"name":"Pood","item":"https:\/\/slonny.com\/et\/pood\/"},{"@type":"ListItem","position":3,"name":"T\u00fcdrukute &#8220;Wristband&#8221; s\u00e4rk"}]},{"@type":"WebSite","@id":"https:\/\/slonny.com\/et\/#website","url":"https:\/\/slonny.com\/et\/","name":"Slonny","description":"","publisher":{"@id":"https:\/\/slonny.com\/et\/#organization"},"potentialAction":[{"@type":"SearchAction","target":{"@type":"EntryPoint","urlTemplate":"https:\/\/slonny.com\/et\/?s={search_term_string}"},"query-input":{"@type":"PropertyValueSpecification","valueRequired":true,"valueName":"search_term_string"}}],"inLanguage":"et"},{"@type":"Organization","@id":"https:\/\/slonny.com\/et\/#organization","name":"MISS VALENTINE O\u00dc","url":"https:\/\/slonny.com\/et\/","logo":{"@type":"ImageObject","inLanguage":"et","@id":"https:\/\/slonny.com\/et\/#\/schema\/logo\/image\/","url":"https:\/\/slonny.com\/wp-content\/uploads\/2023\/05\/logo.svg","contentUrl":"https:\/\/slonny.com\/wp-content\/uploads\/2023\/05\/logo.svg","width":1,"height":1,"caption":"MISS VALENTINE O\u00dc"},"image":{"@id":"https:\/\/slonny.com\/et\/#\/schema\/logo\/image\/"},"sameAs":["https:\/\/www.facebook.com\/www.slonny.ee","https:\/\/www.instagram.com\/slonny_clothing\/"]}]}},"_links":{"self":[{"href":"https:\/\/slonny.com\/et\/wp-json\/wp\/v2\/product\/1274","targetHints":{"allow":["GET"]}}],"collection":[{"href":"https:\/\/slonny.com\/et\/wp-json\/wp\/v2\/product"}],"about":[{"href":"https:\/\/slonny.com\/et\/wp-json\/wp\/v2\/types\/product"}],"replies":[{"embeddable":true,"href":"https:\/\/slonny.com\/et\/wp-json\/wp\/v2\/comments?post=1274"}],"version-history":[{"count":2,"href":"https:\/\/slonny.com\/et\/wp-json\/wp\/v2\/product\/1274\/revisions"}],"predecessor-version":[{"id":1276,"href":"https:\/\/slonny.com\/et\/wp-json\/wp\/v2\/product\/1274\/revisions\/1276"}],"wp:featuredmedia":[{"embeddable":true,"href":"https:\/\/slonny.com\/et\/wp-json\/wp\/v2\/media\/1277"}],"wp:attachment":[{"href":"https:\/\/slonny.com\/et\/wp-json\/wp\/v2\/media?parent=1274"}],"wp:term":[{"taxonomy":"product_cat","embeddable":true,"href":"https:\/\/slonny.com\/et\/wp-json\/wp\/v2\/product_cat?post=1274"},{"taxonomy":"product_tag","embeddable":true,"href":"https:\/\/slonny.com\/et\/wp-json\/wp\/v2\/product_tag?post=1274"}],"curies":[{"name":"wp","href":"https:\/\/api.w.org\/{rel}","templated":true}]}}