{"id":1754,"date":"2023-06-02T14:34:55","date_gmt":"2023-06-02T11:34:55","guid":{"rendered":"https:\/\/slonny.vdisain.dev\/?post_type=product&#038;p=1754"},"modified":"2025-01-20T00:17:15","modified_gmt":"2025-01-19T21:17:15","slug":"laste-trikoo","status":"publish","type":"product","link":"https:\/\/slonny.com\/et\/toode\/laste-trikoo\/","title":{"rendered":"Laste Trikoo"},"content":{"rendered":"","protected":false},"excerpt":{"rendered":"<p>Slonny laste trikoo on kindel trennikaaslane v\u00e4ikestele sportlastele. Trikoo on valmistatud nahale s\u00f5bralikust, venivast ja vastupidavast nailonist. Sobib h\u00e4sti kokku Slonny laste l\u00fchikeste p\u00fckstega.<\/p>\n<ul>\n<li>vastupidav, h\u00e4sti veniv, keskmise paksusega nailonkangas<\/li>\n<li>92% nailon &#8211; 8% elastaan<\/li>\n<li>Pesemisjuhised: 30\u00b0C masinapesu, mitte pleegitada ega triikida.<\/li>\n<\/ul>\n","protected":false},"featured_media":1755,"comment_status":"open","ping_status":"closed","template":"","meta":[],"product_cat":[153],"product_tag":[],"class_list":{"0":"post-1754","1":"product","2":"type-product","3":"status-publish","4":"has-post-thumbnail","6":"product_cat-topid","8":"first","9":"instock","10":"shipping-taxable","11":"purchasable","12":"product-type-variable"},"yoast_head":"<!-- This site is optimized with the Yoast SEO plugin v27.4 - https:\/\/yoast.com\/product\/yoast-seo-wordpress\/ -->\n<title>Laste Trikoo - Slonny<\/title>\n<meta name=\"robots\" content=\"index, follow, max-snippet:-1, max-image-preview:large, max-video-preview:-1\" \/>\n<link rel=\"canonical\" href=\"https:\/\/slonny.com\/et\/toode\/laste-trikoo\/\" \/>\n<meta property=\"og:locale\" content=\"et_EE\" \/>\n<meta property=\"og:type\" content=\"article\" \/>\n<meta property=\"og:title\" content=\"Laste Trikoo - Slonny\" \/>\n<meta property=\"og:description\" content=\"Slonny laste trikoo on kindel trennikaaslane v\u00e4ikestele sportlastele. Trikoo on valmistatud nahale s\u00f5bralikust, venivast ja vastupidavast nailonist. Sobib h\u00e4sti kokku Slonny laste l\u00fchikeste p\u00fckstega.   vastupidav, h\u00e4sti veniv, keskmise paksusega nailonkangas  92% nailon - 8% elastaan  Pesemisjuhised: 30\u00b0C masinapesu, mitte pleegitada ega triikida.\" \/>\n<meta property=\"og:url\" content=\"https:\/\/slonny.com\/et\/toode\/laste-trikoo\/\" \/>\n<meta property=\"og:site_name\" content=\"Slonny\" \/>\n<meta property=\"article:publisher\" content=\"https:\/\/www.facebook.com\/www.slonny.ee\" \/>\n<meta property=\"article:modified_time\" content=\"2025-01-19T21:17:15+00:00\" \/>\n<meta property=\"og:image\" content=\"https:\/\/slonny.com\/wp-content\/uploads\/2023\/06\/laste_trikoo_9_size-2048_1365x2048.jpg\" \/>\n\t<meta property=\"og:image:width\" content=\"1365\" \/>\n\t<meta property=\"og:image:height\" content=\"2048\" \/>\n\t<meta property=\"og:image:type\" content=\"image\/jpeg\" \/>\n<meta name=\"twitter:card\" content=\"summary_large_image\" \/>\n<meta name=\"twitter:label1\" content=\"Est. reading time\" \/>\n\t<meta name=\"twitter:data1\" content=\"1 minut\" \/>\n<script type=\"application\/ld+json\" class=\"yoast-schema-graph\">{\"@context\":\"https:\\\/\\\/schema.org\",\"@graph\":[{\"@type\":\"WebPage\",\"@id\":\"https:\\\/\\\/slonny.com\\\/et\\\/toode\\\/laste-trikoo\\\/\",\"url\":\"https:\\\/\\\/slonny.com\\\/et\\\/toode\\\/laste-trikoo\\\/\",\"name\":\"Laste Trikoo - Slonny\",\"isPartOf\":{\"@id\":\"https:\\\/\\\/slonny.com\\\/et\\\/#website\"},\"primaryImageOfPage\":{\"@id\":\"https:\\\/\\\/slonny.com\\\/et\\\/toode\\\/laste-trikoo\\\/#primaryimage\"},\"image\":{\"@id\":\"https:\\\/\\\/slonny.com\\\/et\\\/toode\\\/laste-trikoo\\\/#primaryimage\"},\"thumbnailUrl\":\"https:\\\/\\\/slonny.com\\\/wp-content\\\/uploads\\\/2023\\\/06\\\/laste_trikoo_9_size-2048_1365x2048.jpg\",\"datePublished\":\"2023-06-02T11:34:55+00:00\",\"dateModified\":\"2025-01-19T21:17:15+00:00\",\"breadcrumb\":{\"@id\":\"https:\\\/\\\/slonny.com\\\/et\\\/toode\\\/laste-trikoo\\\/#breadcrumb\"},\"inLanguage\":\"et\",\"potentialAction\":[{\"@type\":\"ReadAction\",\"target\":[\"https:\\\/\\\/slonny.com\\\/et\\\/toode\\\/laste-trikoo\\\/\"]}]},{\"@type\":\"ImageObject\",\"inLanguage\":\"et\",\"@id\":\"https:\\\/\\\/slonny.com\\\/et\\\/toode\\\/laste-trikoo\\\/#primaryimage\",\"url\":\"https:\\\/\\\/slonny.com\\\/wp-content\\\/uploads\\\/2023\\\/06\\\/laste_trikoo_9_size-2048_1365x2048.jpg\",\"contentUrl\":\"https:\\\/\\\/slonny.com\\\/wp-content\\\/uploads\\\/2023\\\/06\\\/laste_trikoo_9_size-2048_1365x2048.jpg\",\"width\":1365,\"height\":2048},{\"@type\":\"BreadcrumbList\",\"@id\":\"https:\\\/\\\/slonny.com\\\/et\\\/toode\\\/laste-trikoo\\\/#breadcrumb\",\"itemListElement\":[{\"@type\":\"ListItem\",\"position\":1,\"name\":\"Avaleht\",\"item\":\"https:\\\/\\\/slonny.com\\\/et\\\/\"},{\"@type\":\"ListItem\",\"position\":2,\"name\":\"Pood\",\"item\":\"https:\\\/\\\/slonny.com\\\/et\\\/pood\\\/\"},{\"@type\":\"ListItem\",\"position\":3,\"name\":\"Laste Trikoo\"}]},{\"@type\":\"WebSite\",\"@id\":\"https:\\\/\\\/slonny.com\\\/et\\\/#website\",\"url\":\"https:\\\/\\\/slonny.com\\\/et\\\/\",\"name\":\"Slonny\",\"description\":\"\",\"publisher\":{\"@id\":\"https:\\\/\\\/slonny.com\\\/et\\\/#organization\"},\"potentialAction\":[{\"@type\":\"SearchAction\",\"target\":{\"@type\":\"EntryPoint\",\"urlTemplate\":\"https:\\\/\\\/slonny.com\\\/et\\\/?s={search_term_string}\"},\"query-input\":{\"@type\":\"PropertyValueSpecification\",\"valueRequired\":true,\"valueName\":\"search_term_string\"}}],\"inLanguage\":\"et\"},{\"@type\":\"Organization\",\"@id\":\"https:\\\/\\\/slonny.com\\\/et\\\/#organization\",\"name\":\"MISS VALENTINE O\u00dc\",\"url\":\"https:\\\/\\\/slonny.com\\\/et\\\/\",\"logo\":{\"@type\":\"ImageObject\",\"inLanguage\":\"et\",\"@id\":\"https:\\\/\\\/slonny.com\\\/et\\\/#\\\/schema\\\/logo\\\/image\\\/\",\"url\":\"https:\\\/\\\/slonny.com\\\/wp-content\\\/uploads\\\/2023\\\/05\\\/logo.svg\",\"contentUrl\":\"https:\\\/\\\/slonny.com\\\/wp-content\\\/uploads\\\/2023\\\/05\\\/logo.svg\",\"width\":1,\"height\":1,\"caption\":\"MISS VALENTINE O\u00dc\"},\"image\":{\"@id\":\"https:\\\/\\\/slonny.com\\\/et\\\/#\\\/schema\\\/logo\\\/image\\\/\"},\"sameAs\":[\"https:\\\/\\\/www.facebook.com\\\/www.slonny.ee\",\"https:\\\/\\\/www.instagram.com\\\/slonny_clothing\\\/\"]}]}<\/script>\n<!-- \/ Yoast SEO plugin. -->","yoast_head_json":{"title":"Laste Trikoo - Slonny","robots":{"index":"index","follow":"follow","max-snippet":"max-snippet:-1","max-image-preview":"max-image-preview:large","max-video-preview":"max-video-preview:-1"},"canonical":"https:\/\/slonny.com\/et\/toode\/laste-trikoo\/","og_locale":"et_EE","og_type":"article","og_title":"Laste Trikoo - Slonny","og_description":"Slonny laste trikoo on kindel trennikaaslane v\u00e4ikestele sportlastele. Trikoo on valmistatud nahale s\u00f5bralikust, venivast ja vastupidavast nailonist. Sobib h\u00e4sti kokku Slonny laste l\u00fchikeste p\u00fckstega.   vastupidav, h\u00e4sti veniv, keskmise paksusega nailonkangas  92% nailon - 8% elastaan  Pesemisjuhised: 30\u00b0C masinapesu, mitte pleegitada ega triikida.","og_url":"https:\/\/slonny.com\/et\/toode\/laste-trikoo\/","og_site_name":"Slonny","article_publisher":"https:\/\/www.facebook.com\/www.slonny.ee","article_modified_time":"2025-01-19T21:17:15+00:00","og_image":[{"width":1365,"height":2048,"url":"https:\/\/slonny.com\/wp-content\/uploads\/2023\/06\/laste_trikoo_9_size-2048_1365x2048.jpg","type":"image\/jpeg"}],"twitter_card":"summary_large_image","twitter_misc":{"Est. reading time":"1 minut"},"schema":{"@context":"https:\/\/schema.org","@graph":[{"@type":"WebPage","@id":"https:\/\/slonny.com\/et\/toode\/laste-trikoo\/","url":"https:\/\/slonny.com\/et\/toode\/laste-trikoo\/","name":"Laste Trikoo - Slonny","isPartOf":{"@id":"https:\/\/slonny.com\/et\/#website"},"primaryImageOfPage":{"@id":"https:\/\/slonny.com\/et\/toode\/laste-trikoo\/#primaryimage"},"image":{"@id":"https:\/\/slonny.com\/et\/toode\/laste-trikoo\/#primaryimage"},"thumbnailUrl":"https:\/\/slonny.com\/wp-content\/uploads\/2023\/06\/laste_trikoo_9_size-2048_1365x2048.jpg","datePublished":"2023-06-02T11:34:55+00:00","dateModified":"2025-01-19T21:17:15+00:00","breadcrumb":{"@id":"https:\/\/slonny.com\/et\/toode\/laste-trikoo\/#breadcrumb"},"inLanguage":"et","potentialAction":[{"@type":"ReadAction","target":["https:\/\/slonny.com\/et\/toode\/laste-trikoo\/"]}]},{"@type":"ImageObject","inLanguage":"et","@id":"https:\/\/slonny.com\/et\/toode\/laste-trikoo\/#primaryimage","url":"https:\/\/slonny.com\/wp-content\/uploads\/2023\/06\/laste_trikoo_9_size-2048_1365x2048.jpg","contentUrl":"https:\/\/slonny.com\/wp-content\/uploads\/2023\/06\/laste_trikoo_9_size-2048_1365x2048.jpg","width":1365,"height":2048},{"@type":"BreadcrumbList","@id":"https:\/\/slonny.com\/et\/toode\/laste-trikoo\/#breadcrumb","itemListElement":[{"@type":"ListItem","position":1,"name":"Avaleht","item":"https:\/\/slonny.com\/et\/"},{"@type":"ListItem","position":2,"name":"Pood","item":"https:\/\/slonny.com\/et\/pood\/"},{"@type":"ListItem","position":3,"name":"Laste Trikoo"}]},{"@type":"WebSite","@id":"https:\/\/slonny.com\/et\/#website","url":"https:\/\/slonny.com\/et\/","name":"Slonny","description":"","publisher":{"@id":"https:\/\/slonny.com\/et\/#organization"},"potentialAction":[{"@type":"SearchAction","target":{"@type":"EntryPoint","urlTemplate":"https:\/\/slonny.com\/et\/?s={search_term_string}"},"query-input":{"@type":"PropertyValueSpecification","valueRequired":true,"valueName":"search_term_string"}}],"inLanguage":"et"},{"@type":"Organization","@id":"https:\/\/slonny.com\/et\/#organization","name":"MISS VALENTINE O\u00dc","url":"https:\/\/slonny.com\/et\/","logo":{"@type":"ImageObject","inLanguage":"et","@id":"https:\/\/slonny.com\/et\/#\/schema\/logo\/image\/","url":"https:\/\/slonny.com\/wp-content\/uploads\/2023\/05\/logo.svg","contentUrl":"https:\/\/slonny.com\/wp-content\/uploads\/2023\/05\/logo.svg","width":1,"height":1,"caption":"MISS VALENTINE O\u00dc"},"image":{"@id":"https:\/\/slonny.com\/et\/#\/schema\/logo\/image\/"},"sameAs":["https:\/\/www.facebook.com\/www.slonny.ee","https:\/\/www.instagram.com\/slonny_clothing\/"]}]}},"_links":{"self":[{"href":"https:\/\/slonny.com\/et\/wp-json\/wp\/v2\/product\/1754","targetHints":{"allow":["GET"]}}],"collection":[{"href":"https:\/\/slonny.com\/et\/wp-json\/wp\/v2\/product"}],"about":[{"href":"https:\/\/slonny.com\/et\/wp-json\/wp\/v2\/types\/product"}],"replies":[{"embeddable":true,"href":"https:\/\/slonny.com\/et\/wp-json\/wp\/v2\/comments?post=1754"}],"version-history":[{"count":1,"href":"https:\/\/slonny.com\/et\/wp-json\/wp\/v2\/product\/1754\/revisions"}],"predecessor-version":[{"id":1766,"href":"https:\/\/slonny.com\/et\/wp-json\/wp\/v2\/product\/1754\/revisions\/1766"}],"wp:featuredmedia":[{"embeddable":true,"href":"https:\/\/slonny.com\/et\/wp-json\/wp\/v2\/media\/1755"}],"wp:attachment":[{"href":"https:\/\/slonny.com\/et\/wp-json\/wp\/v2\/media?parent=1754"}],"wp:term":[{"taxonomy":"product_cat","embeddable":true,"href":"https:\/\/slonny.com\/et\/wp-json\/wp\/v2\/product_cat?post=1754"},{"taxonomy":"product_tag","embeddable":true,"href":"https:\/\/slonny.com\/et\/wp-json\/wp\/v2\/product_tag?post=1754"}],"curies":[{"name":"wp","href":"https:\/\/api.w.org\/{rel}","templated":true}]}}