{"id":2080,"date":"2023-06-09T12:35:34","date_gmt":"2023-06-09T09:35:34","guid":{"rendered":"https:\/\/slonny.vdisain.dev\/?post_type=product&#038;p=2080"},"modified":"2024-04-19T19:54:02","modified_gmt":"2024-04-19T16:54:02","slug":"laste-luhikese-puksid","status":"publish","type":"product","link":"https:\/\/slonny.com\/et\/toode\/laste-luhikese-puksid\/","title":{"rendered":"Laste L\u00fchikese P\u00fcksid"},"content":{"rendered":"","protected":false},"excerpt":{"rendered":"<p>Need p\u00fcksid on m\u00f5eldud v\u00e4ikestele v\u00f5imlejatele. Toode on valmistatud nahale s\u00f5bralikust, venivast ja vastupidavast nailonist. P\u00fcksid on kummiga ja sobivad kanda koos Slonny laste trikooga. Edukat treenimist!<\/p>\n<ul>\n<li>vastupidav, h\u00e4sti veniv, keskmise paksusega nailonkangas<\/li>\n<li>92% nailon &#8211; 8% elastaan<\/li>\n<li>Pesemisjuhised: 30\u00b0C masinapesu, mitte pleegitada ega triikida.<\/li>\n<\/ul>\n","protected":false},"featured_media":2111,"comment_status":"open","ping_status":"closed","template":"","meta":[],"product_cat":[165],"product_tag":[],"class_list":{"0":"post-2080","1":"product","2":"type-product","3":"status-publish","4":"has-post-thumbnail","6":"product_cat-puksid","8":"first","9":"instock","10":"shipping-taxable","11":"purchasable","12":"product-type-variable"},"yoast_head":"<!-- This site is optimized with the Yoast SEO plugin v27.3 - https:\/\/yoast.com\/product\/yoast-seo-wordpress\/ -->\n<title>Laste L\u00fchikese P\u00fcksid - Slonny<\/title>\n<meta name=\"robots\" content=\"index, follow, max-snippet:-1, max-image-preview:large, max-video-preview:-1\" \/>\n<link rel=\"canonical\" href=\"https:\/\/slonny.com\/et\/toode\/laste-luhikese-puksid\/\" \/>\n<meta property=\"og:locale\" content=\"et_EE\" \/>\n<meta property=\"og:type\" content=\"article\" \/>\n<meta property=\"og:title\" content=\"Laste L\u00fchikese P\u00fcksid - Slonny\" \/>\n<meta property=\"og:description\" content=\"Need p\u00fcksid on m\u00f5eldud v\u00e4ikestele v\u00f5imlejatele. Toode on valmistatud nahale s\u00f5bralikust, venivast ja vastupidavast nailonist. P\u00fcksid on kummiga ja sobivad kanda koos Slonny laste trikooga. Edukat treenimist!   vastupidav, h\u00e4sti veniv, keskmise paksusega nailonkangas  92% nailon - 8% elastaan  Pesemisjuhised: 30\u00b0C masinapesu, mitte pleegitada ega triikida.\" \/>\n<meta property=\"og:url\" content=\"https:\/\/slonny.com\/et\/toode\/laste-luhikese-puksid\/\" \/>\n<meta property=\"og:site_name\" content=\"Slonny\" \/>\n<meta property=\"article:publisher\" content=\"https:\/\/www.facebook.com\/www.slonny.ee\" \/>\n<meta property=\"article:modified_time\" content=\"2024-04-19T16:54:02+00:00\" \/>\n<meta property=\"og:image\" content=\"https:\/\/slonny.com\/wp-content\/uploads\/2023\/06\/img0179logota_size-2048_1367x2048.jpg\" \/>\n\t<meta property=\"og:image:width\" content=\"1367\" \/>\n\t<meta property=\"og:image:height\" content=\"2048\" \/>\n\t<meta property=\"og:image:type\" content=\"image\/jpeg\" \/>\n<meta name=\"twitter:card\" content=\"summary_large_image\" \/>\n<meta name=\"twitter:label1\" content=\"Est. reading time\" \/>\n\t<meta name=\"twitter:data1\" content=\"1 minut\" \/>\n<script type=\"application\/ld+json\" class=\"yoast-schema-graph\">{\"@context\":\"https:\\\/\\\/schema.org\",\"@graph\":[{\"@type\":\"WebPage\",\"@id\":\"https:\\\/\\\/slonny.com\\\/et\\\/toode\\\/laste-luhikese-puksid\\\/\",\"url\":\"https:\\\/\\\/slonny.com\\\/et\\\/toode\\\/laste-luhikese-puksid\\\/\",\"name\":\"Laste L\u00fchikese P\u00fcksid - Slonny\",\"isPartOf\":{\"@id\":\"https:\\\/\\\/slonny.com\\\/et\\\/#website\"},\"primaryImageOfPage\":{\"@id\":\"https:\\\/\\\/slonny.com\\\/et\\\/toode\\\/laste-luhikese-puksid\\\/#primaryimage\"},\"image\":{\"@id\":\"https:\\\/\\\/slonny.com\\\/et\\\/toode\\\/laste-luhikese-puksid\\\/#primaryimage\"},\"thumbnailUrl\":\"https:\\\/\\\/slonny.com\\\/wp-content\\\/uploads\\\/2023\\\/06\\\/img0179logota_size-2048_1367x2048.jpg\",\"datePublished\":\"2023-06-09T09:35:34+00:00\",\"dateModified\":\"2024-04-19T16:54:02+00:00\",\"breadcrumb\":{\"@id\":\"https:\\\/\\\/slonny.com\\\/et\\\/toode\\\/laste-luhikese-puksid\\\/#breadcrumb\"},\"inLanguage\":\"et\",\"potentialAction\":[{\"@type\":\"ReadAction\",\"target\":[\"https:\\\/\\\/slonny.com\\\/et\\\/toode\\\/laste-luhikese-puksid\\\/\"]}]},{\"@type\":\"ImageObject\",\"inLanguage\":\"et\",\"@id\":\"https:\\\/\\\/slonny.com\\\/et\\\/toode\\\/laste-luhikese-puksid\\\/#primaryimage\",\"url\":\"https:\\\/\\\/slonny.com\\\/wp-content\\\/uploads\\\/2023\\\/06\\\/img0179logota_size-2048_1367x2048.jpg\",\"contentUrl\":\"https:\\\/\\\/slonny.com\\\/wp-content\\\/uploads\\\/2023\\\/06\\\/img0179logota_size-2048_1367x2048.jpg\",\"width\":1367,\"height\":2048},{\"@type\":\"BreadcrumbList\",\"@id\":\"https:\\\/\\\/slonny.com\\\/et\\\/toode\\\/laste-luhikese-puksid\\\/#breadcrumb\",\"itemListElement\":[{\"@type\":\"ListItem\",\"position\":1,\"name\":\"Avaleht\",\"item\":\"https:\\\/\\\/slonny.com\\\/et\\\/\"},{\"@type\":\"ListItem\",\"position\":2,\"name\":\"Pood\",\"item\":\"https:\\\/\\\/slonny.com\\\/et\\\/pood\\\/\"},{\"@type\":\"ListItem\",\"position\":3,\"name\":\"Laste L\u00fchikese P\u00fcksid\"}]},{\"@type\":\"WebSite\",\"@id\":\"https:\\\/\\\/slonny.com\\\/et\\\/#website\",\"url\":\"https:\\\/\\\/slonny.com\\\/et\\\/\",\"name\":\"Slonny\",\"description\":\"\",\"publisher\":{\"@id\":\"https:\\\/\\\/slonny.com\\\/et\\\/#organization\"},\"potentialAction\":[{\"@type\":\"SearchAction\",\"target\":{\"@type\":\"EntryPoint\",\"urlTemplate\":\"https:\\\/\\\/slonny.com\\\/et\\\/?s={search_term_string}\"},\"query-input\":{\"@type\":\"PropertyValueSpecification\",\"valueRequired\":true,\"valueName\":\"search_term_string\"}}],\"inLanguage\":\"et\"},{\"@type\":\"Organization\",\"@id\":\"https:\\\/\\\/slonny.com\\\/et\\\/#organization\",\"name\":\"MISS VALENTINE O\u00dc\",\"url\":\"https:\\\/\\\/slonny.com\\\/et\\\/\",\"logo\":{\"@type\":\"ImageObject\",\"inLanguage\":\"et\",\"@id\":\"https:\\\/\\\/slonny.com\\\/et\\\/#\\\/schema\\\/logo\\\/image\\\/\",\"url\":\"https:\\\/\\\/slonny.com\\\/wp-content\\\/uploads\\\/2023\\\/05\\\/logo.svg\",\"contentUrl\":\"https:\\\/\\\/slonny.com\\\/wp-content\\\/uploads\\\/2023\\\/05\\\/logo.svg\",\"width\":1,\"height\":1,\"caption\":\"MISS VALENTINE O\u00dc\"},\"image\":{\"@id\":\"https:\\\/\\\/slonny.com\\\/et\\\/#\\\/schema\\\/logo\\\/image\\\/\"},\"sameAs\":[\"https:\\\/\\\/www.facebook.com\\\/www.slonny.ee\",\"https:\\\/\\\/www.instagram.com\\\/slonny_clothing\\\/\"]}]}<\/script>\n<!-- \/ Yoast SEO plugin. -->","yoast_head_json":{"title":"Laste L\u00fchikese P\u00fcksid - Slonny","robots":{"index":"index","follow":"follow","max-snippet":"max-snippet:-1","max-image-preview":"max-image-preview:large","max-video-preview":"max-video-preview:-1"},"canonical":"https:\/\/slonny.com\/et\/toode\/laste-luhikese-puksid\/","og_locale":"et_EE","og_type":"article","og_title":"Laste L\u00fchikese P\u00fcksid - Slonny","og_description":"Need p\u00fcksid on m\u00f5eldud v\u00e4ikestele v\u00f5imlejatele. Toode on valmistatud nahale s\u00f5bralikust, venivast ja vastupidavast nailonist. P\u00fcksid on kummiga ja sobivad kanda koos Slonny laste trikooga. Edukat treenimist!   vastupidav, h\u00e4sti veniv, keskmise paksusega nailonkangas  92% nailon - 8% elastaan  Pesemisjuhised: 30\u00b0C masinapesu, mitte pleegitada ega triikida.","og_url":"https:\/\/slonny.com\/et\/toode\/laste-luhikese-puksid\/","og_site_name":"Slonny","article_publisher":"https:\/\/www.facebook.com\/www.slonny.ee","article_modified_time":"2024-04-19T16:54:02+00:00","og_image":[{"width":1367,"height":2048,"url":"https:\/\/slonny.com\/wp-content\/uploads\/2023\/06\/img0179logota_size-2048_1367x2048.jpg","type":"image\/jpeg"}],"twitter_card":"summary_large_image","twitter_misc":{"Est. reading time":"1 minut"},"schema":{"@context":"https:\/\/schema.org","@graph":[{"@type":"WebPage","@id":"https:\/\/slonny.com\/et\/toode\/laste-luhikese-puksid\/","url":"https:\/\/slonny.com\/et\/toode\/laste-luhikese-puksid\/","name":"Laste L\u00fchikese P\u00fcksid - Slonny","isPartOf":{"@id":"https:\/\/slonny.com\/et\/#website"},"primaryImageOfPage":{"@id":"https:\/\/slonny.com\/et\/toode\/laste-luhikese-puksid\/#primaryimage"},"image":{"@id":"https:\/\/slonny.com\/et\/toode\/laste-luhikese-puksid\/#primaryimage"},"thumbnailUrl":"https:\/\/slonny.com\/wp-content\/uploads\/2023\/06\/img0179logota_size-2048_1367x2048.jpg","datePublished":"2023-06-09T09:35:34+00:00","dateModified":"2024-04-19T16:54:02+00:00","breadcrumb":{"@id":"https:\/\/slonny.com\/et\/toode\/laste-luhikese-puksid\/#breadcrumb"},"inLanguage":"et","potentialAction":[{"@type":"ReadAction","target":["https:\/\/slonny.com\/et\/toode\/laste-luhikese-puksid\/"]}]},{"@type":"ImageObject","inLanguage":"et","@id":"https:\/\/slonny.com\/et\/toode\/laste-luhikese-puksid\/#primaryimage","url":"https:\/\/slonny.com\/wp-content\/uploads\/2023\/06\/img0179logota_size-2048_1367x2048.jpg","contentUrl":"https:\/\/slonny.com\/wp-content\/uploads\/2023\/06\/img0179logota_size-2048_1367x2048.jpg","width":1367,"height":2048},{"@type":"BreadcrumbList","@id":"https:\/\/slonny.com\/et\/toode\/laste-luhikese-puksid\/#breadcrumb","itemListElement":[{"@type":"ListItem","position":1,"name":"Avaleht","item":"https:\/\/slonny.com\/et\/"},{"@type":"ListItem","position":2,"name":"Pood","item":"https:\/\/slonny.com\/et\/pood\/"},{"@type":"ListItem","position":3,"name":"Laste L\u00fchikese P\u00fcksid"}]},{"@type":"WebSite","@id":"https:\/\/slonny.com\/et\/#website","url":"https:\/\/slonny.com\/et\/","name":"Slonny","description":"","publisher":{"@id":"https:\/\/slonny.com\/et\/#organization"},"potentialAction":[{"@type":"SearchAction","target":{"@type":"EntryPoint","urlTemplate":"https:\/\/slonny.com\/et\/?s={search_term_string}"},"query-input":{"@type":"PropertyValueSpecification","valueRequired":true,"valueName":"search_term_string"}}],"inLanguage":"et"},{"@type":"Organization","@id":"https:\/\/slonny.com\/et\/#organization","name":"MISS VALENTINE O\u00dc","url":"https:\/\/slonny.com\/et\/","logo":{"@type":"ImageObject","inLanguage":"et","@id":"https:\/\/slonny.com\/et\/#\/schema\/logo\/image\/","url":"https:\/\/slonny.com\/wp-content\/uploads\/2023\/05\/logo.svg","contentUrl":"https:\/\/slonny.com\/wp-content\/uploads\/2023\/05\/logo.svg","width":1,"height":1,"caption":"MISS VALENTINE O\u00dc"},"image":{"@id":"https:\/\/slonny.com\/et\/#\/schema\/logo\/image\/"},"sameAs":["https:\/\/www.facebook.com\/www.slonny.ee","https:\/\/www.instagram.com\/slonny_clothing\/"]}]}},"_links":{"self":[{"href":"https:\/\/slonny.com\/et\/wp-json\/wp\/v2\/product\/2080","targetHints":{"allow":["GET"]}}],"collection":[{"href":"https:\/\/slonny.com\/et\/wp-json\/wp\/v2\/product"}],"about":[{"href":"https:\/\/slonny.com\/et\/wp-json\/wp\/v2\/types\/product"}],"replies":[{"embeddable":true,"href":"https:\/\/slonny.com\/et\/wp-json\/wp\/v2\/comments?post=2080"}],"version-history":[{"count":1,"href":"https:\/\/slonny.com\/et\/wp-json\/wp\/v2\/product\/2080\/revisions"}],"predecessor-version":[{"id":2119,"href":"https:\/\/slonny.com\/et\/wp-json\/wp\/v2\/product\/2080\/revisions\/2119"}],"wp:featuredmedia":[{"embeddable":true,"href":"https:\/\/slonny.com\/et\/wp-json\/wp\/v2\/media\/2111"}],"wp:attachment":[{"href":"https:\/\/slonny.com\/et\/wp-json\/wp\/v2\/media?parent=2080"}],"wp:term":[{"taxonomy":"product_cat","embeddable":true,"href":"https:\/\/slonny.com\/et\/wp-json\/wp\/v2\/product_cat?post=2080"},{"taxonomy":"product_tag","embeddable":true,"href":"https:\/\/slonny.com\/et\/wp-json\/wp\/v2\/product_tag?post=2080"}],"curies":[{"name":"wp","href":"https:\/\/api.w.org\/{rel}","templated":true}]}}