{"id":2245,"date":"2023-06-12T14:13:25","date_gmt":"2023-06-12T11:13:25","guid":{"rendered":"https:\/\/slonny.vdisain.dev\/?post_type=product&#038;p=2245"},"modified":"2023-12-04T22:27:45","modified_gmt":"2023-12-04T19:27:45","slug":"tudrukute-samet-luhikesed-puksid","status":"publish","type":"product","link":"https:\/\/slonny.com\/et\/toode\/tudrukute-samet-luhikesed-puksid\/","title":{"rendered":"T\u00fcdrukute &#8220;Samet&#8221; L\u00fchikesed P\u00fcksid"},"content":{"rendered":"","protected":false},"excerpt":{"rendered":"<p>Need avarad, laia kummiga l\u00fchikesed p\u00fcksid on valmistatud n\u00e4gusast ja venivast sametkangast ning kaunistatud s\u00e4delevatest kristallidest &#8220;Slonny&#8221; logoga.<\/p>\n<ul>\n<li>kvaliteetne paksem, l\u00e4ikiv ja veniv samet<\/li>\n<li>90% nailon &#8211; 10% elastaan<\/li>\n<li>Pesemisjuhised:<\/li>\n<\/ul>\n<p>30\u00b0C masinpesu, kasuta \u00f5rnale pesule m\u00f5eldud pesuvahendit, pesta eraldi, mitte pleegitada ega triikida.\u00a0Soovitame samettooteid pesta pahupidi p\u00f6\u00f6ratuna ja \u00a0pesukotis juhul kui toodetel on kasutatud kristallidest kaunistusi. Palume uus toode enne kasutamist kindlasti korralikult l\u00e4bi pesta et v\u00e4hendada v\u00e4rviandvust! Kaks esimest pesukorda tuleb toodet pesta teistest riietest eraldi.<\/p>\n","protected":false},"featured_media":2260,"comment_status":"open","ping_status":"closed","template":"","meta":[],"product_cat":[165],"product_tag":[],"class_list":{"0":"post-2245","1":"product","2":"type-product","3":"status-publish","4":"has-post-thumbnail","6":"product_cat-puksid","8":"first","9":"instock","10":"shipping-taxable","11":"purchasable","12":"product-type-variable"},"yoast_head":"<!-- This site is optimized with the Yoast SEO plugin v27.4 - https:\/\/yoast.com\/product\/yoast-seo-wordpress\/ -->\n<title>T\u00fcdrukute &quot;Samet&quot; L\u00fchikesed P\u00fcksid - Slonny<\/title>\n<meta name=\"robots\" content=\"index, follow, max-snippet:-1, max-image-preview:large, max-video-preview:-1\" \/>\n<link rel=\"canonical\" href=\"https:\/\/slonny.com\/et\/toode\/tudrukute-samet-luhikesed-puksid\/\" \/>\n<meta property=\"og:locale\" content=\"et_EE\" \/>\n<meta property=\"og:type\" content=\"article\" \/>\n<meta property=\"og:title\" content=\"T\u00fcdrukute &quot;Samet&quot; L\u00fchikesed P\u00fcksid - Slonny\" \/>\n<meta property=\"og:description\" content=\"Need avarad, laia kummiga l\u00fchikesed p\u00fcksid on valmistatud n\u00e4gusast ja venivast sametkangast ning kaunistatud s\u00e4delevatest kristallidest &quot;Slonny&quot; logoga.   kvaliteetne paksem, l\u00e4ikiv ja veniv samet  90% nailon - 10% elastaan  Pesemisjuhised:  30\u00b0C masinpesu, kasuta \u00f5rnale pesule m\u00f5eldud pesuvahendit, pesta eraldi, mitte pleegitada ega triikida.\u00a0Soovitame samettooteid pesta pahupidi p\u00f6\u00f6ratuna ja \u00a0pesukotis juhul kui toodetel on kasutatud kristallidest kaunistusi. Palume uus toode enne kasutamist kindlasti korralikult l\u00e4bi pesta et v\u00e4hendada v\u00e4rviandvust! Kaks esimest pesukorda tuleb toodet pesta teistest riietest eraldi.\" \/>\n<meta property=\"og:url\" content=\"https:\/\/slonny.com\/et\/toode\/tudrukute-samet-luhikesed-puksid\/\" \/>\n<meta property=\"og:site_name\" content=\"Slonny\" \/>\n<meta property=\"article:publisher\" content=\"https:\/\/www.facebook.com\/www.slonny.ee\" \/>\n<meta property=\"article:modified_time\" content=\"2023-12-04T19:27:45+00:00\" \/>\n<meta property=\"og:image\" content=\"https:\/\/slonny.com\/wp-content\/uploads\/2023\/06\/tudrukute_samet_luhikesed_puksid_3_size-2048_600x900.jpg\" \/>\n\t<meta property=\"og:image:width\" content=\"600\" \/>\n\t<meta property=\"og:image:height\" content=\"900\" \/>\n\t<meta property=\"og:image:type\" content=\"image\/jpeg\" \/>\n<meta name=\"twitter:card\" content=\"summary_large_image\" \/>\n<script type=\"application\/ld+json\" class=\"yoast-schema-graph\">{\"@context\":\"https:\\\/\\\/schema.org\",\"@graph\":[{\"@type\":\"WebPage\",\"@id\":\"https:\\\/\\\/slonny.com\\\/et\\\/toode\\\/tudrukute-samet-luhikesed-puksid\\\/\",\"url\":\"https:\\\/\\\/slonny.com\\\/et\\\/toode\\\/tudrukute-samet-luhikesed-puksid\\\/\",\"name\":\"T\u00fcdrukute \\\"Samet\\\" L\u00fchikesed P\u00fcksid - Slonny\",\"isPartOf\":{\"@id\":\"https:\\\/\\\/slonny.com\\\/et\\\/#website\"},\"primaryImageOfPage\":{\"@id\":\"https:\\\/\\\/slonny.com\\\/et\\\/toode\\\/tudrukute-samet-luhikesed-puksid\\\/#primaryimage\"},\"image\":{\"@id\":\"https:\\\/\\\/slonny.com\\\/et\\\/toode\\\/tudrukute-samet-luhikesed-puksid\\\/#primaryimage\"},\"thumbnailUrl\":\"https:\\\/\\\/slonny.com\\\/wp-content\\\/uploads\\\/2023\\\/06\\\/tudrukute_samet_luhikesed_puksid_3_size-2048_600x900.jpg\",\"datePublished\":\"2023-06-12T11:13:25+00:00\",\"dateModified\":\"2023-12-04T19:27:45+00:00\",\"breadcrumb\":{\"@id\":\"https:\\\/\\\/slonny.com\\\/et\\\/toode\\\/tudrukute-samet-luhikesed-puksid\\\/#breadcrumb\"},\"inLanguage\":\"et\",\"potentialAction\":[{\"@type\":\"ReadAction\",\"target\":[\"https:\\\/\\\/slonny.com\\\/et\\\/toode\\\/tudrukute-samet-luhikesed-puksid\\\/\"]}]},{\"@type\":\"ImageObject\",\"inLanguage\":\"et\",\"@id\":\"https:\\\/\\\/slonny.com\\\/et\\\/toode\\\/tudrukute-samet-luhikesed-puksid\\\/#primaryimage\",\"url\":\"https:\\\/\\\/slonny.com\\\/wp-content\\\/uploads\\\/2023\\\/06\\\/tudrukute_samet_luhikesed_puksid_3_size-2048_600x900.jpg\",\"contentUrl\":\"https:\\\/\\\/slonny.com\\\/wp-content\\\/uploads\\\/2023\\\/06\\\/tudrukute_samet_luhikesed_puksid_3_size-2048_600x900.jpg\",\"width\":600,\"height\":900},{\"@type\":\"BreadcrumbList\",\"@id\":\"https:\\\/\\\/slonny.com\\\/et\\\/toode\\\/tudrukute-samet-luhikesed-puksid\\\/#breadcrumb\",\"itemListElement\":[{\"@type\":\"ListItem\",\"position\":1,\"name\":\"Avaleht\",\"item\":\"https:\\\/\\\/slonny.com\\\/et\\\/\"},{\"@type\":\"ListItem\",\"position\":2,\"name\":\"Pood\",\"item\":\"https:\\\/\\\/slonny.com\\\/et\\\/pood\\\/\"},{\"@type\":\"ListItem\",\"position\":3,\"name\":\"T\u00fcdrukute &#8220;Samet&#8221; L\u00fchikesed P\u00fcksid\"}]},{\"@type\":\"WebSite\",\"@id\":\"https:\\\/\\\/slonny.com\\\/et\\\/#website\",\"url\":\"https:\\\/\\\/slonny.com\\\/et\\\/\",\"name\":\"Slonny\",\"description\":\"\",\"publisher\":{\"@id\":\"https:\\\/\\\/slonny.com\\\/et\\\/#organization\"},\"potentialAction\":[{\"@type\":\"SearchAction\",\"target\":{\"@type\":\"EntryPoint\",\"urlTemplate\":\"https:\\\/\\\/slonny.com\\\/et\\\/?s={search_term_string}\"},\"query-input\":{\"@type\":\"PropertyValueSpecification\",\"valueRequired\":true,\"valueName\":\"search_term_string\"}}],\"inLanguage\":\"et\"},{\"@type\":\"Organization\",\"@id\":\"https:\\\/\\\/slonny.com\\\/et\\\/#organization\",\"name\":\"MISS VALENTINE O\u00dc\",\"url\":\"https:\\\/\\\/slonny.com\\\/et\\\/\",\"logo\":{\"@type\":\"ImageObject\",\"inLanguage\":\"et\",\"@id\":\"https:\\\/\\\/slonny.com\\\/et\\\/#\\\/schema\\\/logo\\\/image\\\/\",\"url\":\"https:\\\/\\\/slonny.com\\\/wp-content\\\/uploads\\\/2023\\\/05\\\/logo.svg\",\"contentUrl\":\"https:\\\/\\\/slonny.com\\\/wp-content\\\/uploads\\\/2023\\\/05\\\/logo.svg\",\"width\":1,\"height\":1,\"caption\":\"MISS VALENTINE O\u00dc\"},\"image\":{\"@id\":\"https:\\\/\\\/slonny.com\\\/et\\\/#\\\/schema\\\/logo\\\/image\\\/\"},\"sameAs\":[\"https:\\\/\\\/www.facebook.com\\\/www.slonny.ee\",\"https:\\\/\\\/www.instagram.com\\\/slonny_clothing\\\/\"]}]}<\/script>\n<!-- \/ Yoast SEO plugin. -->","yoast_head_json":{"title":"T\u00fcdrukute \"Samet\" L\u00fchikesed P\u00fcksid - Slonny","robots":{"index":"index","follow":"follow","max-snippet":"max-snippet:-1","max-image-preview":"max-image-preview:large","max-video-preview":"max-video-preview:-1"},"canonical":"https:\/\/slonny.com\/et\/toode\/tudrukute-samet-luhikesed-puksid\/","og_locale":"et_EE","og_type":"article","og_title":"T\u00fcdrukute \"Samet\" L\u00fchikesed P\u00fcksid - Slonny","og_description":"Need avarad, laia kummiga l\u00fchikesed p\u00fcksid on valmistatud n\u00e4gusast ja venivast sametkangast ning kaunistatud s\u00e4delevatest kristallidest \"Slonny\" logoga.   kvaliteetne paksem, l\u00e4ikiv ja veniv samet  90% nailon - 10% elastaan  Pesemisjuhised:  30\u00b0C masinpesu, kasuta \u00f5rnale pesule m\u00f5eldud pesuvahendit, pesta eraldi, mitte pleegitada ega triikida.\u00a0Soovitame samettooteid pesta pahupidi p\u00f6\u00f6ratuna ja \u00a0pesukotis juhul kui toodetel on kasutatud kristallidest kaunistusi. Palume uus toode enne kasutamist kindlasti korralikult l\u00e4bi pesta et v\u00e4hendada v\u00e4rviandvust! Kaks esimest pesukorda tuleb toodet pesta teistest riietest eraldi.","og_url":"https:\/\/slonny.com\/et\/toode\/tudrukute-samet-luhikesed-puksid\/","og_site_name":"Slonny","article_publisher":"https:\/\/www.facebook.com\/www.slonny.ee","article_modified_time":"2023-12-04T19:27:45+00:00","og_image":[{"width":600,"height":900,"url":"https:\/\/slonny.com\/wp-content\/uploads\/2023\/06\/tudrukute_samet_luhikesed_puksid_3_size-2048_600x900.jpg","type":"image\/jpeg"}],"twitter_card":"summary_large_image","schema":{"@context":"https:\/\/schema.org","@graph":[{"@type":"WebPage","@id":"https:\/\/slonny.com\/et\/toode\/tudrukute-samet-luhikesed-puksid\/","url":"https:\/\/slonny.com\/et\/toode\/tudrukute-samet-luhikesed-puksid\/","name":"T\u00fcdrukute \"Samet\" L\u00fchikesed P\u00fcksid - Slonny","isPartOf":{"@id":"https:\/\/slonny.com\/et\/#website"},"primaryImageOfPage":{"@id":"https:\/\/slonny.com\/et\/toode\/tudrukute-samet-luhikesed-puksid\/#primaryimage"},"image":{"@id":"https:\/\/slonny.com\/et\/toode\/tudrukute-samet-luhikesed-puksid\/#primaryimage"},"thumbnailUrl":"https:\/\/slonny.com\/wp-content\/uploads\/2023\/06\/tudrukute_samet_luhikesed_puksid_3_size-2048_600x900.jpg","datePublished":"2023-06-12T11:13:25+00:00","dateModified":"2023-12-04T19:27:45+00:00","breadcrumb":{"@id":"https:\/\/slonny.com\/et\/toode\/tudrukute-samet-luhikesed-puksid\/#breadcrumb"},"inLanguage":"et","potentialAction":[{"@type":"ReadAction","target":["https:\/\/slonny.com\/et\/toode\/tudrukute-samet-luhikesed-puksid\/"]}]},{"@type":"ImageObject","inLanguage":"et","@id":"https:\/\/slonny.com\/et\/toode\/tudrukute-samet-luhikesed-puksid\/#primaryimage","url":"https:\/\/slonny.com\/wp-content\/uploads\/2023\/06\/tudrukute_samet_luhikesed_puksid_3_size-2048_600x900.jpg","contentUrl":"https:\/\/slonny.com\/wp-content\/uploads\/2023\/06\/tudrukute_samet_luhikesed_puksid_3_size-2048_600x900.jpg","width":600,"height":900},{"@type":"BreadcrumbList","@id":"https:\/\/slonny.com\/et\/toode\/tudrukute-samet-luhikesed-puksid\/#breadcrumb","itemListElement":[{"@type":"ListItem","position":1,"name":"Avaleht","item":"https:\/\/slonny.com\/et\/"},{"@type":"ListItem","position":2,"name":"Pood","item":"https:\/\/slonny.com\/et\/pood\/"},{"@type":"ListItem","position":3,"name":"T\u00fcdrukute &#8220;Samet&#8221; L\u00fchikesed P\u00fcksid"}]},{"@type":"WebSite","@id":"https:\/\/slonny.com\/et\/#website","url":"https:\/\/slonny.com\/et\/","name":"Slonny","description":"","publisher":{"@id":"https:\/\/slonny.com\/et\/#organization"},"potentialAction":[{"@type":"SearchAction","target":{"@type":"EntryPoint","urlTemplate":"https:\/\/slonny.com\/et\/?s={search_term_string}"},"query-input":{"@type":"PropertyValueSpecification","valueRequired":true,"valueName":"search_term_string"}}],"inLanguage":"et"},{"@type":"Organization","@id":"https:\/\/slonny.com\/et\/#organization","name":"MISS VALENTINE O\u00dc","url":"https:\/\/slonny.com\/et\/","logo":{"@type":"ImageObject","inLanguage":"et","@id":"https:\/\/slonny.com\/et\/#\/schema\/logo\/image\/","url":"https:\/\/slonny.com\/wp-content\/uploads\/2023\/05\/logo.svg","contentUrl":"https:\/\/slonny.com\/wp-content\/uploads\/2023\/05\/logo.svg","width":1,"height":1,"caption":"MISS VALENTINE O\u00dc"},"image":{"@id":"https:\/\/slonny.com\/et\/#\/schema\/logo\/image\/"},"sameAs":["https:\/\/www.facebook.com\/www.slonny.ee","https:\/\/www.instagram.com\/slonny_clothing\/"]}]}},"_links":{"self":[{"href":"https:\/\/slonny.com\/et\/wp-json\/wp\/v2\/product\/2245","targetHints":{"allow":["GET"]}}],"collection":[{"href":"https:\/\/slonny.com\/et\/wp-json\/wp\/v2\/product"}],"about":[{"href":"https:\/\/slonny.com\/et\/wp-json\/wp\/v2\/types\/product"}],"replies":[{"embeddable":true,"href":"https:\/\/slonny.com\/et\/wp-json\/wp\/v2\/comments?post=2245"}],"version-history":[{"count":1,"href":"https:\/\/slonny.com\/et\/wp-json\/wp\/v2\/product\/2245\/revisions"}],"predecessor-version":[{"id":2268,"href":"https:\/\/slonny.com\/et\/wp-json\/wp\/v2\/product\/2245\/revisions\/2268"}],"wp:featuredmedia":[{"embeddable":true,"href":"https:\/\/slonny.com\/et\/wp-json\/wp\/v2\/media\/2260"}],"wp:attachment":[{"href":"https:\/\/slonny.com\/et\/wp-json\/wp\/v2\/media?parent=2245"}],"wp:term":[{"taxonomy":"product_cat","embeddable":true,"href":"https:\/\/slonny.com\/et\/wp-json\/wp\/v2\/product_cat?post=2245"},{"taxonomy":"product_tag","embeddable":true,"href":"https:\/\/slonny.com\/et\/wp-json\/wp\/v2\/product_tag?post=2245"}],"curies":[{"name":"wp","href":"https:\/\/api.w.org\/{rel}","templated":true}]}}