{"id":2307,"date":"2023-06-12T15:04:44","date_gmt":"2023-06-12T12:04:44","guid":{"rendered":"https:\/\/slonny.vdisain.dev\/?post_type=product&#038;p=2307"},"modified":"2023-12-04T22:22:43","modified_gmt":"2023-12-04T19:22:43","slug":"tudrukute-studio-puksid","status":"publish","type":"product","link":"https:\/\/slonny.com\/et\/toode\/tudrukute-studio-puksid\/","title":{"rendered":"T\u00fcdrukute Studio P\u00fcksid"},"content":{"rendered":"","protected":false},"excerpt":{"rendered":"<p>Need pikad, keskmise k\u00f5rgusega v\u00f6\u00f6koha ja\u00a0avarama l\u00f5ikega taskutega p\u00fcksid on ideaalsed nii treeningutel soojenduse tegemisel kui ka pikkadel v\u00f5islusreisidel kandmiseks. Studio p\u00fcksid on\u00a0valmistatud vabalt kukkuvast pehmest ja v\u00e4ga\u00a0kvaliteetsest \u00f5hemast pol\u00fcamiidkangast. P\u00fckstel on mansetiga \u00e4\u00e4ris. Sobivad kandmiseks nii siseruumides kui \u00f5ues.<\/p>\n<ul>\n<li>kvaliteetne, kerge, pehme ja veniv pol\u00fcamiidkangas<\/li>\n<li>73% pol\u00fcamiid ja 27% elastaan<\/li>\n<li>Pesemisjuhised: Masinpesu 40\u00b0C, mitte pleegitada, triikida ainult madalaimal temperatuuril<\/li>\n<\/ul>\n","protected":false},"featured_media":2318,"comment_status":"open","ping_status":"closed","template":"","meta":[],"product_cat":[165],"product_tag":[],"class_list":{"0":"post-2307","1":"product","2":"type-product","3":"status-publish","4":"has-post-thumbnail","6":"product_cat-puksid","8":"first","9":"instock","10":"shipping-taxable","11":"purchasable","12":"product-type-variable"},"yoast_head":"<!-- This site is optimized with the Yoast SEO plugin v27.4 - https:\/\/yoast.com\/product\/yoast-seo-wordpress\/ -->\n<title>T\u00fcdrukute Studio P\u00fcksid - Slonny<\/title>\n<meta name=\"robots\" content=\"index, follow, max-snippet:-1, max-image-preview:large, max-video-preview:-1\" \/>\n<link rel=\"canonical\" href=\"https:\/\/slonny.com\/et\/toode\/tudrukute-studio-puksid\/\" \/>\n<meta property=\"og:locale\" content=\"et_EE\" \/>\n<meta property=\"og:type\" content=\"article\" \/>\n<meta property=\"og:title\" content=\"T\u00fcdrukute Studio P\u00fcksid - Slonny\" \/>\n<meta property=\"og:description\" content=\"Need pikad, keskmise k\u00f5rgusega v\u00f6\u00f6koha ja\u00a0avarama l\u00f5ikega taskutega p\u00fcksid on ideaalsed nii treeningutel soojenduse tegemisel kui ka pikkadel v\u00f5islusreisidel kandmiseks. Studio p\u00fcksid on\u00a0valmistatud vabalt kukkuvast pehmest ja v\u00e4ga\u00a0kvaliteetsest \u00f5hemast pol\u00fcamiidkangast. P\u00fckstel on mansetiga \u00e4\u00e4ris. Sobivad kandmiseks nii siseruumides kui \u00f5ues.   kvaliteetne, kerge, pehme ja veniv pol\u00fcamiidkangas  73% pol\u00fcamiid ja 27% elastaan  Pesemisjuhised: Masinpesu 40\u00b0C, mitte pleegitada, triikida ainult madalaimal temperatuuril\" \/>\n<meta property=\"og:url\" content=\"https:\/\/slonny.com\/et\/toode\/tudrukute-studio-puksid\/\" \/>\n<meta property=\"og:site_name\" content=\"Slonny\" \/>\n<meta property=\"article:publisher\" content=\"https:\/\/www.facebook.com\/www.slonny.ee\" \/>\n<meta property=\"article:modified_time\" content=\"2023-12-04T19:22:43+00:00\" \/>\n<meta property=\"og:image\" content=\"https:\/\/slonny.com\/wp-content\/uploads\/2023\/06\/img0185_size-2048_1367x2048.jpg\" \/>\n\t<meta property=\"og:image:width\" content=\"1367\" \/>\n\t<meta property=\"og:image:height\" content=\"2048\" \/>\n\t<meta property=\"og:image:type\" content=\"image\/jpeg\" \/>\n<meta name=\"twitter:card\" content=\"summary_large_image\" \/>\n<script type=\"application\/ld+json\" class=\"yoast-schema-graph\">{\"@context\":\"https:\\\/\\\/schema.org\",\"@graph\":[{\"@type\":\"WebPage\",\"@id\":\"https:\\\/\\\/slonny.com\\\/et\\\/toode\\\/tudrukute-studio-puksid\\\/\",\"url\":\"https:\\\/\\\/slonny.com\\\/et\\\/toode\\\/tudrukute-studio-puksid\\\/\",\"name\":\"T\u00fcdrukute Studio P\u00fcksid - Slonny\",\"isPartOf\":{\"@id\":\"https:\\\/\\\/slonny.com\\\/et\\\/#website\"},\"primaryImageOfPage\":{\"@id\":\"https:\\\/\\\/slonny.com\\\/et\\\/toode\\\/tudrukute-studio-puksid\\\/#primaryimage\"},\"image\":{\"@id\":\"https:\\\/\\\/slonny.com\\\/et\\\/toode\\\/tudrukute-studio-puksid\\\/#primaryimage\"},\"thumbnailUrl\":\"https:\\\/\\\/slonny.com\\\/wp-content\\\/uploads\\\/2023\\\/06\\\/img0185_size-2048_1367x2048.jpg\",\"datePublished\":\"2023-06-12T12:04:44+00:00\",\"dateModified\":\"2023-12-04T19:22:43+00:00\",\"breadcrumb\":{\"@id\":\"https:\\\/\\\/slonny.com\\\/et\\\/toode\\\/tudrukute-studio-puksid\\\/#breadcrumb\"},\"inLanguage\":\"et\",\"potentialAction\":[{\"@type\":\"ReadAction\",\"target\":[\"https:\\\/\\\/slonny.com\\\/et\\\/toode\\\/tudrukute-studio-puksid\\\/\"]}]},{\"@type\":\"ImageObject\",\"inLanguage\":\"et\",\"@id\":\"https:\\\/\\\/slonny.com\\\/et\\\/toode\\\/tudrukute-studio-puksid\\\/#primaryimage\",\"url\":\"https:\\\/\\\/slonny.com\\\/wp-content\\\/uploads\\\/2023\\\/06\\\/img0185_size-2048_1367x2048.jpg\",\"contentUrl\":\"https:\\\/\\\/slonny.com\\\/wp-content\\\/uploads\\\/2023\\\/06\\\/img0185_size-2048_1367x2048.jpg\",\"width\":1367,\"height\":2048},{\"@type\":\"BreadcrumbList\",\"@id\":\"https:\\\/\\\/slonny.com\\\/et\\\/toode\\\/tudrukute-studio-puksid\\\/#breadcrumb\",\"itemListElement\":[{\"@type\":\"ListItem\",\"position\":1,\"name\":\"Avaleht\",\"item\":\"https:\\\/\\\/slonny.com\\\/et\\\/\"},{\"@type\":\"ListItem\",\"position\":2,\"name\":\"Pood\",\"item\":\"https:\\\/\\\/slonny.com\\\/et\\\/pood\\\/\"},{\"@type\":\"ListItem\",\"position\":3,\"name\":\"T\u00fcdrukute Studio P\u00fcksid\"}]},{\"@type\":\"WebSite\",\"@id\":\"https:\\\/\\\/slonny.com\\\/et\\\/#website\",\"url\":\"https:\\\/\\\/slonny.com\\\/et\\\/\",\"name\":\"Slonny\",\"description\":\"\",\"publisher\":{\"@id\":\"https:\\\/\\\/slonny.com\\\/et\\\/#organization\"},\"potentialAction\":[{\"@type\":\"SearchAction\",\"target\":{\"@type\":\"EntryPoint\",\"urlTemplate\":\"https:\\\/\\\/slonny.com\\\/et\\\/?s={search_term_string}\"},\"query-input\":{\"@type\":\"PropertyValueSpecification\",\"valueRequired\":true,\"valueName\":\"search_term_string\"}}],\"inLanguage\":\"et\"},{\"@type\":\"Organization\",\"@id\":\"https:\\\/\\\/slonny.com\\\/et\\\/#organization\",\"name\":\"MISS VALENTINE O\u00dc\",\"url\":\"https:\\\/\\\/slonny.com\\\/et\\\/\",\"logo\":{\"@type\":\"ImageObject\",\"inLanguage\":\"et\",\"@id\":\"https:\\\/\\\/slonny.com\\\/et\\\/#\\\/schema\\\/logo\\\/image\\\/\",\"url\":\"https:\\\/\\\/slonny.com\\\/wp-content\\\/uploads\\\/2023\\\/05\\\/logo.svg\",\"contentUrl\":\"https:\\\/\\\/slonny.com\\\/wp-content\\\/uploads\\\/2023\\\/05\\\/logo.svg\",\"width\":1,\"height\":1,\"caption\":\"MISS VALENTINE O\u00dc\"},\"image\":{\"@id\":\"https:\\\/\\\/slonny.com\\\/et\\\/#\\\/schema\\\/logo\\\/image\\\/\"},\"sameAs\":[\"https:\\\/\\\/www.facebook.com\\\/www.slonny.ee\",\"https:\\\/\\\/www.instagram.com\\\/slonny_clothing\\\/\"]}]}<\/script>\n<!-- \/ Yoast SEO plugin. -->","yoast_head_json":{"title":"T\u00fcdrukute Studio P\u00fcksid - Slonny","robots":{"index":"index","follow":"follow","max-snippet":"max-snippet:-1","max-image-preview":"max-image-preview:large","max-video-preview":"max-video-preview:-1"},"canonical":"https:\/\/slonny.com\/et\/toode\/tudrukute-studio-puksid\/","og_locale":"et_EE","og_type":"article","og_title":"T\u00fcdrukute Studio P\u00fcksid - Slonny","og_description":"Need pikad, keskmise k\u00f5rgusega v\u00f6\u00f6koha ja\u00a0avarama l\u00f5ikega taskutega p\u00fcksid on ideaalsed nii treeningutel soojenduse tegemisel kui ka pikkadel v\u00f5islusreisidel kandmiseks. Studio p\u00fcksid on\u00a0valmistatud vabalt kukkuvast pehmest ja v\u00e4ga\u00a0kvaliteetsest \u00f5hemast pol\u00fcamiidkangast. P\u00fckstel on mansetiga \u00e4\u00e4ris. Sobivad kandmiseks nii siseruumides kui \u00f5ues.   kvaliteetne, kerge, pehme ja veniv pol\u00fcamiidkangas  73% pol\u00fcamiid ja 27% elastaan  Pesemisjuhised: Masinpesu 40\u00b0C, mitte pleegitada, triikida ainult madalaimal temperatuuril","og_url":"https:\/\/slonny.com\/et\/toode\/tudrukute-studio-puksid\/","og_site_name":"Slonny","article_publisher":"https:\/\/www.facebook.com\/www.slonny.ee","article_modified_time":"2023-12-04T19:22:43+00:00","og_image":[{"width":1367,"height":2048,"url":"https:\/\/slonny.com\/wp-content\/uploads\/2023\/06\/img0185_size-2048_1367x2048.jpg","type":"image\/jpeg"}],"twitter_card":"summary_large_image","schema":{"@context":"https:\/\/schema.org","@graph":[{"@type":"WebPage","@id":"https:\/\/slonny.com\/et\/toode\/tudrukute-studio-puksid\/","url":"https:\/\/slonny.com\/et\/toode\/tudrukute-studio-puksid\/","name":"T\u00fcdrukute Studio P\u00fcksid - Slonny","isPartOf":{"@id":"https:\/\/slonny.com\/et\/#website"},"primaryImageOfPage":{"@id":"https:\/\/slonny.com\/et\/toode\/tudrukute-studio-puksid\/#primaryimage"},"image":{"@id":"https:\/\/slonny.com\/et\/toode\/tudrukute-studio-puksid\/#primaryimage"},"thumbnailUrl":"https:\/\/slonny.com\/wp-content\/uploads\/2023\/06\/img0185_size-2048_1367x2048.jpg","datePublished":"2023-06-12T12:04:44+00:00","dateModified":"2023-12-04T19:22:43+00:00","breadcrumb":{"@id":"https:\/\/slonny.com\/et\/toode\/tudrukute-studio-puksid\/#breadcrumb"},"inLanguage":"et","potentialAction":[{"@type":"ReadAction","target":["https:\/\/slonny.com\/et\/toode\/tudrukute-studio-puksid\/"]}]},{"@type":"ImageObject","inLanguage":"et","@id":"https:\/\/slonny.com\/et\/toode\/tudrukute-studio-puksid\/#primaryimage","url":"https:\/\/slonny.com\/wp-content\/uploads\/2023\/06\/img0185_size-2048_1367x2048.jpg","contentUrl":"https:\/\/slonny.com\/wp-content\/uploads\/2023\/06\/img0185_size-2048_1367x2048.jpg","width":1367,"height":2048},{"@type":"BreadcrumbList","@id":"https:\/\/slonny.com\/et\/toode\/tudrukute-studio-puksid\/#breadcrumb","itemListElement":[{"@type":"ListItem","position":1,"name":"Avaleht","item":"https:\/\/slonny.com\/et\/"},{"@type":"ListItem","position":2,"name":"Pood","item":"https:\/\/slonny.com\/et\/pood\/"},{"@type":"ListItem","position":3,"name":"T\u00fcdrukute Studio P\u00fcksid"}]},{"@type":"WebSite","@id":"https:\/\/slonny.com\/et\/#website","url":"https:\/\/slonny.com\/et\/","name":"Slonny","description":"","publisher":{"@id":"https:\/\/slonny.com\/et\/#organization"},"potentialAction":[{"@type":"SearchAction","target":{"@type":"EntryPoint","urlTemplate":"https:\/\/slonny.com\/et\/?s={search_term_string}"},"query-input":{"@type":"PropertyValueSpecification","valueRequired":true,"valueName":"search_term_string"}}],"inLanguage":"et"},{"@type":"Organization","@id":"https:\/\/slonny.com\/et\/#organization","name":"MISS VALENTINE O\u00dc","url":"https:\/\/slonny.com\/et\/","logo":{"@type":"ImageObject","inLanguage":"et","@id":"https:\/\/slonny.com\/et\/#\/schema\/logo\/image\/","url":"https:\/\/slonny.com\/wp-content\/uploads\/2023\/05\/logo.svg","contentUrl":"https:\/\/slonny.com\/wp-content\/uploads\/2023\/05\/logo.svg","width":1,"height":1,"caption":"MISS VALENTINE O\u00dc"},"image":{"@id":"https:\/\/slonny.com\/et\/#\/schema\/logo\/image\/"},"sameAs":["https:\/\/www.facebook.com\/www.slonny.ee","https:\/\/www.instagram.com\/slonny_clothing\/"]}]}},"_links":{"self":[{"href":"https:\/\/slonny.com\/et\/wp-json\/wp\/v2\/product\/2307","targetHints":{"allow":["GET"]}}],"collection":[{"href":"https:\/\/slonny.com\/et\/wp-json\/wp\/v2\/product"}],"about":[{"href":"https:\/\/slonny.com\/et\/wp-json\/wp\/v2\/types\/product"}],"replies":[{"embeddable":true,"href":"https:\/\/slonny.com\/et\/wp-json\/wp\/v2\/comments?post=2307"}],"version-history":[{"count":1,"href":"https:\/\/slonny.com\/et\/wp-json\/wp\/v2\/product\/2307\/revisions"}],"predecessor-version":[{"id":2328,"href":"https:\/\/slonny.com\/et\/wp-json\/wp\/v2\/product\/2307\/revisions\/2328"}],"wp:featuredmedia":[{"embeddable":true,"href":"https:\/\/slonny.com\/et\/wp-json\/wp\/v2\/media\/2318"}],"wp:attachment":[{"href":"https:\/\/slonny.com\/et\/wp-json\/wp\/v2\/media?parent=2307"}],"wp:term":[{"taxonomy":"product_cat","embeddable":true,"href":"https:\/\/slonny.com\/et\/wp-json\/wp\/v2\/product_cat?post=2307"},{"taxonomy":"product_tag","embeddable":true,"href":"https:\/\/slonny.com\/et\/wp-json\/wp\/v2\/product_tag?post=2307"}],"curies":[{"name":"wp","href":"https:\/\/api.w.org\/{rel}","templated":true}]}}