{"id":2351,"date":"2023-06-12T15:19:10","date_gmt":"2023-06-12T12:19:10","guid":{"rendered":"https:\/\/slonny.vdisain.dev\/?post_type=product&#038;p=2351"},"modified":"2024-04-19T18:42:54","modified_gmt":"2024-04-19T15:42:54","slug":"tudrukute-double-layer-shortsid","status":"publish","type":"product","link":"https:\/\/slonny.com\/et\/toode\/tudrukute-double-layer-shortsid\/","title":{"rendered":"T\u00fcdrukute Double Layer Shortsid"},"content":{"rendered":"","protected":false},"excerpt":{"rendered":"<p>Double Layer shortsid on\u00a0funktsionaalne r\u00f5ivaese mis laseb sul takistamatult k\u00f5iki painutusi sooritada. P\u00fcksid on\u00a0ideaalsed nii v\u00f5imlemis- kui jooksutrennide ajal kandmiseks. Toode on kahekihiline. Pealmine kiht on valmistatud vabalt kukkuvast pehmest\u00a0kvaliteetsest pol\u00fcamiidkangast. Alumine kiht on \u00f5mmeldud tihedalt\u00a0\u00fcmber keha istuvast mugavast ja h\u00e4sti venivast nailonkangast.<\/p>\n<p>Shortsid on musta v\u00e4rvi, sisemine kiht kas must v\u00f5i neoonroosa. V\u00e4rv viitab sisemisele kihile.<\/p>\n<ul>\n<li>Pealmine kiht:\u00a073% pol\u00fcamiid ja 27% elastaan<\/li>\n<li>Sisemine kiht:\u00a092% nailon ja 8% elastaan<\/li>\n<li>Pesemisjuhised: Masinpesu 30\u00b0C, mitte pleegitada ega triikida<\/li>\n<\/ul>\n","protected":false},"featured_media":2374,"comment_status":"open","ping_status":"closed","template":"","meta":[],"product_cat":[165],"product_tag":[],"class_list":{"0":"post-2351","1":"product","2":"type-product","3":"status-publish","4":"has-post-thumbnail","6":"product_cat-puksid","8":"first","9":"instock","10":"shipping-taxable","11":"purchasable","12":"product-type-variable"},"yoast_head":"<!-- This site is optimized with the Yoast SEO plugin v27.3 - https:\/\/yoast.com\/product\/yoast-seo-wordpress\/ -->\n<title>T\u00fcdrukute Double Layer Shortsid - Slonny<\/title>\n<meta name=\"robots\" content=\"index, follow, max-snippet:-1, max-image-preview:large, max-video-preview:-1\" \/>\n<link rel=\"canonical\" href=\"https:\/\/slonny.com\/et\/toode\/tudrukute-double-layer-shortsid\/\" \/>\n<meta property=\"og:locale\" content=\"et_EE\" \/>\n<meta property=\"og:type\" content=\"article\" \/>\n<meta property=\"og:title\" content=\"T\u00fcdrukute Double Layer Shortsid - Slonny\" \/>\n<meta property=\"og:description\" content=\"Double Layer shortsid on\u00a0funktsionaalne r\u00f5ivaese mis laseb sul takistamatult k\u00f5iki painutusi sooritada. P\u00fcksid on\u00a0ideaalsed nii v\u00f5imlemis- kui jooksutrennide ajal kandmiseks. Toode on kahekihiline. Pealmine kiht on valmistatud vabalt kukkuvast pehmest\u00a0kvaliteetsest pol\u00fcamiidkangast. Alumine kiht on \u00f5mmeldud tihedalt\u00a0\u00fcmber keha istuvast mugavast ja h\u00e4sti venivast nailonkangast.  Shortsid on musta v\u00e4rvi, sisemine kiht kas must v\u00f5i neoonroosa. V\u00e4rv viitab sisemisele kihile.   Pealmine kiht:\u00a073% pol\u00fcamiid ja 27% elastaan  Sisemine kiht:\u00a092% nailon ja 8% elastaan  Pesemisjuhised: Masinpesu 30\u00b0C, mitte pleegitada ega triikida\" \/>\n<meta property=\"og:url\" content=\"https:\/\/slonny.com\/et\/toode\/tudrukute-double-layer-shortsid\/\" \/>\n<meta property=\"og:site_name\" content=\"Slonny\" \/>\n<meta property=\"article:publisher\" content=\"https:\/\/www.facebook.com\/www.slonny.ee\" \/>\n<meta property=\"article:modified_time\" content=\"2024-04-19T15:42:54+00:00\" \/>\n<meta property=\"og:image\" content=\"https:\/\/slonny.com\/wp-content\/uploads\/2023\/06\/img0289_size-2048_1367x2048-1.jpg\" \/>\n\t<meta property=\"og:image:width\" content=\"1367\" \/>\n\t<meta property=\"og:image:height\" content=\"2048\" \/>\n\t<meta property=\"og:image:type\" content=\"image\/jpeg\" \/>\n<meta name=\"twitter:card\" content=\"summary_large_image\" \/>\n<meta name=\"twitter:label1\" content=\"Est. reading time\" \/>\n\t<meta name=\"twitter:data1\" content=\"1 minut\" \/>\n<script type=\"application\/ld+json\" class=\"yoast-schema-graph\">{\"@context\":\"https:\\\/\\\/schema.org\",\"@graph\":[{\"@type\":\"WebPage\",\"@id\":\"https:\\\/\\\/slonny.com\\\/et\\\/toode\\\/tudrukute-double-layer-shortsid\\\/\",\"url\":\"https:\\\/\\\/slonny.com\\\/et\\\/toode\\\/tudrukute-double-layer-shortsid\\\/\",\"name\":\"T\u00fcdrukute Double Layer Shortsid - Slonny\",\"isPartOf\":{\"@id\":\"https:\\\/\\\/slonny.com\\\/et\\\/#website\"},\"primaryImageOfPage\":{\"@id\":\"https:\\\/\\\/slonny.com\\\/et\\\/toode\\\/tudrukute-double-layer-shortsid\\\/#primaryimage\"},\"image\":{\"@id\":\"https:\\\/\\\/slonny.com\\\/et\\\/toode\\\/tudrukute-double-layer-shortsid\\\/#primaryimage\"},\"thumbnailUrl\":\"https:\\\/\\\/slonny.com\\\/wp-content\\\/uploads\\\/2023\\\/06\\\/img0289_size-2048_1367x2048-1.jpg\",\"datePublished\":\"2023-06-12T12:19:10+00:00\",\"dateModified\":\"2024-04-19T15:42:54+00:00\",\"breadcrumb\":{\"@id\":\"https:\\\/\\\/slonny.com\\\/et\\\/toode\\\/tudrukute-double-layer-shortsid\\\/#breadcrumb\"},\"inLanguage\":\"et\",\"potentialAction\":[{\"@type\":\"ReadAction\",\"target\":[\"https:\\\/\\\/slonny.com\\\/et\\\/toode\\\/tudrukute-double-layer-shortsid\\\/\"]}]},{\"@type\":\"ImageObject\",\"inLanguage\":\"et\",\"@id\":\"https:\\\/\\\/slonny.com\\\/et\\\/toode\\\/tudrukute-double-layer-shortsid\\\/#primaryimage\",\"url\":\"https:\\\/\\\/slonny.com\\\/wp-content\\\/uploads\\\/2023\\\/06\\\/img0289_size-2048_1367x2048-1.jpg\",\"contentUrl\":\"https:\\\/\\\/slonny.com\\\/wp-content\\\/uploads\\\/2023\\\/06\\\/img0289_size-2048_1367x2048-1.jpg\",\"width\":1367,\"height\":2048},{\"@type\":\"BreadcrumbList\",\"@id\":\"https:\\\/\\\/slonny.com\\\/et\\\/toode\\\/tudrukute-double-layer-shortsid\\\/#breadcrumb\",\"itemListElement\":[{\"@type\":\"ListItem\",\"position\":1,\"name\":\"Avaleht\",\"item\":\"https:\\\/\\\/slonny.com\\\/et\\\/\"},{\"@type\":\"ListItem\",\"position\":2,\"name\":\"Pood\",\"item\":\"https:\\\/\\\/slonny.com\\\/et\\\/pood\\\/\"},{\"@type\":\"ListItem\",\"position\":3,\"name\":\"T\u00fcdrukute Double Layer Shortsid\"}]},{\"@type\":\"WebSite\",\"@id\":\"https:\\\/\\\/slonny.com\\\/et\\\/#website\",\"url\":\"https:\\\/\\\/slonny.com\\\/et\\\/\",\"name\":\"Slonny\",\"description\":\"\",\"publisher\":{\"@id\":\"https:\\\/\\\/slonny.com\\\/et\\\/#organization\"},\"potentialAction\":[{\"@type\":\"SearchAction\",\"target\":{\"@type\":\"EntryPoint\",\"urlTemplate\":\"https:\\\/\\\/slonny.com\\\/et\\\/?s={search_term_string}\"},\"query-input\":{\"@type\":\"PropertyValueSpecification\",\"valueRequired\":true,\"valueName\":\"search_term_string\"}}],\"inLanguage\":\"et\"},{\"@type\":\"Organization\",\"@id\":\"https:\\\/\\\/slonny.com\\\/et\\\/#organization\",\"name\":\"MISS VALENTINE O\u00dc\",\"url\":\"https:\\\/\\\/slonny.com\\\/et\\\/\",\"logo\":{\"@type\":\"ImageObject\",\"inLanguage\":\"et\",\"@id\":\"https:\\\/\\\/slonny.com\\\/et\\\/#\\\/schema\\\/logo\\\/image\\\/\",\"url\":\"https:\\\/\\\/slonny.com\\\/wp-content\\\/uploads\\\/2023\\\/05\\\/logo.svg\",\"contentUrl\":\"https:\\\/\\\/slonny.com\\\/wp-content\\\/uploads\\\/2023\\\/05\\\/logo.svg\",\"width\":1,\"height\":1,\"caption\":\"MISS VALENTINE O\u00dc\"},\"image\":{\"@id\":\"https:\\\/\\\/slonny.com\\\/et\\\/#\\\/schema\\\/logo\\\/image\\\/\"},\"sameAs\":[\"https:\\\/\\\/www.facebook.com\\\/www.slonny.ee\",\"https:\\\/\\\/www.instagram.com\\\/slonny_clothing\\\/\"]}]}<\/script>\n<!-- \/ Yoast SEO plugin. -->","yoast_head_json":{"title":"T\u00fcdrukute Double Layer Shortsid - Slonny","robots":{"index":"index","follow":"follow","max-snippet":"max-snippet:-1","max-image-preview":"max-image-preview:large","max-video-preview":"max-video-preview:-1"},"canonical":"https:\/\/slonny.com\/et\/toode\/tudrukute-double-layer-shortsid\/","og_locale":"et_EE","og_type":"article","og_title":"T\u00fcdrukute Double Layer Shortsid - Slonny","og_description":"Double Layer shortsid on\u00a0funktsionaalne r\u00f5ivaese mis laseb sul takistamatult k\u00f5iki painutusi sooritada. P\u00fcksid on\u00a0ideaalsed nii v\u00f5imlemis- kui jooksutrennide ajal kandmiseks. Toode on kahekihiline. Pealmine kiht on valmistatud vabalt kukkuvast pehmest\u00a0kvaliteetsest pol\u00fcamiidkangast. Alumine kiht on \u00f5mmeldud tihedalt\u00a0\u00fcmber keha istuvast mugavast ja h\u00e4sti venivast nailonkangast.  Shortsid on musta v\u00e4rvi, sisemine kiht kas must v\u00f5i neoonroosa. V\u00e4rv viitab sisemisele kihile.   Pealmine kiht:\u00a073% pol\u00fcamiid ja 27% elastaan  Sisemine kiht:\u00a092% nailon ja 8% elastaan  Pesemisjuhised: Masinpesu 30\u00b0C, mitte pleegitada ega triikida","og_url":"https:\/\/slonny.com\/et\/toode\/tudrukute-double-layer-shortsid\/","og_site_name":"Slonny","article_publisher":"https:\/\/www.facebook.com\/www.slonny.ee","article_modified_time":"2024-04-19T15:42:54+00:00","og_image":[{"width":1367,"height":2048,"url":"https:\/\/slonny.com\/wp-content\/uploads\/2023\/06\/img0289_size-2048_1367x2048-1.jpg","type":"image\/jpeg"}],"twitter_card":"summary_large_image","twitter_misc":{"Est. reading time":"1 minut"},"schema":{"@context":"https:\/\/schema.org","@graph":[{"@type":"WebPage","@id":"https:\/\/slonny.com\/et\/toode\/tudrukute-double-layer-shortsid\/","url":"https:\/\/slonny.com\/et\/toode\/tudrukute-double-layer-shortsid\/","name":"T\u00fcdrukute Double Layer Shortsid - Slonny","isPartOf":{"@id":"https:\/\/slonny.com\/et\/#website"},"primaryImageOfPage":{"@id":"https:\/\/slonny.com\/et\/toode\/tudrukute-double-layer-shortsid\/#primaryimage"},"image":{"@id":"https:\/\/slonny.com\/et\/toode\/tudrukute-double-layer-shortsid\/#primaryimage"},"thumbnailUrl":"https:\/\/slonny.com\/wp-content\/uploads\/2023\/06\/img0289_size-2048_1367x2048-1.jpg","datePublished":"2023-06-12T12:19:10+00:00","dateModified":"2024-04-19T15:42:54+00:00","breadcrumb":{"@id":"https:\/\/slonny.com\/et\/toode\/tudrukute-double-layer-shortsid\/#breadcrumb"},"inLanguage":"et","potentialAction":[{"@type":"ReadAction","target":["https:\/\/slonny.com\/et\/toode\/tudrukute-double-layer-shortsid\/"]}]},{"@type":"ImageObject","inLanguage":"et","@id":"https:\/\/slonny.com\/et\/toode\/tudrukute-double-layer-shortsid\/#primaryimage","url":"https:\/\/slonny.com\/wp-content\/uploads\/2023\/06\/img0289_size-2048_1367x2048-1.jpg","contentUrl":"https:\/\/slonny.com\/wp-content\/uploads\/2023\/06\/img0289_size-2048_1367x2048-1.jpg","width":1367,"height":2048},{"@type":"BreadcrumbList","@id":"https:\/\/slonny.com\/et\/toode\/tudrukute-double-layer-shortsid\/#breadcrumb","itemListElement":[{"@type":"ListItem","position":1,"name":"Avaleht","item":"https:\/\/slonny.com\/et\/"},{"@type":"ListItem","position":2,"name":"Pood","item":"https:\/\/slonny.com\/et\/pood\/"},{"@type":"ListItem","position":3,"name":"T\u00fcdrukute Double Layer Shortsid"}]},{"@type":"WebSite","@id":"https:\/\/slonny.com\/et\/#website","url":"https:\/\/slonny.com\/et\/","name":"Slonny","description":"","publisher":{"@id":"https:\/\/slonny.com\/et\/#organization"},"potentialAction":[{"@type":"SearchAction","target":{"@type":"EntryPoint","urlTemplate":"https:\/\/slonny.com\/et\/?s={search_term_string}"},"query-input":{"@type":"PropertyValueSpecification","valueRequired":true,"valueName":"search_term_string"}}],"inLanguage":"et"},{"@type":"Organization","@id":"https:\/\/slonny.com\/et\/#organization","name":"MISS VALENTINE O\u00dc","url":"https:\/\/slonny.com\/et\/","logo":{"@type":"ImageObject","inLanguage":"et","@id":"https:\/\/slonny.com\/et\/#\/schema\/logo\/image\/","url":"https:\/\/slonny.com\/wp-content\/uploads\/2023\/05\/logo.svg","contentUrl":"https:\/\/slonny.com\/wp-content\/uploads\/2023\/05\/logo.svg","width":1,"height":1,"caption":"MISS VALENTINE O\u00dc"},"image":{"@id":"https:\/\/slonny.com\/et\/#\/schema\/logo\/image\/"},"sameAs":["https:\/\/www.facebook.com\/www.slonny.ee","https:\/\/www.instagram.com\/slonny_clothing\/"]}]}},"_links":{"self":[{"href":"https:\/\/slonny.com\/et\/wp-json\/wp\/v2\/product\/2351","targetHints":{"allow":["GET"]}}],"collection":[{"href":"https:\/\/slonny.com\/et\/wp-json\/wp\/v2\/product"}],"about":[{"href":"https:\/\/slonny.com\/et\/wp-json\/wp\/v2\/types\/product"}],"replies":[{"embeddable":true,"href":"https:\/\/slonny.com\/et\/wp-json\/wp\/v2\/comments?post=2351"}],"version-history":[{"count":1,"href":"https:\/\/slonny.com\/et\/wp-json\/wp\/v2\/product\/2351\/revisions"}],"predecessor-version":[{"id":2382,"href":"https:\/\/slonny.com\/et\/wp-json\/wp\/v2\/product\/2351\/revisions\/2382"}],"wp:featuredmedia":[{"embeddable":true,"href":"https:\/\/slonny.com\/et\/wp-json\/wp\/v2\/media\/2374"}],"wp:attachment":[{"href":"https:\/\/slonny.com\/et\/wp-json\/wp\/v2\/media?parent=2351"}],"wp:term":[{"taxonomy":"product_cat","embeddable":true,"href":"https:\/\/slonny.com\/et\/wp-json\/wp\/v2\/product_cat?post=2351"},{"taxonomy":"product_tag","embeddable":true,"href":"https:\/\/slonny.com\/et\/wp-json\/wp\/v2\/product_tag?post=2351"}],"curies":[{"name":"wp","href":"https:\/\/api.w.org\/{rel}","templated":true}]}}