{"id":2383,"date":"2023-06-12T15:24:29","date_gmt":"2023-06-12T12:24:29","guid":{"rendered":"https:\/\/slonny.vdisain.dev\/?post_type=product&#038;p=2383"},"modified":"2024-09-25T17:58:15","modified_gmt":"2024-09-25T14:58:15","slug":"slonny-rongakott","status":"publish","type":"product","link":"https:\/\/slonny.com\/et\/toode\/slonny-rongakott\/","title":{"rendered":"Slonny R\u00f5ngakott"},"content":{"rendered":"","protected":false},"excerpt":{"rendered":"<p>Slonny r\u00f5ngakoti valmistamisel kasutame n\u00e4gusat, paksemat ja h\u00e4sti venivat nailonit. R\u00f5ngakotile on tr\u00fckitud &#8220;Slonny&#8221; logo, veebiaadress ja slogan. See on praktiline ja kaunis kate sinu r\u00f5ngale!<\/p>\n<ul>\n<li>kvaliteetne veniv ja paksem nailonkangas<\/li>\n<li>92% nailon- 8% elastaan<\/li>\n<li>Pesemisjuhised: 30\u00b0C masinapesu, mitte pleegitada ega triikida.<\/li>\n<\/ul>\n","protected":false},"featured_media":2390,"comment_status":"open","ping_status":"closed","template":"","meta":[],"product_cat":[166],"product_tag":[],"class_list":{"0":"post-2383","1":"product","2":"type-product","3":"status-publish","4":"has-post-thumbnail","6":"product_cat-aksessuaarid","8":"first","9":"instock","10":"shipping-taxable","11":"purchasable","12":"product-type-variable"},"yoast_head":"<!-- This site is optimized with the Yoast SEO plugin v27.4 - https:\/\/yoast.com\/product\/yoast-seo-wordpress\/ -->\n<title>Slonny R\u00f5ngakott - Slonny<\/title>\n<meta name=\"robots\" content=\"index, follow, max-snippet:-1, max-image-preview:large, max-video-preview:-1\" \/>\n<link rel=\"canonical\" href=\"https:\/\/slonny.com\/et\/toode\/slonny-rongakott\/\" \/>\n<meta property=\"og:locale\" content=\"et_EE\" \/>\n<meta property=\"og:type\" content=\"article\" \/>\n<meta property=\"og:title\" content=\"Slonny R\u00f5ngakott - Slonny\" \/>\n<meta property=\"og:description\" content=\"Slonny r\u00f5ngakoti valmistamisel kasutame n\u00e4gusat, paksemat ja h\u00e4sti venivat nailonit. R\u00f5ngakotile on tr\u00fckitud &quot;Slonny&quot; logo, veebiaadress ja slogan. See on praktiline ja kaunis kate sinu r\u00f5ngale!   kvaliteetne veniv ja paksem nailonkangas  92% nailon- 8% elastaan  Pesemisjuhised: 30\u00b0C masinapesu, mitte pleegitada ega triikida.\" \/>\n<meta property=\"og:url\" content=\"https:\/\/slonny.com\/et\/toode\/slonny-rongakott\/\" \/>\n<meta property=\"og:site_name\" content=\"Slonny\" \/>\n<meta property=\"article:publisher\" content=\"https:\/\/www.facebook.com\/www.slonny.ee\" \/>\n<meta property=\"article:modified_time\" content=\"2024-09-25T14:58:15+00:00\" \/>\n<meta property=\"og:image\" content=\"https:\/\/slonny.com\/wp-content\/uploads\/2023\/06\/img0264_size-2048_2048x1367.jpg\" \/>\n\t<meta property=\"og:image:width\" content=\"2048\" \/>\n\t<meta property=\"og:image:height\" content=\"1367\" \/>\n\t<meta property=\"og:image:type\" content=\"image\/jpeg\" \/>\n<meta name=\"twitter:card\" content=\"summary_large_image\" \/>\n<meta name=\"twitter:label1\" content=\"Est. reading time\" \/>\n\t<meta name=\"twitter:data1\" content=\"1 minut\" \/>\n<script type=\"application\/ld+json\" class=\"yoast-schema-graph\">{\"@context\":\"https:\\\/\\\/schema.org\",\"@graph\":[{\"@type\":\"WebPage\",\"@id\":\"https:\\\/\\\/slonny.com\\\/et\\\/toode\\\/slonny-rongakott\\\/\",\"url\":\"https:\\\/\\\/slonny.com\\\/et\\\/toode\\\/slonny-rongakott\\\/\",\"name\":\"Slonny R\u00f5ngakott - Slonny\",\"isPartOf\":{\"@id\":\"https:\\\/\\\/slonny.com\\\/et\\\/#website\"},\"primaryImageOfPage\":{\"@id\":\"https:\\\/\\\/slonny.com\\\/et\\\/toode\\\/slonny-rongakott\\\/#primaryimage\"},\"image\":{\"@id\":\"https:\\\/\\\/slonny.com\\\/et\\\/toode\\\/slonny-rongakott\\\/#primaryimage\"},\"thumbnailUrl\":\"https:\\\/\\\/slonny.com\\\/wp-content\\\/uploads\\\/2023\\\/06\\\/img0264_size-2048_2048x1367.jpg\",\"datePublished\":\"2023-06-12T12:24:29+00:00\",\"dateModified\":\"2024-09-25T14:58:15+00:00\",\"breadcrumb\":{\"@id\":\"https:\\\/\\\/slonny.com\\\/et\\\/toode\\\/slonny-rongakott\\\/#breadcrumb\"},\"inLanguage\":\"et\",\"potentialAction\":[{\"@type\":\"ReadAction\",\"target\":[\"https:\\\/\\\/slonny.com\\\/et\\\/toode\\\/slonny-rongakott\\\/\"]}]},{\"@type\":\"ImageObject\",\"inLanguage\":\"et\",\"@id\":\"https:\\\/\\\/slonny.com\\\/et\\\/toode\\\/slonny-rongakott\\\/#primaryimage\",\"url\":\"https:\\\/\\\/slonny.com\\\/wp-content\\\/uploads\\\/2023\\\/06\\\/img0264_size-2048_2048x1367.jpg\",\"contentUrl\":\"https:\\\/\\\/slonny.com\\\/wp-content\\\/uploads\\\/2023\\\/06\\\/img0264_size-2048_2048x1367.jpg\",\"width\":2048,\"height\":1367},{\"@type\":\"BreadcrumbList\",\"@id\":\"https:\\\/\\\/slonny.com\\\/et\\\/toode\\\/slonny-rongakott\\\/#breadcrumb\",\"itemListElement\":[{\"@type\":\"ListItem\",\"position\":1,\"name\":\"Avaleht\",\"item\":\"https:\\\/\\\/slonny.com\\\/et\\\/\"},{\"@type\":\"ListItem\",\"position\":2,\"name\":\"Pood\",\"item\":\"https:\\\/\\\/slonny.com\\\/et\\\/pood\\\/\"},{\"@type\":\"ListItem\",\"position\":3,\"name\":\"Slonny R\u00f5ngakott\"}]},{\"@type\":\"WebSite\",\"@id\":\"https:\\\/\\\/slonny.com\\\/et\\\/#website\",\"url\":\"https:\\\/\\\/slonny.com\\\/et\\\/\",\"name\":\"Slonny\",\"description\":\"\",\"publisher\":{\"@id\":\"https:\\\/\\\/slonny.com\\\/et\\\/#organization\"},\"potentialAction\":[{\"@type\":\"SearchAction\",\"target\":{\"@type\":\"EntryPoint\",\"urlTemplate\":\"https:\\\/\\\/slonny.com\\\/et\\\/?s={search_term_string}\"},\"query-input\":{\"@type\":\"PropertyValueSpecification\",\"valueRequired\":true,\"valueName\":\"search_term_string\"}}],\"inLanguage\":\"et\"},{\"@type\":\"Organization\",\"@id\":\"https:\\\/\\\/slonny.com\\\/et\\\/#organization\",\"name\":\"MISS VALENTINE O\u00dc\",\"url\":\"https:\\\/\\\/slonny.com\\\/et\\\/\",\"logo\":{\"@type\":\"ImageObject\",\"inLanguage\":\"et\",\"@id\":\"https:\\\/\\\/slonny.com\\\/et\\\/#\\\/schema\\\/logo\\\/image\\\/\",\"url\":\"https:\\\/\\\/slonny.com\\\/wp-content\\\/uploads\\\/2023\\\/05\\\/logo.svg\",\"contentUrl\":\"https:\\\/\\\/slonny.com\\\/wp-content\\\/uploads\\\/2023\\\/05\\\/logo.svg\",\"width\":1,\"height\":1,\"caption\":\"MISS VALENTINE O\u00dc\"},\"image\":{\"@id\":\"https:\\\/\\\/slonny.com\\\/et\\\/#\\\/schema\\\/logo\\\/image\\\/\"},\"sameAs\":[\"https:\\\/\\\/www.facebook.com\\\/www.slonny.ee\",\"https:\\\/\\\/www.instagram.com\\\/slonny_clothing\\\/\"]}]}<\/script>\n<!-- \/ Yoast SEO plugin. -->","yoast_head_json":{"title":"Slonny R\u00f5ngakott - Slonny","robots":{"index":"index","follow":"follow","max-snippet":"max-snippet:-1","max-image-preview":"max-image-preview:large","max-video-preview":"max-video-preview:-1"},"canonical":"https:\/\/slonny.com\/et\/toode\/slonny-rongakott\/","og_locale":"et_EE","og_type":"article","og_title":"Slonny R\u00f5ngakott - Slonny","og_description":"Slonny r\u00f5ngakoti valmistamisel kasutame n\u00e4gusat, paksemat ja h\u00e4sti venivat nailonit. R\u00f5ngakotile on tr\u00fckitud \"Slonny\" logo, veebiaadress ja slogan. See on praktiline ja kaunis kate sinu r\u00f5ngale!   kvaliteetne veniv ja paksem nailonkangas  92% nailon- 8% elastaan  Pesemisjuhised: 30\u00b0C masinapesu, mitte pleegitada ega triikida.","og_url":"https:\/\/slonny.com\/et\/toode\/slonny-rongakott\/","og_site_name":"Slonny","article_publisher":"https:\/\/www.facebook.com\/www.slonny.ee","article_modified_time":"2024-09-25T14:58:15+00:00","og_image":[{"width":2048,"height":1367,"url":"https:\/\/slonny.com\/wp-content\/uploads\/2023\/06\/img0264_size-2048_2048x1367.jpg","type":"image\/jpeg"}],"twitter_card":"summary_large_image","twitter_misc":{"Est. reading time":"1 minut"},"schema":{"@context":"https:\/\/schema.org","@graph":[{"@type":"WebPage","@id":"https:\/\/slonny.com\/et\/toode\/slonny-rongakott\/","url":"https:\/\/slonny.com\/et\/toode\/slonny-rongakott\/","name":"Slonny R\u00f5ngakott - Slonny","isPartOf":{"@id":"https:\/\/slonny.com\/et\/#website"},"primaryImageOfPage":{"@id":"https:\/\/slonny.com\/et\/toode\/slonny-rongakott\/#primaryimage"},"image":{"@id":"https:\/\/slonny.com\/et\/toode\/slonny-rongakott\/#primaryimage"},"thumbnailUrl":"https:\/\/slonny.com\/wp-content\/uploads\/2023\/06\/img0264_size-2048_2048x1367.jpg","datePublished":"2023-06-12T12:24:29+00:00","dateModified":"2024-09-25T14:58:15+00:00","breadcrumb":{"@id":"https:\/\/slonny.com\/et\/toode\/slonny-rongakott\/#breadcrumb"},"inLanguage":"et","potentialAction":[{"@type":"ReadAction","target":["https:\/\/slonny.com\/et\/toode\/slonny-rongakott\/"]}]},{"@type":"ImageObject","inLanguage":"et","@id":"https:\/\/slonny.com\/et\/toode\/slonny-rongakott\/#primaryimage","url":"https:\/\/slonny.com\/wp-content\/uploads\/2023\/06\/img0264_size-2048_2048x1367.jpg","contentUrl":"https:\/\/slonny.com\/wp-content\/uploads\/2023\/06\/img0264_size-2048_2048x1367.jpg","width":2048,"height":1367},{"@type":"BreadcrumbList","@id":"https:\/\/slonny.com\/et\/toode\/slonny-rongakott\/#breadcrumb","itemListElement":[{"@type":"ListItem","position":1,"name":"Avaleht","item":"https:\/\/slonny.com\/et\/"},{"@type":"ListItem","position":2,"name":"Pood","item":"https:\/\/slonny.com\/et\/pood\/"},{"@type":"ListItem","position":3,"name":"Slonny R\u00f5ngakott"}]},{"@type":"WebSite","@id":"https:\/\/slonny.com\/et\/#website","url":"https:\/\/slonny.com\/et\/","name":"Slonny","description":"","publisher":{"@id":"https:\/\/slonny.com\/et\/#organization"},"potentialAction":[{"@type":"SearchAction","target":{"@type":"EntryPoint","urlTemplate":"https:\/\/slonny.com\/et\/?s={search_term_string}"},"query-input":{"@type":"PropertyValueSpecification","valueRequired":true,"valueName":"search_term_string"}}],"inLanguage":"et"},{"@type":"Organization","@id":"https:\/\/slonny.com\/et\/#organization","name":"MISS VALENTINE O\u00dc","url":"https:\/\/slonny.com\/et\/","logo":{"@type":"ImageObject","inLanguage":"et","@id":"https:\/\/slonny.com\/et\/#\/schema\/logo\/image\/","url":"https:\/\/slonny.com\/wp-content\/uploads\/2023\/05\/logo.svg","contentUrl":"https:\/\/slonny.com\/wp-content\/uploads\/2023\/05\/logo.svg","width":1,"height":1,"caption":"MISS VALENTINE O\u00dc"},"image":{"@id":"https:\/\/slonny.com\/et\/#\/schema\/logo\/image\/"},"sameAs":["https:\/\/www.facebook.com\/www.slonny.ee","https:\/\/www.instagram.com\/slonny_clothing\/"]}]}},"_links":{"self":[{"href":"https:\/\/slonny.com\/et\/wp-json\/wp\/v2\/product\/2383","targetHints":{"allow":["GET"]}}],"collection":[{"href":"https:\/\/slonny.com\/et\/wp-json\/wp\/v2\/product"}],"about":[{"href":"https:\/\/slonny.com\/et\/wp-json\/wp\/v2\/types\/product"}],"replies":[{"embeddable":true,"href":"https:\/\/slonny.com\/et\/wp-json\/wp\/v2\/comments?post=2383"}],"version-history":[{"count":1,"href":"https:\/\/slonny.com\/et\/wp-json\/wp\/v2\/product\/2383\/revisions"}],"predecessor-version":[{"id":2394,"href":"https:\/\/slonny.com\/et\/wp-json\/wp\/v2\/product\/2383\/revisions\/2394"}],"wp:featuredmedia":[{"embeddable":true,"href":"https:\/\/slonny.com\/et\/wp-json\/wp\/v2\/media\/2390"}],"wp:attachment":[{"href":"https:\/\/slonny.com\/et\/wp-json\/wp\/v2\/media?parent=2383"}],"wp:term":[{"taxonomy":"product_cat","embeddable":true,"href":"https:\/\/slonny.com\/et\/wp-json\/wp\/v2\/product_cat?post=2383"},{"taxonomy":"product_tag","embeddable":true,"href":"https:\/\/slonny.com\/et\/wp-json\/wp\/v2\/product_tag?post=2383"}],"curies":[{"name":"wp","href":"https:\/\/api.w.org\/{rel}","templated":true}]}}