{"id":2395,"date":"2023-06-12T15:57:07","date_gmt":"2023-06-12T12:57:07","guid":{"rendered":"https:\/\/slonny.vdisain.dev\/?post_type=product&#038;p=2395"},"modified":"2024-04-19T23:31:51","modified_gmt":"2024-04-19T20:31:51","slug":"slonny-cute-pallikott","status":"publish","type":"product","link":"https:\/\/slonny.com\/et\/toode\/slonny-cute-pallikott\/","title":{"rendered":"Slonny &#8220;Cute&#8221; Pallikott"},"content":{"rendered":"","protected":false},"excerpt":{"rendered":"<p>Slonny pallikott on t\u00f5eliselt armas aksessuaar. Kott on valmistatud paksemast sametist ja kaunistatud h\u00f5bedastest kristallidest &#8220;Slonny&#8221; logoga. Koti paelad on atlasest.<\/p>\n<ul>\n<li>kvaliteetne paksem, l\u00e4ikiv ja veniv samet<\/li>\n<li>90% nailon &#8211; 10% elastaan<\/li>\n<li>Pesemisjuhised:<\/li>\n<\/ul>\n<p>30\u00b0C masinpesu, kasuta \u00f5rnale pesule m\u00f5eldud pesuvahendit, pesta eraldi, mitte pleegitada ega triikida.\u00a0Soovitame samettooteid pesta pahupidi p\u00f6\u00f6ratuna ja \u00a0pesukotis juhul kui toodetel on kasutatud kristallidest kaunistusi. Palume uus toode enne kasutamist kindlasti korralikult l\u00e4bi pesta et v\u00e4hendada v\u00e4rviandvust! Kaks esimest pesukorda tuleb toodet pesta teistest riietest eraldi.<\/p>\n","protected":false},"featured_media":2396,"comment_status":"open","ping_status":"closed","template":"","meta":[],"product_cat":[166],"product_tag":[],"class_list":{"0":"post-2395","1":"product","2":"type-product","3":"status-publish","4":"has-post-thumbnail","6":"product_cat-aksessuaarid","8":"first","9":"instock","10":"shipping-taxable","11":"purchasable","12":"product-type-variable"},"yoast_head":"<!-- This site is optimized with the Yoast SEO plugin v27.4 - https:\/\/yoast.com\/product\/yoast-seo-wordpress\/ -->\n<title>Slonny &quot;Cute&quot; Pallikott - Slonny<\/title>\n<meta name=\"robots\" content=\"index, follow, max-snippet:-1, max-image-preview:large, max-video-preview:-1\" \/>\n<link rel=\"canonical\" href=\"https:\/\/slonny.com\/et\/toode\/slonny-cute-pallikott\/\" \/>\n<meta property=\"og:locale\" content=\"et_EE\" \/>\n<meta property=\"og:type\" content=\"article\" \/>\n<meta property=\"og:title\" content=\"Slonny &quot;Cute&quot; Pallikott - Slonny\" \/>\n<meta property=\"og:description\" content=\"Slonny pallikott on t\u00f5eliselt armas aksessuaar. Kott on valmistatud paksemast sametist ja kaunistatud h\u00f5bedastest kristallidest &quot;Slonny&quot; logoga. Koti paelad on atlasest.   kvaliteetne paksem, l\u00e4ikiv ja veniv samet  90% nailon - 10% elastaan  Pesemisjuhised:  30\u00b0C masinpesu, kasuta \u00f5rnale pesule m\u00f5eldud pesuvahendit, pesta eraldi, mitte pleegitada ega triikida.\u00a0Soovitame samettooteid pesta pahupidi p\u00f6\u00f6ratuna ja \u00a0pesukotis juhul kui toodetel on kasutatud kristallidest kaunistusi. Palume uus toode enne kasutamist kindlasti korralikult l\u00e4bi pesta et v\u00e4hendada v\u00e4rviandvust! Kaks esimest pesukorda tuleb toodet pesta teistest riietest eraldi.\" \/>\n<meta property=\"og:url\" content=\"https:\/\/slonny.com\/et\/toode\/slonny-cute-pallikott\/\" \/>\n<meta property=\"og:site_name\" content=\"Slonny\" \/>\n<meta property=\"article:publisher\" content=\"https:\/\/www.facebook.com\/www.slonny.ee\" \/>\n<meta property=\"article:modified_time\" content=\"2024-04-19T20:31:51+00:00\" \/>\n<meta property=\"og:image\" content=\"https:\/\/slonny.com\/wp-content\/uploads\/2023\/06\/pallikott_1_size-2048_600x900.jpg\" \/>\n\t<meta property=\"og:image:width\" content=\"600\" \/>\n\t<meta property=\"og:image:height\" content=\"900\" \/>\n\t<meta property=\"og:image:type\" content=\"image\/jpeg\" \/>\n<meta name=\"twitter:card\" content=\"summary_large_image\" \/>\n<meta name=\"twitter:label1\" content=\"Est. reading time\" \/>\n\t<meta name=\"twitter:data1\" content=\"1 minut\" \/>\n<script type=\"application\/ld+json\" class=\"yoast-schema-graph\">{\"@context\":\"https:\\\/\\\/schema.org\",\"@graph\":[{\"@type\":\"WebPage\",\"@id\":\"https:\\\/\\\/slonny.com\\\/et\\\/toode\\\/slonny-cute-pallikott\\\/\",\"url\":\"https:\\\/\\\/slonny.com\\\/et\\\/toode\\\/slonny-cute-pallikott\\\/\",\"name\":\"Slonny \\\"Cute\\\" Pallikott - Slonny\",\"isPartOf\":{\"@id\":\"https:\\\/\\\/slonny.com\\\/et\\\/#website\"},\"primaryImageOfPage\":{\"@id\":\"https:\\\/\\\/slonny.com\\\/et\\\/toode\\\/slonny-cute-pallikott\\\/#primaryimage\"},\"image\":{\"@id\":\"https:\\\/\\\/slonny.com\\\/et\\\/toode\\\/slonny-cute-pallikott\\\/#primaryimage\"},\"thumbnailUrl\":\"https:\\\/\\\/slonny.com\\\/wp-content\\\/uploads\\\/2023\\\/06\\\/pallikott_1_size-2048_600x900.jpg\",\"datePublished\":\"2023-06-12T12:57:07+00:00\",\"dateModified\":\"2024-04-19T20:31:51+00:00\",\"breadcrumb\":{\"@id\":\"https:\\\/\\\/slonny.com\\\/et\\\/toode\\\/slonny-cute-pallikott\\\/#breadcrumb\"},\"inLanguage\":\"et\",\"potentialAction\":[{\"@type\":\"ReadAction\",\"target\":[\"https:\\\/\\\/slonny.com\\\/et\\\/toode\\\/slonny-cute-pallikott\\\/\"]}]},{\"@type\":\"ImageObject\",\"inLanguage\":\"et\",\"@id\":\"https:\\\/\\\/slonny.com\\\/et\\\/toode\\\/slonny-cute-pallikott\\\/#primaryimage\",\"url\":\"https:\\\/\\\/slonny.com\\\/wp-content\\\/uploads\\\/2023\\\/06\\\/pallikott_1_size-2048_600x900.jpg\",\"contentUrl\":\"https:\\\/\\\/slonny.com\\\/wp-content\\\/uploads\\\/2023\\\/06\\\/pallikott_1_size-2048_600x900.jpg\",\"width\":600,\"height\":900},{\"@type\":\"BreadcrumbList\",\"@id\":\"https:\\\/\\\/slonny.com\\\/et\\\/toode\\\/slonny-cute-pallikott\\\/#breadcrumb\",\"itemListElement\":[{\"@type\":\"ListItem\",\"position\":1,\"name\":\"Avaleht\",\"item\":\"https:\\\/\\\/slonny.com\\\/et\\\/\"},{\"@type\":\"ListItem\",\"position\":2,\"name\":\"Pood\",\"item\":\"https:\\\/\\\/slonny.com\\\/et\\\/pood\\\/\"},{\"@type\":\"ListItem\",\"position\":3,\"name\":\"Slonny &#8220;Cute&#8221; Pallikott\"}]},{\"@type\":\"WebSite\",\"@id\":\"https:\\\/\\\/slonny.com\\\/et\\\/#website\",\"url\":\"https:\\\/\\\/slonny.com\\\/et\\\/\",\"name\":\"Slonny\",\"description\":\"\",\"publisher\":{\"@id\":\"https:\\\/\\\/slonny.com\\\/et\\\/#organization\"},\"potentialAction\":[{\"@type\":\"SearchAction\",\"target\":{\"@type\":\"EntryPoint\",\"urlTemplate\":\"https:\\\/\\\/slonny.com\\\/et\\\/?s={search_term_string}\"},\"query-input\":{\"@type\":\"PropertyValueSpecification\",\"valueRequired\":true,\"valueName\":\"search_term_string\"}}],\"inLanguage\":\"et\"},{\"@type\":\"Organization\",\"@id\":\"https:\\\/\\\/slonny.com\\\/et\\\/#organization\",\"name\":\"MISS VALENTINE O\u00dc\",\"url\":\"https:\\\/\\\/slonny.com\\\/et\\\/\",\"logo\":{\"@type\":\"ImageObject\",\"inLanguage\":\"et\",\"@id\":\"https:\\\/\\\/slonny.com\\\/et\\\/#\\\/schema\\\/logo\\\/image\\\/\",\"url\":\"https:\\\/\\\/slonny.com\\\/wp-content\\\/uploads\\\/2023\\\/05\\\/logo.svg\",\"contentUrl\":\"https:\\\/\\\/slonny.com\\\/wp-content\\\/uploads\\\/2023\\\/05\\\/logo.svg\",\"width\":1,\"height\":1,\"caption\":\"MISS VALENTINE O\u00dc\"},\"image\":{\"@id\":\"https:\\\/\\\/slonny.com\\\/et\\\/#\\\/schema\\\/logo\\\/image\\\/\"},\"sameAs\":[\"https:\\\/\\\/www.facebook.com\\\/www.slonny.ee\",\"https:\\\/\\\/www.instagram.com\\\/slonny_clothing\\\/\"]}]}<\/script>\n<!-- \/ Yoast SEO plugin. -->","yoast_head_json":{"title":"Slonny \"Cute\" Pallikott - Slonny","robots":{"index":"index","follow":"follow","max-snippet":"max-snippet:-1","max-image-preview":"max-image-preview:large","max-video-preview":"max-video-preview:-1"},"canonical":"https:\/\/slonny.com\/et\/toode\/slonny-cute-pallikott\/","og_locale":"et_EE","og_type":"article","og_title":"Slonny \"Cute\" Pallikott - Slonny","og_description":"Slonny pallikott on t\u00f5eliselt armas aksessuaar. Kott on valmistatud paksemast sametist ja kaunistatud h\u00f5bedastest kristallidest \"Slonny\" logoga. Koti paelad on atlasest.   kvaliteetne paksem, l\u00e4ikiv ja veniv samet  90% nailon - 10% elastaan  Pesemisjuhised:  30\u00b0C masinpesu, kasuta \u00f5rnale pesule m\u00f5eldud pesuvahendit, pesta eraldi, mitte pleegitada ega triikida.\u00a0Soovitame samettooteid pesta pahupidi p\u00f6\u00f6ratuna ja \u00a0pesukotis juhul kui toodetel on kasutatud kristallidest kaunistusi. Palume uus toode enne kasutamist kindlasti korralikult l\u00e4bi pesta et v\u00e4hendada v\u00e4rviandvust! Kaks esimest pesukorda tuleb toodet pesta teistest riietest eraldi.","og_url":"https:\/\/slonny.com\/et\/toode\/slonny-cute-pallikott\/","og_site_name":"Slonny","article_publisher":"https:\/\/www.facebook.com\/www.slonny.ee","article_modified_time":"2024-04-19T20:31:51+00:00","og_image":[{"width":600,"height":900,"url":"https:\/\/slonny.com\/wp-content\/uploads\/2023\/06\/pallikott_1_size-2048_600x900.jpg","type":"image\/jpeg"}],"twitter_card":"summary_large_image","twitter_misc":{"Est. reading time":"1 minut"},"schema":{"@context":"https:\/\/schema.org","@graph":[{"@type":"WebPage","@id":"https:\/\/slonny.com\/et\/toode\/slonny-cute-pallikott\/","url":"https:\/\/slonny.com\/et\/toode\/slonny-cute-pallikott\/","name":"Slonny \"Cute\" Pallikott - Slonny","isPartOf":{"@id":"https:\/\/slonny.com\/et\/#website"},"primaryImageOfPage":{"@id":"https:\/\/slonny.com\/et\/toode\/slonny-cute-pallikott\/#primaryimage"},"image":{"@id":"https:\/\/slonny.com\/et\/toode\/slonny-cute-pallikott\/#primaryimage"},"thumbnailUrl":"https:\/\/slonny.com\/wp-content\/uploads\/2023\/06\/pallikott_1_size-2048_600x900.jpg","datePublished":"2023-06-12T12:57:07+00:00","dateModified":"2024-04-19T20:31:51+00:00","breadcrumb":{"@id":"https:\/\/slonny.com\/et\/toode\/slonny-cute-pallikott\/#breadcrumb"},"inLanguage":"et","potentialAction":[{"@type":"ReadAction","target":["https:\/\/slonny.com\/et\/toode\/slonny-cute-pallikott\/"]}]},{"@type":"ImageObject","inLanguage":"et","@id":"https:\/\/slonny.com\/et\/toode\/slonny-cute-pallikott\/#primaryimage","url":"https:\/\/slonny.com\/wp-content\/uploads\/2023\/06\/pallikott_1_size-2048_600x900.jpg","contentUrl":"https:\/\/slonny.com\/wp-content\/uploads\/2023\/06\/pallikott_1_size-2048_600x900.jpg","width":600,"height":900},{"@type":"BreadcrumbList","@id":"https:\/\/slonny.com\/et\/toode\/slonny-cute-pallikott\/#breadcrumb","itemListElement":[{"@type":"ListItem","position":1,"name":"Avaleht","item":"https:\/\/slonny.com\/et\/"},{"@type":"ListItem","position":2,"name":"Pood","item":"https:\/\/slonny.com\/et\/pood\/"},{"@type":"ListItem","position":3,"name":"Slonny &#8220;Cute&#8221; Pallikott"}]},{"@type":"WebSite","@id":"https:\/\/slonny.com\/et\/#website","url":"https:\/\/slonny.com\/et\/","name":"Slonny","description":"","publisher":{"@id":"https:\/\/slonny.com\/et\/#organization"},"potentialAction":[{"@type":"SearchAction","target":{"@type":"EntryPoint","urlTemplate":"https:\/\/slonny.com\/et\/?s={search_term_string}"},"query-input":{"@type":"PropertyValueSpecification","valueRequired":true,"valueName":"search_term_string"}}],"inLanguage":"et"},{"@type":"Organization","@id":"https:\/\/slonny.com\/et\/#organization","name":"MISS VALENTINE O\u00dc","url":"https:\/\/slonny.com\/et\/","logo":{"@type":"ImageObject","inLanguage":"et","@id":"https:\/\/slonny.com\/et\/#\/schema\/logo\/image\/","url":"https:\/\/slonny.com\/wp-content\/uploads\/2023\/05\/logo.svg","contentUrl":"https:\/\/slonny.com\/wp-content\/uploads\/2023\/05\/logo.svg","width":1,"height":1,"caption":"MISS VALENTINE O\u00dc"},"image":{"@id":"https:\/\/slonny.com\/et\/#\/schema\/logo\/image\/"},"sameAs":["https:\/\/www.facebook.com\/www.slonny.ee","https:\/\/www.instagram.com\/slonny_clothing\/"]}]}},"_links":{"self":[{"href":"https:\/\/slonny.com\/et\/wp-json\/wp\/v2\/product\/2395","targetHints":{"allow":["GET"]}}],"collection":[{"href":"https:\/\/slonny.com\/et\/wp-json\/wp\/v2\/product"}],"about":[{"href":"https:\/\/slonny.com\/et\/wp-json\/wp\/v2\/types\/product"}],"replies":[{"embeddable":true,"href":"https:\/\/slonny.com\/et\/wp-json\/wp\/v2\/comments?post=2395"}],"version-history":[{"count":1,"href":"https:\/\/slonny.com\/et\/wp-json\/wp\/v2\/product\/2395\/revisions"}],"predecessor-version":[{"id":2411,"href":"https:\/\/slonny.com\/et\/wp-json\/wp\/v2\/product\/2395\/revisions\/2411"}],"wp:featuredmedia":[{"embeddable":true,"href":"https:\/\/slonny.com\/et\/wp-json\/wp\/v2\/media\/2396"}],"wp:attachment":[{"href":"https:\/\/slonny.com\/et\/wp-json\/wp\/v2\/media?parent=2395"}],"wp:term":[{"taxonomy":"product_cat","embeddable":true,"href":"https:\/\/slonny.com\/et\/wp-json\/wp\/v2\/product_cat?post=2395"},{"taxonomy":"product_tag","embeddable":true,"href":"https:\/\/slonny.com\/et\/wp-json\/wp\/v2\/product_tag?post=2395"}],"curies":[{"name":"wp","href":"https:\/\/api.w.org\/{rel}","templated":true}]}}