{"id":2421,"date":"2023-06-12T16:04:26","date_gmt":"2023-06-12T13:04:26","guid":{"rendered":"https:\/\/slonny.vdisain.dev\/?post_type=product&#038;p=2421"},"modified":"2025-01-21T14:15:05","modified_gmt":"2025-01-21T11:15:05","slug":"slonny-lindikerija","status":"publish","type":"product","link":"https:\/\/slonny.com\/et\/toode\/slonny-lindikerija\/","title":{"rendered":"Slonny Lindikerija"},"content":{"rendered":"","protected":false},"excerpt":{"rendered":"<p>Slonny lindikerija on valmistatud kvaliteetsest plastmassist. Lindikerija on matja l\u00e4bipaistva korpusega, n\u00e4gus ja kerge kasutada.<\/p>\n<p>Materjal: vin\u00fc\u00fcl-plastik<\/p>\n","protected":false},"featured_media":2422,"comment_status":"open","ping_status":"closed","template":"","meta":[],"product_cat":[166],"product_tag":[],"class_list":{"0":"post-2421","1":"product","2":"type-product","3":"status-publish","4":"has-post-thumbnail","6":"product_cat-aksessuaarid","8":"first","9":"instock","10":"shipping-taxable","11":"purchasable","12":"product-type-simple"},"yoast_head":"<!-- This site is optimized with the Yoast SEO plugin v27.4 - https:\/\/yoast.com\/product\/yoast-seo-wordpress\/ -->\n<title>Slonny Lindikerija - Slonny<\/title>\n<meta name=\"robots\" content=\"index, follow, max-snippet:-1, max-image-preview:large, max-video-preview:-1\" \/>\n<link rel=\"canonical\" href=\"https:\/\/slonny.com\/et\/toode\/slonny-lindikerija\/\" \/>\n<meta property=\"og:locale\" content=\"et_EE\" \/>\n<meta property=\"og:type\" content=\"article\" \/>\n<meta property=\"og:title\" content=\"Slonny Lindikerija - Slonny\" \/>\n<meta property=\"og:description\" content=\"Slonny lindikerija on valmistatud kvaliteetsest plastmassist. Lindikerija on matja l\u00e4bipaistva korpusega, n\u00e4gus ja kerge kasutada.  Materjal: vin\u00fc\u00fcl-plastik\" \/>\n<meta property=\"og:url\" content=\"https:\/\/slonny.com\/et\/toode\/slonny-lindikerija\/\" \/>\n<meta property=\"og:site_name\" content=\"Slonny\" \/>\n<meta property=\"article:publisher\" content=\"https:\/\/www.facebook.com\/www.slonny.ee\" \/>\n<meta property=\"article:modified_time\" content=\"2025-01-21T11:15:05+00:00\" \/>\n<meta property=\"og:image\" content=\"https:\/\/slonny.com\/wp-content\/uploads\/2023\/06\/lindikerija_1_size-2048_800x534.jpg\" \/>\n\t<meta property=\"og:image:width\" content=\"800\" \/>\n\t<meta property=\"og:image:height\" content=\"534\" \/>\n\t<meta property=\"og:image:type\" content=\"image\/jpeg\" \/>\n<meta name=\"twitter:card\" content=\"summary_large_image\" \/>\n<meta name=\"twitter:label1\" content=\"Est. reading time\" \/>\n\t<meta name=\"twitter:data1\" content=\"1 minut\" \/>\n<script type=\"application\/ld+json\" class=\"yoast-schema-graph\">{\"@context\":\"https:\\\/\\\/schema.org\",\"@graph\":[{\"@type\":\"WebPage\",\"@id\":\"https:\\\/\\\/slonny.com\\\/et\\\/toode\\\/slonny-lindikerija\\\/\",\"url\":\"https:\\\/\\\/slonny.com\\\/et\\\/toode\\\/slonny-lindikerija\\\/\",\"name\":\"Slonny Lindikerija - Slonny\",\"isPartOf\":{\"@id\":\"https:\\\/\\\/slonny.com\\\/et\\\/#website\"},\"primaryImageOfPage\":{\"@id\":\"https:\\\/\\\/slonny.com\\\/et\\\/toode\\\/slonny-lindikerija\\\/#primaryimage\"},\"image\":{\"@id\":\"https:\\\/\\\/slonny.com\\\/et\\\/toode\\\/slonny-lindikerija\\\/#primaryimage\"},\"thumbnailUrl\":\"https:\\\/\\\/slonny.com\\\/wp-content\\\/uploads\\\/2023\\\/06\\\/lindikerija_1_size-2048_800x534.jpg\",\"datePublished\":\"2023-06-12T13:04:26+00:00\",\"dateModified\":\"2025-01-21T11:15:05+00:00\",\"breadcrumb\":{\"@id\":\"https:\\\/\\\/slonny.com\\\/et\\\/toode\\\/slonny-lindikerija\\\/#breadcrumb\"},\"inLanguage\":\"et\",\"potentialAction\":[{\"@type\":\"ReadAction\",\"target\":[\"https:\\\/\\\/slonny.com\\\/et\\\/toode\\\/slonny-lindikerija\\\/\"]}]},{\"@type\":\"ImageObject\",\"inLanguage\":\"et\",\"@id\":\"https:\\\/\\\/slonny.com\\\/et\\\/toode\\\/slonny-lindikerija\\\/#primaryimage\",\"url\":\"https:\\\/\\\/slonny.com\\\/wp-content\\\/uploads\\\/2023\\\/06\\\/lindikerija_1_size-2048_800x534.jpg\",\"contentUrl\":\"https:\\\/\\\/slonny.com\\\/wp-content\\\/uploads\\\/2023\\\/06\\\/lindikerija_1_size-2048_800x534.jpg\",\"width\":800,\"height\":534},{\"@type\":\"BreadcrumbList\",\"@id\":\"https:\\\/\\\/slonny.com\\\/et\\\/toode\\\/slonny-lindikerija\\\/#breadcrumb\",\"itemListElement\":[{\"@type\":\"ListItem\",\"position\":1,\"name\":\"Avaleht\",\"item\":\"https:\\\/\\\/slonny.com\\\/et\\\/\"},{\"@type\":\"ListItem\",\"position\":2,\"name\":\"Pood\",\"item\":\"https:\\\/\\\/slonny.com\\\/et\\\/pood\\\/\"},{\"@type\":\"ListItem\",\"position\":3,\"name\":\"Slonny Lindikerija\"}]},{\"@type\":\"WebSite\",\"@id\":\"https:\\\/\\\/slonny.com\\\/et\\\/#website\",\"url\":\"https:\\\/\\\/slonny.com\\\/et\\\/\",\"name\":\"Slonny\",\"description\":\"\",\"publisher\":{\"@id\":\"https:\\\/\\\/slonny.com\\\/et\\\/#organization\"},\"potentialAction\":[{\"@type\":\"SearchAction\",\"target\":{\"@type\":\"EntryPoint\",\"urlTemplate\":\"https:\\\/\\\/slonny.com\\\/et\\\/?s={search_term_string}\"},\"query-input\":{\"@type\":\"PropertyValueSpecification\",\"valueRequired\":true,\"valueName\":\"search_term_string\"}}],\"inLanguage\":\"et\"},{\"@type\":\"Organization\",\"@id\":\"https:\\\/\\\/slonny.com\\\/et\\\/#organization\",\"name\":\"MISS VALENTINE O\u00dc\",\"url\":\"https:\\\/\\\/slonny.com\\\/et\\\/\",\"logo\":{\"@type\":\"ImageObject\",\"inLanguage\":\"et\",\"@id\":\"https:\\\/\\\/slonny.com\\\/et\\\/#\\\/schema\\\/logo\\\/image\\\/\",\"url\":\"https:\\\/\\\/slonny.com\\\/wp-content\\\/uploads\\\/2023\\\/05\\\/logo.svg\",\"contentUrl\":\"https:\\\/\\\/slonny.com\\\/wp-content\\\/uploads\\\/2023\\\/05\\\/logo.svg\",\"width\":1,\"height\":1,\"caption\":\"MISS VALENTINE O\u00dc\"},\"image\":{\"@id\":\"https:\\\/\\\/slonny.com\\\/et\\\/#\\\/schema\\\/logo\\\/image\\\/\"},\"sameAs\":[\"https:\\\/\\\/www.facebook.com\\\/www.slonny.ee\",\"https:\\\/\\\/www.instagram.com\\\/slonny_clothing\\\/\"]}]}<\/script>\n<!-- \/ Yoast SEO plugin. -->","yoast_head_json":{"title":"Slonny Lindikerija - Slonny","robots":{"index":"index","follow":"follow","max-snippet":"max-snippet:-1","max-image-preview":"max-image-preview:large","max-video-preview":"max-video-preview:-1"},"canonical":"https:\/\/slonny.com\/et\/toode\/slonny-lindikerija\/","og_locale":"et_EE","og_type":"article","og_title":"Slonny Lindikerija - Slonny","og_description":"Slonny lindikerija on valmistatud kvaliteetsest plastmassist. Lindikerija on matja l\u00e4bipaistva korpusega, n\u00e4gus ja kerge kasutada.  Materjal: vin\u00fc\u00fcl-plastik","og_url":"https:\/\/slonny.com\/et\/toode\/slonny-lindikerija\/","og_site_name":"Slonny","article_publisher":"https:\/\/www.facebook.com\/www.slonny.ee","article_modified_time":"2025-01-21T11:15:05+00:00","og_image":[{"width":800,"height":534,"url":"https:\/\/slonny.com\/wp-content\/uploads\/2023\/06\/lindikerija_1_size-2048_800x534.jpg","type":"image\/jpeg"}],"twitter_card":"summary_large_image","twitter_misc":{"Est. reading time":"1 minut"},"schema":{"@context":"https:\/\/schema.org","@graph":[{"@type":"WebPage","@id":"https:\/\/slonny.com\/et\/toode\/slonny-lindikerija\/","url":"https:\/\/slonny.com\/et\/toode\/slonny-lindikerija\/","name":"Slonny Lindikerija - Slonny","isPartOf":{"@id":"https:\/\/slonny.com\/et\/#website"},"primaryImageOfPage":{"@id":"https:\/\/slonny.com\/et\/toode\/slonny-lindikerija\/#primaryimage"},"image":{"@id":"https:\/\/slonny.com\/et\/toode\/slonny-lindikerija\/#primaryimage"},"thumbnailUrl":"https:\/\/slonny.com\/wp-content\/uploads\/2023\/06\/lindikerija_1_size-2048_800x534.jpg","datePublished":"2023-06-12T13:04:26+00:00","dateModified":"2025-01-21T11:15:05+00:00","breadcrumb":{"@id":"https:\/\/slonny.com\/et\/toode\/slonny-lindikerija\/#breadcrumb"},"inLanguage":"et","potentialAction":[{"@type":"ReadAction","target":["https:\/\/slonny.com\/et\/toode\/slonny-lindikerija\/"]}]},{"@type":"ImageObject","inLanguage":"et","@id":"https:\/\/slonny.com\/et\/toode\/slonny-lindikerija\/#primaryimage","url":"https:\/\/slonny.com\/wp-content\/uploads\/2023\/06\/lindikerija_1_size-2048_800x534.jpg","contentUrl":"https:\/\/slonny.com\/wp-content\/uploads\/2023\/06\/lindikerija_1_size-2048_800x534.jpg","width":800,"height":534},{"@type":"BreadcrumbList","@id":"https:\/\/slonny.com\/et\/toode\/slonny-lindikerija\/#breadcrumb","itemListElement":[{"@type":"ListItem","position":1,"name":"Avaleht","item":"https:\/\/slonny.com\/et\/"},{"@type":"ListItem","position":2,"name":"Pood","item":"https:\/\/slonny.com\/et\/pood\/"},{"@type":"ListItem","position":3,"name":"Slonny Lindikerija"}]},{"@type":"WebSite","@id":"https:\/\/slonny.com\/et\/#website","url":"https:\/\/slonny.com\/et\/","name":"Slonny","description":"","publisher":{"@id":"https:\/\/slonny.com\/et\/#organization"},"potentialAction":[{"@type":"SearchAction","target":{"@type":"EntryPoint","urlTemplate":"https:\/\/slonny.com\/et\/?s={search_term_string}"},"query-input":{"@type":"PropertyValueSpecification","valueRequired":true,"valueName":"search_term_string"}}],"inLanguage":"et"},{"@type":"Organization","@id":"https:\/\/slonny.com\/et\/#organization","name":"MISS VALENTINE O\u00dc","url":"https:\/\/slonny.com\/et\/","logo":{"@type":"ImageObject","inLanguage":"et","@id":"https:\/\/slonny.com\/et\/#\/schema\/logo\/image\/","url":"https:\/\/slonny.com\/wp-content\/uploads\/2023\/05\/logo.svg","contentUrl":"https:\/\/slonny.com\/wp-content\/uploads\/2023\/05\/logo.svg","width":1,"height":1,"caption":"MISS VALENTINE O\u00dc"},"image":{"@id":"https:\/\/slonny.com\/et\/#\/schema\/logo\/image\/"},"sameAs":["https:\/\/www.facebook.com\/www.slonny.ee","https:\/\/www.instagram.com\/slonny_clothing\/"]}]}},"_links":{"self":[{"href":"https:\/\/slonny.com\/et\/wp-json\/wp\/v2\/product\/2421","targetHints":{"allow":["GET"]}}],"collection":[{"href":"https:\/\/slonny.com\/et\/wp-json\/wp\/v2\/product"}],"about":[{"href":"https:\/\/slonny.com\/et\/wp-json\/wp\/v2\/types\/product"}],"replies":[{"embeddable":true,"href":"https:\/\/slonny.com\/et\/wp-json\/wp\/v2\/comments?post=2421"}],"version-history":[{"count":1,"href":"https:\/\/slonny.com\/et\/wp-json\/wp\/v2\/product\/2421\/revisions"}],"predecessor-version":[{"id":2432,"href":"https:\/\/slonny.com\/et\/wp-json\/wp\/v2\/product\/2421\/revisions\/2432"}],"wp:featuredmedia":[{"embeddable":true,"href":"https:\/\/slonny.com\/et\/wp-json\/wp\/v2\/media\/2422"}],"wp:attachment":[{"href":"https:\/\/slonny.com\/et\/wp-json\/wp\/v2\/media?parent=2421"}],"wp:term":[{"taxonomy":"product_cat","embeddable":true,"href":"https:\/\/slonny.com\/et\/wp-json\/wp\/v2\/product_cat?post=2421"},{"taxonomy":"product_tag","embeddable":true,"href":"https:\/\/slonny.com\/et\/wp-json\/wp\/v2\/product_tag?post=2421"}],"curies":[{"name":"wp","href":"https:\/\/api.w.org\/{rel}","templated":true}]}}